{"id":1278,"date":"2022-07-11T15:16:27","date_gmt":"2022-07-11T15:16:27","guid":{"rendered":"https:\/\/sorsa.es\/?page_id=1278"},"modified":"2025-04-25T14:58:38","modified_gmt":"2025-04-25T14:58:38","slug":"sectors","status":"publish","type":"page","link":"https:\/\/sorsa.es\/en\/sectores\/","title":{"rendered":"Sectors"},"content":{"rendered":"<div data-elementor-type=\"wp-page\" data-elementor-id=\"1278\" class=\"elementor elementor-1278\" data-elementor-post-type=\"page\">\n\t\t\t\t<div class=\"elementor-element elementor-element-a32dddd e-flex e-con-boxed e-con e-parent\" data-id=\"a32dddd\" data-element_type=\"container\" data-e-type=\"container\" data-settings=\"{&quot;background_background&quot;:&quot;classic&quot;}\">\n\t\t\t\t\t<div class=\"e-con-inner\">\n\t\t\t\t<div class=\"elementor-element elementor-element-3b45102 elementor-widget elementor-widget-theme-post-title elementor-page-title elementor-widget-heading\" data-id=\"3b45102\" data-element_type=\"widget\" data-e-type=\"widget\" data-widget_type=\"theme-post-title.default\">\n\t\t\t\t<div class=\"elementor-widget-container\">\n\t\t\t\t\t<h1 class=\"elementor-heading-title elementor-size-default\">Sectors<\/h1>\t\t\t\t<\/div>\n\t\t\t\t<\/div>\n\t\t\t\t\t<\/div>\n\t\t\t\t<\/div>\n\t\t<div class=\"elementor-element elementor-element-6d70e77 e-flex e-con-boxed e-con e-parent\" data-id=\"6d70e77\" data-element_type=\"container\" data-e-type=\"container\">\n\t\t\t\t\t<div class=\"e-con-inner\">\n\t\t\t\t<div class=\"elementor-element elementor-element-2e3c12b elementor-invisible elementor-widget elementor-widget-text-editor\" data-id=\"2e3c12b\" data-element_type=\"widget\" data-e-type=\"widget\" data-settings=\"{&quot;_animation&quot;:&quot;fadeInRight&quot;}\" data-widget_type=\"text-editor.default\">\n\t\t\t\t<div class=\"elementor-widget-container\">\n\t\t\t\t\t\t\t\t\t<p style=\"font-weight: 400;\">As a global supplier of automatic strapping systems, our portfolio of technical solutions goes far beyond our range of strapping machine models.<\/p><p style=\"font-weight: 400;\">Thanks to our many years of experience, this advantage enables us to offer you integrated systems that meet all requirements in the various market segments in a concrete and reliable manner.<\/p><p style=\"font-weight: 400;\">From light applications in securing aluminum ingots, metal containers, fodder bales, corrugated cardboard or sawn timber to the most demanding applications such as strapping hot rolled steel coils, SORSA offers you personalized advice with experts in your application that will help you to optimally define any need or improvement project you have in mind.<\/p>\t\t\t\t\t\t\t\t<\/div>\n\t\t\t\t<\/div>\n\t\t\t\t\t<\/div>\n\t\t\t\t<\/div>\n\t\t<div class=\"elementor-element elementor-element-e7cf5b8 e-con-full e-flex e-con e-parent\" data-id=\"e7cf5b8\" data-element_type=\"container\" data-e-type=\"container\" data-settings=\"{&quot;background_background&quot;:&quot;classic&quot;}\">\n\t\t\t\t<div class=\"elementor-element elementor-element-2635bff bdt-filter-backdrop elementor-widget elementor-widget-jet-listing-grid\" data-id=\"2635bff\" data-element_type=\"widget\" data-e-type=\"widget\" data-settings=\"{&quot;columns&quot;:3,&quot;columns_tablet&quot;:&quot;2&quot;,&quot;columns_mobile&quot;:&quot;1&quot;}\" data-widget_type=\"jet-listing-grid.default\">\n\t\t\t\t<div class=\"elementor-widget-container\">\n\t\t\t\t\t<div class=\"jet-listing-grid jet-listing-grid--lazy-load jet-listing jet-listing-grid-loading\" data-lazy-load=\"{&quot;offset&quot;:&quot;0px&quot;,&quot;post_id&quot;:1278,&quot;queried_id&quot;:&quot;1278|WP_Post&quot;}\"><div class=\"jet-listing-grid__loader\"><div class=\"jet-listing-grid__loader-spinner\"><\/div><\/div><\/div>\t\t\t\t<\/div>\n\t\t\t\t<\/div>\n\t\t\t\t<\/div>\n\t\t<div class=\"elementor-element elementor-element-b0af629 elementor-hidden-tablet elementor-hidden-mobile e-flex e-con-boxed e-con e-parent\" data-id=\"b0af629\" data-element_type=\"container\" data-e-type=\"container\" data-settings=\"{&quot;background_background&quot;:&quot;classic&quot;}\">\n\t\t\t\t\t<div class=\"e-con-inner\">\n\t\t\t\t\t<\/div>\n\t\t\t\t<\/div>\n\t\t\t\t<\/div>","protected":false},"excerpt":{"rendered":"<p>Como proveedor global en sistemas de flejado autom\u00e1tico, nuestro portafolio de soluciones t\u00e9cnicas va mucho m\u00e1s all\u00e1 de solamente nuestro abanico de modelos de flejadoras. Gracias a una dilatada experiencia acumulada, esta ventaja nos permite ofrecerle sistemas integrados que satisfagan de forma concreta y confiable cualquier necesidad en los diferentes segmentos de mercado. Desde aplicaciones [&hellip;]<\/p>\n","protected":false},"author":1,"featured_media":1069,"parent":0,"menu_order":0,"comment_status":"closed","ping_status":"closed","template":"elementor_header_footer","meta":{"footnotes":""},"class_list":["post-1278","page","type-page","status-publish","has-post-thumbnail","hentry"],"yoast_head":"<!-- This site is optimized with the Yoast SEO plugin v27.2 - https:\/\/yoast.com\/product\/yoast-seo-wordpress\/ -->\n<title>sorsa fleje y flejadoras para todos los sectores -<\/title>\n<meta name=\"description\" content=\"En Sorsa somos fabricantes de fleje y flejadoras para todos los sectores. Soluciones en flajado de acero, textil poliester o polipropileno.\" \/>\n<meta name=\"robots\" content=\"index, follow, max-snippet:-1, max-image-preview:large, max-video-preview:-1\" \/>\n<link rel=\"canonical\" href=\"https:\/\/sorsa.es\/en\/sectors\/\" \/>\n<meta property=\"og:locale\" content=\"en_US\" \/>\n<meta property=\"og:type\" content=\"article\" \/>\n<meta property=\"og:title\" content=\"sorsa fleje y flejadoras para todos los sectores -\" \/>\n<meta property=\"og:description\" content=\"En Sorsa somos fabricantes de fleje y flejadoras para todos los sectores. Soluciones en flajado de acero, textil poliester o polipropileno.\" \/>\n<meta property=\"og:url\" content=\"https:\/\/sorsa.es\/en\/sectors\/\" \/>\n<meta property=\"article:modified_time\" content=\"2025-04-25T14:58:38+00:00\" \/>\n<meta property=\"og:image\" content=\"https:\/\/sorsa.es\/wp-content\/uploads\/2022\/07\/Prensa-balas.jpg\" \/>\n\t<meta property=\"og:image:width\" content=\"1200\" \/>\n\t<meta property=\"og:image:height\" content=\"801\" \/>\n\t<meta property=\"og:image:type\" content=\"image\/jpeg\" \/>\n<meta name=\"twitter:card\" content=\"summary_large_image\" \/>\n<meta name=\"twitter:label1\" content=\"Est. reading time\" \/>\n\t<meta name=\"twitter:data1\" content=\"1 minute\" \/>\n<script type=\"application\/ld+json\" class=\"yoast-schema-graph\">{\"@context\":\"https:\/\/schema.org\",\"@graph\":[{\"@type\":\"WebPage\",\"@id\":\"https:\/\/sorsa.es\/sectores\/\",\"url\":\"https:\/\/sorsa.es\/sectores\/\",\"name\":\"sorsa fleje y flejadoras para todos los sectores -\",\"isPartOf\":{\"@id\":\"https:\/\/sorsa.es\/fr\/#website\"},\"primaryImageOfPage\":{\"@id\":\"https:\/\/sorsa.es\/sectores\/#primaryimage\"},\"image\":{\"@id\":\"https:\/\/sorsa.es\/sectores\/#primaryimage\"},\"thumbnailUrl\":\"https:\/\/sorsa.es\/wp-content\/uploads\/2022\/07\/Prensa-balas.jpg\",\"datePublished\":\"2022-07-11T15:16:27+00:00\",\"dateModified\":\"2025-04-25T14:58:38+00:00\",\"description\":\"En Sorsa somos fabricantes de fleje y flejadoras para todos los sectores. Soluciones en flajado de acero, textil poliester o polipropileno.\",\"breadcrumb\":{\"@id\":\"https:\/\/sorsa.es\/sectores\/#breadcrumb\"},\"inLanguage\":\"en-US\",\"potentialAction\":[{\"@type\":\"ReadAction\",\"target\":[\"https:\/\/sorsa.es\/sectores\/\"]}]},{\"@type\":\"ImageObject\",\"inLanguage\":\"en-US\",\"@id\":\"https:\/\/sorsa.es\/sectores\/#primaryimage\",\"url\":\"https:\/\/sorsa.es\/wp-content\/uploads\/2022\/07\/Prensa-balas.jpg\",\"contentUrl\":\"https:\/\/sorsa.es\/wp-content\/uploads\/2022\/07\/Prensa-balas.jpg\",\"width\":1200,\"height\":801,\"caption\":\"Sorsa, prensa-balas\"},{\"@type\":\"BreadcrumbList\",\"@id\":\"https:\/\/sorsa.es\/sectores\/#breadcrumb\",\"itemListElement\":[{\"@type\":\"ListItem\",\"position\":1,\"name\":\"Portada\",\"item\":\"https:\/\/sorsa.es\/\"},{\"@type\":\"ListItem\",\"position\":2,\"name\":\"Sectores\"}]},{\"@type\":\"WebSite\",\"@id\":\"https:\/\/sorsa.es\/fr\/#website\",\"url\":\"https:\/\/sorsa.es\/fr\/\",\"name\":\"sorsa.es\",\"description\":\"\",\"publisher\":{\"@id\":\"https:\/\/sorsa.es\/fr\/#organization\"},\"potentialAction\":[{\"@type\":\"SearchAction\",\"target\":{\"@type\":\"EntryPoint\",\"urlTemplate\":\"https:\/\/sorsa.es\/fr\/?s={search_term_string}\"},\"query-input\":{\"@type\":\"PropertyValueSpecification\",\"valueRequired\":true,\"valueName\":\"search_term_string\"}}],\"inLanguage\":\"en-US\"},{\"@type\":\"Organization\",\"@id\":\"https:\/\/sorsa.es\/fr\/#organization\",\"name\":\"Sistemas de Embalaje Sorsa\",\"url\":\"https:\/\/sorsa.es\/fr\/\",\"logo\":{\"@type\":\"ImageObject\",\"inLanguage\":\"en-US\",\"@id\":\"https:\/\/sorsa.es\/fr\/#\/schema\/logo\/image\/\",\"url\":\"https:\/\/sorsa.es\/wp-content\/uploads\/2022\/06\/logo-sorsa-1.png\",\"contentUrl\":\"https:\/\/sorsa.es\/wp-content\/uploads\/2022\/06\/logo-sorsa-1.png\",\"width\":385,\"height\":85,\"caption\":\"Sistemas de Embalaje Sorsa\"},\"image\":{\"@id\":\"https:\/\/sorsa.es\/fr\/#\/schema\/logo\/image\/\"},\"sameAs\":[\"https:\/\/es.linkedin.com\/company\/sistemas-de-embalaje-sorsa-s-a-\"]}]}<\/script>\n<!-- \/ Yoast SEO plugin. -->","yoast_head_json":{"title":"sorsa strapping and strapping machines for all the sectors -","description":"In Sorsa we are manufacturers of strapping and strapping machines for all sectors. Solutions in steel, polyester textile or polypropylene strapping.","robots":{"index":"index","follow":"follow","max-snippet":"max-snippet:-1","max-image-preview":"max-image-preview:large","max-video-preview":"max-video-preview:-1"},"canonical":"https:\/\/sorsa.es\/en\/sectors\/","og_locale":"en_US","og_type":"article","og_title":"sorsa fleje y flejadoras para todos los sectores -","og_description":"En Sorsa somos fabricantes de fleje y flejadoras para todos los sectores. Soluciones en flajado de acero, textil poliester o polipropileno.","og_url":"https:\/\/sorsa.es\/en\/sectors\/","article_modified_time":"2025-04-25T14:58:38+00:00","og_image":[{"width":1200,"height":801,"url":"https:\/\/sorsa.es\/wp-content\/uploads\/2022\/07\/Prensa-balas.jpg","type":"image\/jpeg"}],"twitter_card":"summary_large_image","twitter_misc":{"Est. reading time":"1 minute"},"schema":{"@context":"https:\/\/schema.org","@graph":[{"@type":"WebPage","@id":"https:\/\/sorsa.es\/sectores\/","url":"https:\/\/sorsa.es\/sectores\/","name":"sorsa strapping and strapping machines for all the sectors -","isPartOf":{"@id":"https:\/\/sorsa.es\/fr\/#website"},"primaryImageOfPage":{"@id":"https:\/\/sorsa.es\/sectores\/#primaryimage"},"image":{"@id":"https:\/\/sorsa.es\/sectores\/#primaryimage"},"thumbnailUrl":"https:\/\/sorsa.es\/wp-content\/uploads\/2022\/07\/Prensa-balas.jpg","datePublished":"2022-07-11T15:16:27+00:00","dateModified":"2025-04-25T14:58:38+00:00","description":"In Sorsa we are manufacturers of strapping and strapping machines for all sectors. Solutions in steel, polyester textile or polypropylene strapping.","breadcrumb":{"@id":"https:\/\/sorsa.es\/sectores\/#breadcrumb"},"inLanguage":"en-US","potentialAction":[{"@type":"ReadAction","target":["https:\/\/sorsa.es\/sectores\/"]}]},{"@type":"ImageObject","inLanguage":"en-US","@id":"https:\/\/sorsa.es\/sectores\/#primaryimage","url":"https:\/\/sorsa.es\/wp-content\/uploads\/2022\/07\/Prensa-balas.jpg","contentUrl":"https:\/\/sorsa.es\/wp-content\/uploads\/2022\/07\/Prensa-balas.jpg","width":1200,"height":801,"caption":"Sorsa, prensa-balas"},{"@type":"BreadcrumbList","@id":"https:\/\/sorsa.es\/sectores\/#breadcrumb","itemListElement":[{"@type":"ListItem","position":1,"name":"Portada","item":"https:\/\/sorsa.es\/"},{"@type":"ListItem","position":2,"name":"Sectores"}]},{"@type":"WebSite","@id":"https:\/\/sorsa.es\/fr\/#website","url":"https:\/\/sorsa.es\/fr\/","name":"sorsa.es","description":"","publisher":{"@id":"https:\/\/sorsa.es\/fr\/#organization"},"potentialAction":[{"@type":"SearchAction","target":{"@type":"EntryPoint","urlTemplate":"https:\/\/sorsa.es\/fr\/?s={search_term_string}"},"query-input":{"@type":"PropertyValueSpecification","valueRequired":true,"valueName":"search_term_string"}}],"inLanguage":"en-US"},{"@type":"Organization","@id":"https:\/\/sorsa.es\/fr\/#organization","name":"Sorsa Packaging Systems","url":"https:\/\/sorsa.es\/fr\/","logo":{"@type":"ImageObject","inLanguage":"en-US","@id":"https:\/\/sorsa.es\/fr\/#\/schema\/logo\/image\/","url":"https:\/\/sorsa.es\/wp-content\/uploads\/2022\/06\/logo-sorsa-1.png","contentUrl":"https:\/\/sorsa.es\/wp-content\/uploads\/2022\/06\/logo-sorsa-1.png","width":385,"height":85,"caption":"Sistemas de Embalaje Sorsa"},"image":{"@id":"https:\/\/sorsa.es\/fr\/#\/schema\/logo\/image\/"},"sameAs":["https:\/\/es.linkedin.com\/company\/sistemas-de-embalaje-sorsa-s-a-"]}]}},"_links":{"self":[{"href":"https:\/\/sorsa.es\/en\/wp-json\/wp\/v2\/pages\/1278","targetHints":{"allow":["GET"]}}],"collection":[{"href":"https:\/\/sorsa.es\/en\/wp-json\/wp\/v2\/pages"}],"about":[{"href":"https:\/\/sorsa.es\/en\/wp-json\/wp\/v2\/types\/page"}],"author":[{"embeddable":true,"href":"https:\/\/sorsa.es\/en\/wp-json\/wp\/v2\/users\/1"}],"replies":[{"embeddable":true,"href":"https:\/\/sorsa.es\/en\/wp-json\/wp\/v2\/comments?post=1278"}],"version-history":[{"count":4,"href":"https:\/\/sorsa.es\/en\/wp-json\/wp\/v2\/pages\/1278\/revisions"}],"predecessor-version":[{"id":6614,"href":"https:\/\/sorsa.es\/en\/wp-json\/wp\/v2\/pages\/1278\/revisions\/6614"}],"wp:featuredmedia":[{"embeddable":true,"href":"https:\/\/sorsa.es\/en\/wp-json\/wp\/v2\/media\/1069"}],"wp:attachment":[{"href":"https:\/\/sorsa.es\/en\/wp-json\/wp\/v2\/media?parent=1278"}],"curies":[{"name":"wp","href":"https:\/\/api.w.org\/{rel}","templated":true}]}}