{"id":4545,"date":"2024-06-20T07:15:20","date_gmt":"2024-06-20T07:15:20","guid":{"rendered":"https:\/\/sorsa.es\/?page_id=4545"},"modified":"2026-01-14T16:10:39","modified_gmt":"2026-01-14T16:10:39","slug":"news","status":"publish","type":"page","link":"https:\/\/sorsa.es\/en\/noticias\/","title":{"rendered":"News"},"content":{"rendered":"<div data-elementor-type=\"wp-page\" data-elementor-id=\"4545\" class=\"elementor elementor-4545\" data-elementor-post-type=\"page\">\n\t\t\t\t<div class=\"elementor-element elementor-element-b1daba0 e-flex e-con-boxed e-con e-parent\" data-id=\"b1daba0\" data-element_type=\"container\" data-e-type=\"container\" data-settings=\"{&quot;background_background&quot;:&quot;classic&quot;}\">\n\t\t\t\t\t<div class=\"e-con-inner\">\n\t\t\t\t<div class=\"elementor-element elementor-element-d75ab61 elementor-widget elementor-widget-theme-post-title elementor-page-title elementor-widget-heading\" data-id=\"d75ab61\" data-element_type=\"widget\" data-e-type=\"widget\" data-widget_type=\"theme-post-title.default\">\n\t\t\t\t<div class=\"elementor-widget-container\">\n\t\t\t\t\t<h1 class=\"elementor-heading-title elementor-size-default\">News<\/h1>\t\t\t\t<\/div>\n\t\t\t\t<\/div>\n\t\t\t\t\t<\/div>\n\t\t\t\t<\/div>\n\t\t<div class=\"elementor-element elementor-element-757acaf elementor-hidden-tablet elementor-hidden-mobile e-flex e-con-boxed e-con e-parent\" data-id=\"757acaf\" data-element_type=\"container\" data-e-type=\"container\" data-settings=\"{&quot;background_background&quot;:&quot;classic&quot;}\">\n\t\t\t\t\t<div class=\"e-con-inner\">\n\t\t\t\t<div class=\"elementor-element elementor-element-d924cdd elementor-grid-1 elementor-posts--thumbnail-left elementor-posts--align-left elementor-grid-tablet-1 elementor-grid-mobile-1 elementor-widget elementor-widget-posts\" data-id=\"d924cdd\" data-element_type=\"widget\" data-e-type=\"widget\" data-settings=\"{&quot;classic_columns&quot;:&quot;1&quot;,&quot;classic_columns_tablet&quot;:&quot;1&quot;,&quot;classic_columns_mobile&quot;:&quot;1&quot;,&quot;classic_row_gap&quot;:{&quot;unit&quot;:&quot;px&quot;,&quot;size&quot;:35,&quot;sizes&quot;:[]},&quot;classic_row_gap_tablet&quot;:{&quot;unit&quot;:&quot;px&quot;,&quot;size&quot;:&quot;&quot;,&quot;sizes&quot;:[]},&quot;classic_row_gap_mobile&quot;:{&quot;unit&quot;:&quot;px&quot;,&quot;size&quot;:&quot;&quot;,&quot;sizes&quot;:[]}}\" data-widget_type=\"posts.classic\">\n\t\t\t\t<div class=\"elementor-widget-container\">\n\t\t\t\t\t\t\t<div class=\"elementor-posts-container elementor-posts elementor-posts--skin-classic elementor-grid\" role=\"list\">\n\t\t\t\t<article class=\"elementor-post elementor-grid-item post-7071 post type-post status-publish format-standard has-post-thumbnail hentry category-uncategorized tag-destacada\" role=\"listitem\">\n\t\t\t\t<a class=\"elementor-post__thumbnail__link\" href=\"https:\/\/sorsa.es\/en\/sorsa-confirma-su-participacion-en-interpack-2026-innovacion-y-solvencia-en-el-final-de-linea\/\" tabindex=\"-1\" >\n\t\t\t<div class=\"elementor-post__thumbnail\"><img fetchpriority=\"high\" decoding=\"async\" width=\"709\" height=\"473\" src=\"https:\/\/sorsa.es\/wp-content\/uploads\/2026\/04\/interpack3.jpg\" class=\"attachment-full size-full wp-image-7074\" alt=\"SORSA&#039;s stand at the Interpack D\u00fcsseldorf 2026 trade fair: automatic strapping systems.\" srcset=\"https:\/\/sorsa.es\/wp-content\/uploads\/2026\/04\/interpack3.jpg 709w, https:\/\/sorsa.es\/wp-content\/uploads\/2026\/04\/interpack3-300x200.jpg 300w, https:\/\/sorsa.es\/wp-content\/uploads\/2026\/04\/interpack3-18x12.jpg 18w\" sizes=\"(max-width: 709px) 100vw, 709px\" \/><\/div>\n\t\t<\/a>\n\t\t\t\t<div class=\"elementor-post__text\">\n\t\t\t\t<h3 class=\"elementor-post__title\">\n\t\t\t<a href=\"https:\/\/sorsa.es\/en\/sorsa-confirma-su-participacion-en-interpack-2026-innovacion-y-solvencia-en-el-final-de-linea\/\" >\n\t\t\t\tSORSA confirms its participation in Interpack 2026: Innovation and solvency at the end of the line\t\t\t<\/a>\n\t\t<\/h3>\n\t\t\t\t<div class=\"elementor-post__excerpt\">\n\t\t\t<p>The countdown to Interpack 2026 has officially begun. As leaders in the packaging industry, we are pleased to announce that next week SORSA will be in D\u00fcsseldorf, Germany, showcasing our latest innovations in Hall 12, Stand 12E29. Our participation in this international event is not just a<\/p>\n\t\t<\/div>\n\t\t\n\t\t<a class=\"elementor-post__read-more\" href=\"https:\/\/sorsa.es\/en\/sorsa-confirma-su-participacion-en-interpack-2026-innovacion-y-solvencia-en-el-final-de-linea\/\" aria-label=\"Read more about SORSA confirma su participaci\u00f3n en Interpack 2026: Innovaci\u00f3n y solvencia en el final de l\u00ednea\" tabindex=\"-1\" >\n\t\t\tRead more \"\t\t<\/a>\n\n\t\t\t\t<\/div>\n\t\t\t\t<\/article>\n\t\t\t\t<\/div>\n\t\t\n\t\t\t\t\t\t<\/div>\n\t\t\t\t<\/div>\n\t\t\t\t\t<\/div>\n\t\t\t\t<\/div>\n\t\t<div class=\"elementor-element elementor-element-5cd0367 elementor-hidden-desktop e-flex e-con-boxed e-con e-parent\" data-id=\"5cd0367\" data-element_type=\"container\" data-e-type=\"container\" data-settings=\"{&quot;background_background&quot;:&quot;classic&quot;}\">\n\t\t\t\t\t<div class=\"e-con-inner\">\n\t\t\t\t<div class=\"elementor-element elementor-element-3472f1e elementor-grid-1 elementor-posts--align-center elementor-grid-tablet-1 elementor-grid-mobile-1 elementor-posts--thumbnail-top elementor-widget elementor-widget-posts\" data-id=\"3472f1e\" data-element_type=\"widget\" data-e-type=\"widget\" data-settings=\"{&quot;classic_columns&quot;:&quot;1&quot;,&quot;classic_columns_tablet&quot;:&quot;1&quot;,&quot;classic_columns_mobile&quot;:&quot;1&quot;,&quot;classic_row_gap&quot;:{&quot;unit&quot;:&quot;px&quot;,&quot;size&quot;:35,&quot;sizes&quot;:[]},&quot;classic_row_gap_tablet&quot;:{&quot;unit&quot;:&quot;px&quot;,&quot;size&quot;:&quot;&quot;,&quot;sizes&quot;:[]},&quot;classic_row_gap_mobile&quot;:{&quot;unit&quot;:&quot;px&quot;,&quot;size&quot;:&quot;&quot;,&quot;sizes&quot;:[]}}\" data-widget_type=\"posts.classic\">\n\t\t\t\t<div class=\"elementor-widget-container\">\n\t\t\t\t\t\t\t<div class=\"elementor-posts-container elementor-posts elementor-posts--skin-classic elementor-grid\" role=\"list\">\n\t\t\t\t<article class=\"elementor-post elementor-grid-item post-7071 post type-post status-publish format-standard has-post-thumbnail hentry category-uncategorized tag-destacada\" role=\"listitem\">\n\t\t\t\t<a class=\"elementor-post__thumbnail__link\" href=\"https:\/\/sorsa.es\/en\/sorsa-confirma-su-participacion-en-interpack-2026-innovacion-y-solvencia-en-el-final-de-linea\/\" tabindex=\"-1\" >\n\t\t\t<div class=\"elementor-post__thumbnail\"><img decoding=\"async\" width=\"709\" height=\"473\" src=\"https:\/\/sorsa.es\/wp-content\/uploads\/2026\/04\/interpack3.jpg\" class=\"attachment-large size-large wp-image-7074\" alt=\"SORSA&#039;s stand at the Interpack D\u00fcsseldorf 2026 trade fair: automatic strapping systems.\" srcset=\"https:\/\/sorsa.es\/wp-content\/uploads\/2026\/04\/interpack3.jpg 709w, https:\/\/sorsa.es\/wp-content\/uploads\/2026\/04\/interpack3-300x200.jpg 300w, https:\/\/sorsa.es\/wp-content\/uploads\/2026\/04\/interpack3-18x12.jpg 18w\" sizes=\"(max-width: 709px) 100vw, 709px\" \/><\/div>\n\t\t<\/a>\n\t\t\t\t<div class=\"elementor-post__text\">\n\t\t\t\t<h3 class=\"elementor-post__title\">\n\t\t\t<a href=\"https:\/\/sorsa.es\/en\/sorsa-confirma-su-participacion-en-interpack-2026-innovacion-y-solvencia-en-el-final-de-linea\/\" >\n\t\t\t\tSORSA confirms its participation in Interpack 2026: Innovation and solvency at the end of the line\t\t\t<\/a>\n\t\t<\/h3>\n\t\t\t\t<div class=\"elementor-post__excerpt\">\n\t\t\t<p>The countdown to Interpack 2026 has officially begun. As leaders in the packaging industry, we are pleased to announce that next week SORSA will be in D\u00fcsseldorf, Germany, showcasing our latest innovations in Hall 12, Stand 12E29. Our participation in this international event is not just a<\/p>\n\t\t<\/div>\n\t\t\n\t\t<a class=\"elementor-post__read-more\" href=\"https:\/\/sorsa.es\/en\/sorsa-confirma-su-participacion-en-interpack-2026-innovacion-y-solvencia-en-el-final-de-linea\/\" aria-label=\"Read more about SORSA confirma su participaci\u00f3n en Interpack 2026: Innovaci\u00f3n y solvencia en el final de l\u00ednea\" tabindex=\"-1\" >\n\t\t\tRead more \"\t\t<\/a>\n\n\t\t\t\t<\/div>\n\t\t\t\t<\/article>\n\t\t\t\t<\/div>\n\t\t\n\t\t\t\t\t\t<\/div>\n\t\t\t\t<\/div>\n\t\t\t\t\t<\/div>\n\t\t\t\t<\/div>\n\t\t<div class=\"elementor-element elementor-element-79820ff e-con-full e-flex e-con e-parent\" data-id=\"79820ff\" data-element_type=\"container\" data-e-type=\"container\" data-settings=\"{&quot;background_background&quot;:&quot;classic&quot;}\">\n\t\t\t\t<div class=\"elementor-element elementor-element-9566bfc animated-slow elementor-invisible elementor-widget elementor-widget-jet-listing-grid\" data-id=\"9566bfc\" data-element_type=\"widget\" data-e-type=\"widget\" data-settings=\"{&quot;_animation&quot;:&quot;fadeIn&quot;,&quot;_animation_delay&quot;:1000,&quot;columns&quot;:&quot;3&quot;,&quot;columns_tablet&quot;:&quot;2&quot;,&quot;columns_mobile&quot;:&quot;1&quot;}\" data-widget_type=\"jet-listing-grid.default\">\n\t\t\t\t<div class=\"elementor-widget-container\">\n\t\t\t\t\t<div class=\"jet-listing-grid jet-listing-grid--lazy-load jet-listing jet-listing-grid-loading\" data-lazy-load=\"{&quot;offset&quot;:&quot;0px&quot;,&quot;post_id&quot;:4545,&quot;queried_id&quot;:&quot;7071|WP_Post&quot;}\"><div class=\"jet-listing-grid__loader\"><div class=\"jet-listing-grid__loader-spinner\"><\/div><\/div><\/div>\t\t\t\t<\/div>\n\t\t\t\t<\/div>\n\t\t\t\t<\/div>\n\t\t\t\t<\/div>","protected":false},"excerpt":{"rendered":"","protected":false},"author":1,"featured_media":0,"parent":0,"menu_order":0,"comment_status":"closed","ping_status":"closed","template":"elementor_header_footer","meta":{"footnotes":""},"class_list":["post-4545","page","type-page","status-publish","hentry"],"yoast_head":"<!-- This site is optimized with the Yoast SEO plugin v27.5 - https:\/\/yoast.com\/product\/yoast-seo-wordpress\/ -->\n<title>sorsa noticias fleje y flejadoras -<\/title>\n<meta name=\"description\" content=\"Encuentra lo \u00faltimo en noticias de Sorsa, fabricantes de fleje y flejadoras, de poipropileto, poliester y acero\" \/>\n<meta name=\"robots\" content=\"index, follow, max-snippet:-1, max-image-preview:large, max-video-preview:-1\" \/>\n<link rel=\"canonical\" href=\"https:\/\/sorsa.es\/en\/news\/\" \/>\n<meta property=\"og:locale\" content=\"en_US\" \/>\n<meta property=\"og:type\" content=\"article\" \/>\n<meta property=\"og:title\" content=\"sorsa noticias fleje y flejadoras -\" \/>\n<meta property=\"og:description\" content=\"Encuentra lo \u00faltimo en noticias de Sorsa, fabricantes de fleje y flejadoras, de poipropileto, poliester y acero\" \/>\n<meta property=\"og:url\" content=\"https:\/\/sorsa.es\/en\/news\/\" \/>\n<meta property=\"article:modified_time\" content=\"2026-01-14T16:10:39+00:00\" \/>\n<meta name=\"twitter:card\" content=\"summary_large_image\" \/>\n<meta name=\"twitter:label1\" content=\"Est. reading time\" \/>\n\t<meta name=\"twitter:data1\" content=\"5 minutes\" \/>\n<script type=\"application\/ld+json\" class=\"yoast-schema-graph\">{\"@context\":\"https:\\\/\\\/schema.org\",\"@graph\":[{\"@type\":\"WebPage\",\"@id\":\"https:\\\/\\\/sorsa.es\\\/noticias\\\/\",\"url\":\"https:\\\/\\\/sorsa.es\\\/noticias\\\/\",\"name\":\"sorsa noticias fleje y flejadoras -\",\"isPartOf\":{\"@id\":\"https:\\\/\\\/sorsa.es\\\/fr\\\/#website\"},\"datePublished\":\"2024-06-20T07:15:20+00:00\",\"dateModified\":\"2026-01-14T16:10:39+00:00\",\"description\":\"Encuentra lo \u00faltimo en noticias de Sorsa, fabricantes de fleje y flejadoras, de poipropileto, poliester y acero\",\"breadcrumb\":{\"@id\":\"https:\\\/\\\/sorsa.es\\\/noticias\\\/#breadcrumb\"},\"inLanguage\":\"en-US\",\"potentialAction\":[{\"@type\":\"ReadAction\",\"target\":[\"https:\\\/\\\/sorsa.es\\\/noticias\\\/\"]}]},{\"@type\":\"BreadcrumbList\",\"@id\":\"https:\\\/\\\/sorsa.es\\\/noticias\\\/#breadcrumb\",\"itemListElement\":[{\"@type\":\"ListItem\",\"position\":1,\"name\":\"Portada\",\"item\":\"https:\\\/\\\/sorsa.es\\\/\"},{\"@type\":\"ListItem\",\"position\":2,\"name\":\"Noticias\"}]},{\"@type\":\"WebSite\",\"@id\":\"https:\\\/\\\/sorsa.es\\\/fr\\\/#website\",\"url\":\"https:\\\/\\\/sorsa.es\\\/fr\\\/\",\"name\":\"sorsa.es\",\"description\":\"\",\"publisher\":{\"@id\":\"https:\\\/\\\/sorsa.es\\\/fr\\\/#organization\"},\"potentialAction\":[{\"@type\":\"SearchAction\",\"target\":{\"@type\":\"EntryPoint\",\"urlTemplate\":\"https:\\\/\\\/sorsa.es\\\/fr\\\/?s={search_term_string}\"},\"query-input\":{\"@type\":\"PropertyValueSpecification\",\"valueRequired\":true,\"valueName\":\"search_term_string\"}}],\"inLanguage\":\"en-US\"},{\"@type\":\"Organization\",\"@id\":\"https:\\\/\\\/sorsa.es\\\/fr\\\/#organization\",\"name\":\"Sistemas de Embalaje Sorsa\",\"url\":\"https:\\\/\\\/sorsa.es\\\/fr\\\/\",\"logo\":{\"@type\":\"ImageObject\",\"inLanguage\":\"en-US\",\"@id\":\"https:\\\/\\\/sorsa.es\\\/fr\\\/#\\\/schema\\\/logo\\\/image\\\/\",\"url\":\"https:\\\/\\\/sorsa.es\\\/wp-content\\\/uploads\\\/2022\\\/06\\\/logo-sorsa-1.png\",\"contentUrl\":\"https:\\\/\\\/sorsa.es\\\/wp-content\\\/uploads\\\/2022\\\/06\\\/logo-sorsa-1.png\",\"width\":385,\"height\":85,\"caption\":\"Sistemas de Embalaje Sorsa\"},\"image\":{\"@id\":\"https:\\\/\\\/sorsa.es\\\/fr\\\/#\\\/schema\\\/logo\\\/image\\\/\"},\"sameAs\":[\"https:\\\/\\\/es.linkedin.com\\\/company\\\/sistemas-de-embalaje-sorsa-s-a-\"]}]}<\/script>\n<!-- \/ Yoast SEO plugin. -->","yoast_head_json":{"title":"sorsa news strapping and strapping machines - sorsa news strapping and strapping machines - sorsa.com","description":"Find the latest news from Sorsa, manufacturers of strapping and strapping machines, made of polypropylene, polyester and steel.","robots":{"index":"index","follow":"follow","max-snippet":"max-snippet:-1","max-image-preview":"max-image-preview:large","max-video-preview":"max-video-preview:-1"},"canonical":"https:\/\/sorsa.es\/en\/news\/","og_locale":"en_US","og_type":"article","og_title":"sorsa noticias fleje y flejadoras -","og_description":"Encuentra lo \u00faltimo en noticias de Sorsa, fabricantes de fleje y flejadoras, de poipropileto, poliester y acero","og_url":"https:\/\/sorsa.es\/en\/news\/","article_modified_time":"2026-01-14T16:10:39+00:00","twitter_card":"summary_large_image","twitter_misc":{"Est. reading time":"5 minutes"},"schema":{"@context":"https:\/\/schema.org","@graph":[{"@type":"WebPage","@id":"https:\/\/sorsa.es\/noticias\/","url":"https:\/\/sorsa.es\/noticias\/","name":"sorsa news strapping and strapping machines - sorsa news strapping and strapping machines - sorsa.com","isPartOf":{"@id":"https:\/\/sorsa.es\/fr\/#website"},"datePublished":"2024-06-20T07:15:20+00:00","dateModified":"2026-01-14T16:10:39+00:00","description":"Find the latest news from Sorsa, manufacturers of strapping and strapping machines, made of polypropylene, polyester and steel.","breadcrumb":{"@id":"https:\/\/sorsa.es\/noticias\/#breadcrumb"},"inLanguage":"en-US","potentialAction":[{"@type":"ReadAction","target":["https:\/\/sorsa.es\/noticias\/"]}]},{"@type":"BreadcrumbList","@id":"https:\/\/sorsa.es\/noticias\/#breadcrumb","itemListElement":[{"@type":"ListItem","position":1,"name":"Portada","item":"https:\/\/sorsa.es\/"},{"@type":"ListItem","position":2,"name":"Noticias"}]},{"@type":"WebSite","@id":"https:\/\/sorsa.es\/fr\/#website","url":"https:\/\/sorsa.es\/fr\/","name":"sorsa.es","description":"","publisher":{"@id":"https:\/\/sorsa.es\/fr\/#organization"},"potentialAction":[{"@type":"SearchAction","target":{"@type":"EntryPoint","urlTemplate":"https:\/\/sorsa.es\/fr\/?s={search_term_string}"},"query-input":{"@type":"PropertyValueSpecification","valueRequired":true,"valueName":"search_term_string"}}],"inLanguage":"en-US"},{"@type":"Organization","@id":"https:\/\/sorsa.es\/fr\/#organization","name":"Sorsa Packaging Systems","url":"https:\/\/sorsa.es\/fr\/","logo":{"@type":"ImageObject","inLanguage":"en-US","@id":"https:\/\/sorsa.es\/fr\/#\/schema\/logo\/image\/","url":"https:\/\/sorsa.es\/wp-content\/uploads\/2022\/06\/logo-sorsa-1.png","contentUrl":"https:\/\/sorsa.es\/wp-content\/uploads\/2022\/06\/logo-sorsa-1.png","width":385,"height":85,"caption":"Sistemas de Embalaje Sorsa"},"image":{"@id":"https:\/\/sorsa.es\/fr\/#\/schema\/logo\/image\/"},"sameAs":["https:\/\/es.linkedin.com\/company\/sistemas-de-embalaje-sorsa-s-a-"]}]}},"_links":{"self":[{"href":"https:\/\/sorsa.es\/en\/wp-json\/wp\/v2\/pages\/4545","targetHints":{"allow":["GET"]}}],"collection":[{"href":"https:\/\/sorsa.es\/en\/wp-json\/wp\/v2\/pages"}],"about":[{"href":"https:\/\/sorsa.es\/en\/wp-json\/wp\/v2\/types\/page"}],"author":[{"embeddable":true,"href":"https:\/\/sorsa.es\/en\/wp-json\/wp\/v2\/users\/1"}],"replies":[{"embeddable":true,"href":"https:\/\/sorsa.es\/en\/wp-json\/wp\/v2\/comments?post=4545"}],"version-history":[{"count":34,"href":"https:\/\/sorsa.es\/en\/wp-json\/wp\/v2\/pages\/4545\/revisions"}],"predecessor-version":[{"id":6962,"href":"https:\/\/sorsa.es\/en\/wp-json\/wp\/v2\/pages\/4545\/revisions\/6962"}],"wp:attachment":[{"href":"https:\/\/sorsa.es\/en\/wp-json\/wp\/v2\/media?parent=4545"}],"curies":[{"name":"wp","href":"https:\/\/api.w.org\/{rel}","templated":true}]}}