{"id":5436,"date":"2024-07-09T14:25:43","date_gmt":"2024-07-09T14:25:43","guid":{"rendered":"https:\/\/sorsa.es\/?page_id=5436"},"modified":"2024-11-04T10:50:41","modified_gmt":"2024-11-04T10:50:41","slug":"legal-notice","status":"publish","type":"page","link":"https:\/\/sorsa.es\/en\/aviso-legal\/","title":{"rendered":"Legal Notice"},"content":{"rendered":"\t\t<div data-elementor-type=\"wp-page\" data-elementor-id=\"5436\" class=\"elementor elementor-5436\" data-elementor-post-type=\"page\">\n\t\t\t\t<div class=\"elementor-element elementor-element-cfc0cae e-flex e-con-boxed e-con e-parent\" data-id=\"cfc0cae\" data-element_type=\"container\" data-e-type=\"container\" data-settings=\"{&quot;background_background&quot;:&quot;classic&quot;}\">\n\t\t\t\t\t<div class=\"e-con-inner\">\n\t\t\t\t<div class=\"elementor-element elementor-element-03a2fba elementor-widget elementor-widget-theme-post-title elementor-page-title elementor-widget-heading\" data-id=\"03a2fba\" data-element_type=\"widget\" data-e-type=\"widget\" data-widget_type=\"theme-post-title.default\">\n\t\t\t\t<div class=\"elementor-widget-container\">\n\t\t\t\t\t<h1 class=\"elementor-heading-title elementor-size-default\">Aviso legal<\/h1>\t\t\t\t<\/div>\n\t\t\t\t<\/div>\n\t\t\t\t\t<\/div>\n\t\t\t\t<\/div>\n\t\t<div class=\"elementor-element elementor-element-58351f5 e-flex e-con-boxed e-con e-parent\" data-id=\"58351f5\" data-element_type=\"container\" data-e-type=\"container\">\n\t\t\t\t\t<div class=\"e-con-inner\">\n\t\t\t\t<div class=\"elementor-element elementor-element-d7b3b16 elementor-invisible elementor-widget elementor-widget-text-editor\" data-id=\"d7b3b16\" data-element_type=\"widget\" data-e-type=\"widget\" data-settings=\"{&quot;_animation&quot;:&quot;fadeInRight&quot;}\" data-widget_type=\"text-editor.default\">\n\t\t\t\t<div class=\"elementor-widget-container\">\n\t\t\t\t\t\t\t\t\t<p><strong>CONDICIONES GENERALES DE ACCESO Y USO<\/strong><\/p><p>El titular de la web www.sorsa.es (\u201cWeb\u201d) es la sociedad Sistemas de Embalaje Sorsa S.A.., que opera bajo la marca comercial \u2018Sorsa\u2019, cuyos datos de identificaci\u00f3n son los siguientes:<\/p><p><strong>\u2022 Direcci\u00f3n comercial:<\/strong> Pol. Ind. Can Vinyals, C\/ Ramon Berenguer, 6, 08130 Santa Perp\u00e8tua de Mogoda (Barcelona)<br \/><strong>\u2022 C.I.F.:<\/strong> A58454976<br \/><strong>\u2022 Correo electr\u00f3nico:<\/strong> comer@sorsa.es<br \/><strong>\u2022 Tel\u00e9fono:<\/strong> +34 93 721 40 00<\/p><p><strong>Acceso a la Web<\/strong><\/p><p>Las presentes Condiciones Generales de Acceso y Uso regulan el acceso y utilizaci\u00f3n de la Web y tienen por objeto facilitar al usuario informaci\u00f3n relativa a Sorsa, sus productos y servicios.<\/p><p>El acceso y utilizaci\u00f3n de la Web por el usuario conlleva la aceptaci\u00f3n de las presentes Condiciones Generales de Acceso y Uso, as\u00ed como de la Pol\u00edtica de Privacidad de la Web.<\/p><p>El usuario debe leer atentamente las Condiciones Generales de Acceso y Uso y la Pol\u00edtica de Privacidad cuando se proponga utilizar la Web, ya que \u00e9stas podr\u00e1n ser adaptadas y\/o modificadas en cualquier momento. Si no acepta las presentes Condiciones Generales de Acceso y Uso, le rogamos se abstenga de utilizar la Web y su contenido.<\/p><p><strong>Utilizaci\u00f3n y funcionamiento de la Web<\/strong><\/p><p>El usuario se compromete a hacer un uso diligente de la Web, as\u00ed como de la informaci\u00f3n relativa a los productos y servicios que se detallan, con total sujeci\u00f3n tanto a la normativa aplicable como a las Condiciones Generales de Acceso y Uso y, en su caso, a cualquier otra condici\u00f3n que Sorsa establezca al efecto en la Web.<\/p><p>En consecuencia, el usuario se compromete a no formular comentarios y\/o contenidos, propios o de terceros, que (i) sean il\u00edcitos, violentos, pornogr\u00e1ficos, racistas y\/o denigrantes; y (ii) resulten inapropiados o no pertinentes en relaci\u00f3n con la actividad y la marca de Sorsa.<br \/>Asimismo, el usuario se compromete a no realizar acto alguno con objeto de da\u00f1ar, inutilizar y\/o sobrecargar la Web, o que impidiera, de cualquier forma, la normal utilizaci\u00f3n y funcionamiento del mismo.<\/p><p>Se informa al usuario de que, en el caso de que incumpla las Condiciones Generales de Acceso y Uso, la Pol\u00edtica de Privacidad o, en su caso, cualesquiera otros t\u00e9rminos o condiciones recogidos en la Web, Sorsa se reserva el derecho a limitar, suspender y\/o terminar su acceso a la Web, adoptando cualquier medida t\u00e9cnica que sea necesaria con ese fin.<\/p><p>Sorsa realiza sus mejores esfuerzos para mantener la Web en buen funcionamiento, evitando errores o, en su caso, repar\u00e1ndolos, y manteniendo los contenidos de la Web debidamente actualizados. No obstante, Sorsa no garantiza la disponibilidad y continuidad en el acceso a la Web ni la inexistencia de errores en sus contenidos, as\u00ed como tampoco que estos \u00faltimos sean oportunamente actualizados.<\/p><p><strong>Responsabilidad<\/strong><\/p><p>Tanto el acceso a la Web como el uso que pueda hacerse de cualquier informaci\u00f3n o mecanismo que contiene, se realizan bajo la responsabilidad exclusiva del usuario.<\/p><p>Sorsa no se responsabiliza de cualesquiera da\u00f1os y\/o perjuicios que pudieran derivarse, directa o indirectamente, del acceso o uso de la informaci\u00f3n contenida en la Web y, especialmente, de aquella informaci\u00f3n relativa a terceros distintos de Sorsa, incluy\u00e9ndose, pero no limit\u00e1ndose, a los producidos en los sistemas inform\u00e1ticos o los provocados por la introducci\u00f3n de virus y\/o ataques inform\u00e1ticos y tampoco ser\u00e1 responsable de los da\u00f1os que pudieran sufrir los usuarios por un uso inadecuado de la Web ni de las ca\u00eddas, interrupciones, ausencia o defecto en las comunicaciones y\/o en Internet.<\/p><p>Adicionalmente, Sorsa no se hace responsable de ning\u00fan da\u00f1o y\/o perjuicio en el software y\/o hardware del usuario que se derive del acceso y uso de la Web.<\/p><p>El usuario responder\u00e1 de los da\u00f1os y perjuicios de toda naturaleza que Sorsa pueda sufrir como consecuencia del incumplimiento de cualquiera de las obligaciones a las que queda sometido en virtud de las presentes Condiciones Generales de Acceso y Uso, el resto de condiciones previstas en la Web y\/o la legislaci\u00f3n aplicable en cada momento.<\/p><p><strong>Pol\u00edtica en materia de enlaces (links)<\/strong><\/p><p><strong>a) Enlaces con la Web<\/strong><br \/>Aquellos terceros que tengan intenci\u00f3n de incluir en un sitio web (\u201cSitio Enlazante\u201d) un enlace que dirija a la Web deber\u00e1n obtener necesariamente el consentimiento previo, expreso y por escrito de Sorsa.<br \/>En ning\u00fan caso, el enlace significa que Sorsa avale, promocione, garantice, supervise y\/o recomiende el contenido y\/o los servicios del Sitio Enlazante ni que sea responsable del contenido del mismo.<br \/>El Sitio Enlazante deber\u00e1 cumplir con la legislaci\u00f3n vigente y no podr\u00e1, en ning\u00fan caso, albergar contenidos, propios o de terceros, que: (i) sean il\u00edcitos, nocivos, violentos, racistas, denigrantes, etc.; y\/o (ii) resulten inapropiados o no pertinentes en relaci\u00f3n con la actividad de Sorsa.<br \/>En el supuesto de incumplimiento de cualquiera de los t\u00e9rminos referidos anteriormente, Sorsa proceder\u00e1, de forma inmediata, a la revocaci\u00f3n del consentimiento otorgado al Sitio Enlazante, qui\u00e9n deber\u00e1 suprimir el enlace.<\/p><p><strong>b) Enlaces con otros sitios web<\/strong><br \/>En la Web pueden incluirse distintos enlaces que permiten al usuario acceder a otros sitios web (\u201cSitios Enlazados\u201d).<br \/>En ning\u00fan caso, la existencia de Sitios Enlazados comporta recomendaci\u00f3n, promoci\u00f3n, identificaci\u00f3n y\/o conformidad de Sorsa con las manifestaciones, contenidos y\/o servicios proporcionados a trav\u00e9s de los Sitios Enlazados. En consecuencia, Sorsa no se hace responsable del contenido y dem\u00e1s condiciones de los Sitios Enlazados, siendo el usuario el \u00fanico responsable de comprobarlos y aceptarlos cada vez que acceda y use los mismos.<\/p><p><strong>Propiedad Industrial e Intelectual<\/strong><\/p><p>Todos los derechos de propiedad intelectual sobre los dise\u00f1os, bases de datos, programas de ordenador subyacentes (incluidos los c\u00f3digos fuente), as\u00ed como los distintos elementos que integran el Sitio Web (textos, gr\u00e1ficos, fotograf\u00edas, videos, grabaciones sonoras, combinaciones de colores, etc.) [\u201cContenidos\u201d], as\u00ed como su estructura, selecci\u00f3n y orden, son titularidad de Sorsa o de sus licenciantes. Con respecto a los signos distintivos incluidos en el Sitio Web (marcas y nombres comerciales), los mismos son titularidad de Sorsa o de sus licenciantes.<\/p><p>El uso del Sitio Web por el usuario no supone la cesi\u00f3n de derecho alguno de propiedad intelectual y\/o industrial sobre el Sitio Web y los Contenidos.<\/p><p>Mediante las Condiciones Generales de Acceso y Uso, queda expresamente prohibido al usuario la reproducci\u00f3n, transformaci\u00f3n, distribuci\u00f3n, comunicaci\u00f3n p\u00fablica, puesta a disposici\u00f3n, extracci\u00f3n y\/o cualquier otra forma de difusi\u00f3n no autorizadas expresamente del Sitio Web, los Contenidos y\/o los signos distintivos de Sorsa.<\/p><p>La utilizaci\u00f3n no autorizada de los Contenidos, as\u00ed como los perjuicios ocasionados en los derechos de propiedad intelectual e industrial de Sorsa pueden dar lugar al ejercicio de las acciones que legalmente le correspondan, y a las responsabilidades que, en su caso, se deriven de los mismos.<\/p><p><strong>Nulidad<\/strong><\/p><p>Si cualquiera de las cl\u00e1usulas de las Condiciones Generales de Acceso y Uso fuese declarada, total o parcialmente, nula o ineficaz, tal nulidad o ineficacia afectar\u00e1 tan s\u00f3lo a dicha disposici\u00f3n o a la parte de la misma que resulte nula o ineficaz, y las mismas permanecer\u00e1n vigentes en todo lo dem\u00e1s, teni\u00e9ndose por no puesta tal disposici\u00f3n o la parte de la misma que resulte afectada. A tales efectos, las Condiciones Generales de Acceso y Uso s\u00f3lo dejar\u00e1n de tener validez exclusivamente respecto de la disposici\u00f3n nula o ineficaz, y ninguna otra parte o disposici\u00f3n del mismo quedar\u00e1 anulada, invalidada, perjudicada o afectada por tal nulidad o ineficacia, salvo que por resultar esencial hubiese de afectar a las Condiciones Generales de Acceso y Uso de forma integral.<\/p><p><strong>Idioma<\/strong><\/p><p>Las Condiciones Generales de Acceso y Uso est\u00e1n redactadas en espa\u00f1ol, franc\u00e9s e ingl\u00e9s. En caso de discrepancia entre dichas versiones, prevalecer\u00e1 la versi\u00f3n en espa\u00f1ol.<\/p>\t\t\t\t\t\t\t\t<\/div>\n\t\t\t\t<\/div>\n\t\t\t\t\t<\/div>\n\t\t\t\t<\/div>\n\t\t\t\t<\/div>\n\t\t","protected":false},"excerpt":{"rendered":"<p>CONDICIONES GENERALES DE ACCESO Y USO El titular de la web www.sorsa.es (\u201cWeb\u201d) es la sociedad Sistemas de Embalaje Sorsa S.A.., que opera bajo la marca comercial \u2018Sorsa\u2019, cuyos datos de identificaci\u00f3n son los siguientes: \u2022 Direcci\u00f3n comercial: Pol. Ind. Can Vinyals, C\/ Ramon Berenguer, 6, 08130 Santa Perp\u00e8tua de Mogoda (Barcelona) \u2022 C.I.F.: A58454976 [&hellip;]<\/p>\n","protected":false},"author":1,"featured_media":0,"parent":0,"menu_order":0,"comment_status":"closed","ping_status":"closed","template":"elementor_header_footer","meta":{"footnotes":""},"class_list":["post-5436","page","type-page","status-publish","hentry"],"yoast_head":"<!-- This site is optimized with the Yoast SEO plugin v27.2 - https:\/\/yoast.com\/product\/yoast-seo-wordpress\/ -->\n<title>Sorsa aviso legal -<\/title>\n<meta name=\"description\" content=\"Esta es la p\u00e1gina de aviso legal de la web de sorsa, donde encontrar\u00e1s las condiciones legales de navegaci\u00f3n.\" \/>\n<meta name=\"robots\" content=\"index, follow, max-snippet:-1, max-image-preview:large, max-video-preview:-1\" \/>\n<link rel=\"canonical\" href=\"https:\/\/sorsa.es\/en\/legal-notice\/\" \/>\n<meta property=\"og:locale\" content=\"en_US\" \/>\n<meta property=\"og:type\" content=\"article\" \/>\n<meta property=\"og:title\" content=\"Sorsa aviso legal -\" \/>\n<meta property=\"og:description\" content=\"Esta es la p\u00e1gina de aviso legal de la web de sorsa, donde encontrar\u00e1s las condiciones legales de navegaci\u00f3n.\" \/>\n<meta property=\"og:url\" content=\"https:\/\/sorsa.es\/en\/legal-notice\/\" \/>\n<meta property=\"article:modified_time\" content=\"2024-11-04T10:50:41+00:00\" \/>\n<meta name=\"twitter:card\" content=\"summary_large_image\" \/>\n<meta name=\"twitter:label1\" content=\"Est. reading time\" \/>\n\t<meta name=\"twitter:data1\" content=\"6 minutes\" \/>\n<script type=\"application\/ld+json\" class=\"yoast-schema-graph\">{\"@context\":\"https:\/\/schema.org\",\"@graph\":[{\"@type\":\"WebPage\",\"@id\":\"https:\/\/sorsa.es\/aviso-legal\/\",\"url\":\"https:\/\/sorsa.es\/aviso-legal\/\",\"name\":\"Sorsa aviso legal -\",\"isPartOf\":{\"@id\":\"https:\/\/sorsa.es\/fr\/#website\"},\"datePublished\":\"2024-07-09T14:25:43+00:00\",\"dateModified\":\"2024-11-04T10:50:41+00:00\",\"description\":\"Esta es la p\u00e1gina de aviso legal de la web de sorsa, donde encontrar\u00e1s las condiciones legales de navegaci\u00f3n.\",\"breadcrumb\":{\"@id\":\"https:\/\/sorsa.es\/aviso-legal\/#breadcrumb\"},\"inLanguage\":\"en-US\",\"potentialAction\":[{\"@type\":\"ReadAction\",\"target\":[\"https:\/\/sorsa.es\/aviso-legal\/\"]}]},{\"@type\":\"BreadcrumbList\",\"@id\":\"https:\/\/sorsa.es\/aviso-legal\/#breadcrumb\",\"itemListElement\":[{\"@type\":\"ListItem\",\"position\":1,\"name\":\"Portada\",\"item\":\"https:\/\/sorsa.es\/\"},{\"@type\":\"ListItem\",\"position\":2,\"name\":\"Aviso legal\"}]},{\"@type\":\"WebSite\",\"@id\":\"https:\/\/sorsa.es\/fr\/#website\",\"url\":\"https:\/\/sorsa.es\/fr\/\",\"name\":\"sorsa.es\",\"description\":\"\",\"publisher\":{\"@id\":\"https:\/\/sorsa.es\/fr\/#organization\"},\"potentialAction\":[{\"@type\":\"SearchAction\",\"target\":{\"@type\":\"EntryPoint\",\"urlTemplate\":\"https:\/\/sorsa.es\/fr\/?s={search_term_string}\"},\"query-input\":{\"@type\":\"PropertyValueSpecification\",\"valueRequired\":true,\"valueName\":\"search_term_string\"}}],\"inLanguage\":\"en-US\"},{\"@type\":\"Organization\",\"@id\":\"https:\/\/sorsa.es\/fr\/#organization\",\"name\":\"Sistemas de Embalaje Sorsa\",\"url\":\"https:\/\/sorsa.es\/fr\/\",\"logo\":{\"@type\":\"ImageObject\",\"inLanguage\":\"en-US\",\"@id\":\"https:\/\/sorsa.es\/fr\/#\/schema\/logo\/image\/\",\"url\":\"https:\/\/sorsa.es\/wp-content\/uploads\/2022\/06\/logo-sorsa-1.png\",\"contentUrl\":\"https:\/\/sorsa.es\/wp-content\/uploads\/2022\/06\/logo-sorsa-1.png\",\"width\":385,\"height\":85,\"caption\":\"Sistemas de Embalaje Sorsa\"},\"image\":{\"@id\":\"https:\/\/sorsa.es\/fr\/#\/schema\/logo\/image\/\"},\"sameAs\":[\"https:\/\/es.linkedin.com\/company\/sistemas-de-embalaje-sorsa-s-a-\"]}]}<\/script>\n<!-- \/ Yoast SEO plugin. -->","yoast_head_json":{"title":"Sorsa legal notice -","description":"This is the legal notice page of the sorsa website, where you will find the legal conditions of navigation.","robots":{"index":"index","follow":"follow","max-snippet":"max-snippet:-1","max-image-preview":"max-image-preview:large","max-video-preview":"max-video-preview:-1"},"canonical":"https:\/\/sorsa.es\/en\/legal-notice\/","og_locale":"en_US","og_type":"article","og_title":"Sorsa aviso legal -","og_description":"Esta es la p\u00e1gina de aviso legal de la web de sorsa, donde encontrar\u00e1s las condiciones legales de navegaci\u00f3n.","og_url":"https:\/\/sorsa.es\/en\/legal-notice\/","article_modified_time":"2024-11-04T10:50:41+00:00","twitter_card":"summary_large_image","twitter_misc":{"Est. reading time":"6 minutes"},"schema":{"@context":"https:\/\/schema.org","@graph":[{"@type":"WebPage","@id":"https:\/\/sorsa.es\/aviso-legal\/","url":"https:\/\/sorsa.es\/aviso-legal\/","name":"Sorsa legal notice -","isPartOf":{"@id":"https:\/\/sorsa.es\/fr\/#website"},"datePublished":"2024-07-09T14:25:43+00:00","dateModified":"2024-11-04T10:50:41+00:00","description":"This is the legal notice page of the sorsa website, where you will find the legal conditions of navigation.","breadcrumb":{"@id":"https:\/\/sorsa.es\/aviso-legal\/#breadcrumb"},"inLanguage":"en-US","potentialAction":[{"@type":"ReadAction","target":["https:\/\/sorsa.es\/aviso-legal\/"]}]},{"@type":"BreadcrumbList","@id":"https:\/\/sorsa.es\/aviso-legal\/#breadcrumb","itemListElement":[{"@type":"ListItem","position":1,"name":"Portada","item":"https:\/\/sorsa.es\/"},{"@type":"ListItem","position":2,"name":"Aviso legal"}]},{"@type":"WebSite","@id":"https:\/\/sorsa.es\/fr\/#website","url":"https:\/\/sorsa.es\/fr\/","name":"sorsa.es","description":"","publisher":{"@id":"https:\/\/sorsa.es\/fr\/#organization"},"potentialAction":[{"@type":"SearchAction","target":{"@type":"EntryPoint","urlTemplate":"https:\/\/sorsa.es\/fr\/?s={search_term_string}"},"query-input":{"@type":"PropertyValueSpecification","valueRequired":true,"valueName":"search_term_string"}}],"inLanguage":"en-US"},{"@type":"Organization","@id":"https:\/\/sorsa.es\/fr\/#organization","name":"Sorsa Packaging Systems","url":"https:\/\/sorsa.es\/fr\/","logo":{"@type":"ImageObject","inLanguage":"en-US","@id":"https:\/\/sorsa.es\/fr\/#\/schema\/logo\/image\/","url":"https:\/\/sorsa.es\/wp-content\/uploads\/2022\/06\/logo-sorsa-1.png","contentUrl":"https:\/\/sorsa.es\/wp-content\/uploads\/2022\/06\/logo-sorsa-1.png","width":385,"height":85,"caption":"Sistemas de Embalaje Sorsa"},"image":{"@id":"https:\/\/sorsa.es\/fr\/#\/schema\/logo\/image\/"},"sameAs":["https:\/\/es.linkedin.com\/company\/sistemas-de-embalaje-sorsa-s-a-"]}]}},"_links":{"self":[{"href":"https:\/\/sorsa.es\/en\/wp-json\/wp\/v2\/pages\/5436","targetHints":{"allow":["GET"]}}],"collection":[{"href":"https:\/\/sorsa.es\/en\/wp-json\/wp\/v2\/pages"}],"about":[{"href":"https:\/\/sorsa.es\/en\/wp-json\/wp\/v2\/types\/page"}],"author":[{"embeddable":true,"href":"https:\/\/sorsa.es\/en\/wp-json\/wp\/v2\/users\/1"}],"replies":[{"embeddable":true,"href":"https:\/\/sorsa.es\/en\/wp-json\/wp\/v2\/comments?post=5436"}],"version-history":[{"count":1,"href":"https:\/\/sorsa.es\/en\/wp-json\/wp\/v2\/pages\/5436\/revisions"}],"predecessor-version":[{"id":6416,"href":"https:\/\/sorsa.es\/en\/wp-json\/wp\/v2\/pages\/5436\/revisions\/6416"}],"wp:attachment":[{"href":"https:\/\/sorsa.es\/en\/wp-json\/wp\/v2\/media?parent=5436"}],"curies":[{"name":"wp","href":"https:\/\/api.w.org\/{rel}","templated":true}]}}