{"id":5440,"date":"2024-07-09T14:29:36","date_gmt":"2024-07-09T14:29:36","guid":{"rendered":"https:\/\/sorsa.es\/?page_id=5440"},"modified":"2024-11-04T10:58:19","modified_gmt":"2024-11-04T10:58:19","slug":"privacy-policy","status":"publish","type":"page","link":"https:\/\/sorsa.es\/en\/politica-de-privacidad\/","title":{"rendered":"Privacy Policy"},"content":{"rendered":"<div data-elementor-type=\"wp-page\" data-elementor-id=\"5440\" class=\"elementor elementor-5440\" data-elementor-post-type=\"page\">\n\t\t\t\t<div class=\"elementor-element elementor-element-5966790 e-flex e-con-boxed e-con e-parent\" data-id=\"5966790\" data-element_type=\"container\" data-e-type=\"container\" data-settings=\"{&quot;background_background&quot;:&quot;classic&quot;}\">\n\t\t\t\t\t<div class=\"e-con-inner\">\n\t\t\t\t<div class=\"elementor-element elementor-element-87f8106 elementor-widget elementor-widget-theme-post-title elementor-page-title elementor-widget-heading\" data-id=\"87f8106\" data-element_type=\"widget\" data-e-type=\"widget\" data-widget_type=\"theme-post-title.default\">\n\t\t\t\t<div class=\"elementor-widget-container\">\n\t\t\t\t\t<h1 class=\"elementor-heading-title elementor-size-default\">Privacy Policy<\/h1>\t\t\t\t<\/div>\n\t\t\t\t<\/div>\n\t\t\t\t\t<\/div>\n\t\t\t\t<\/div>\n\t\t<div class=\"elementor-element elementor-element-7702c83 e-flex e-con-boxed e-con e-parent\" data-id=\"7702c83\" data-element_type=\"container\" data-e-type=\"container\">\n\t\t\t\t\t<div class=\"e-con-inner\">\n\t\t\t\t<div class=\"elementor-element elementor-element-94d9161 elementor-invisible elementor-widget elementor-widget-text-editor\" data-id=\"94d9161\" data-element_type=\"widget\" data-e-type=\"widget\" data-settings=\"{&quot;_animation&quot;:&quot;fadeInRight&quot;}\" data-widget_type=\"text-editor.default\">\n\t\t\t\t<div class=\"elementor-widget-container\">\n\t\t\t\t\t\t\t\t\t<p><strong>Who is the Data Controller of your personal data?<\/strong><\/p><ul><li><strong>Id:<\/strong> Sistemas de Embalaje Sorsa S.A. (\"Sorsa\")<\/li><li><strong>Registered office:<\/strong> Pol. Ind. Can Vinyals, C\/ Ramon Berenguer, 6, 08130 Santa Perp\u00e8tua de Mogoda (Barcelona)<\/li><li><strong>Phone:<\/strong> +34 93 721 40 00<\/li><li><strong>E-mail:<\/strong> comer@sorsa.es<\/li><\/ul><p><strong>For what purposes do we process your personal data?<\/strong><\/p><p>In Sorsa we process the information provided by the user in order to manage your requests for information and send you communications about news or commercial offers that may be of interest.<\/p><p><strong>What is the legitimacy for the processing of your data?<\/strong><\/p><p>The legal basis for data processing is the consent of the user who gives it by accepting the \"First Layer\" of the data processing clause.<\/p><p>Failure to provide all the personal data required by Sorsa may result in incomplete fulfillment of the request.<\/p><p>The user has the right to revoke his consent at any time without retroactively affecting the processing of personal data carried out up to that time.<\/p><p><strong>To which recipients will your data be communicated?<\/strong><\/p><p>The users' data are hosted on servers of Montaweb S.L. contracted for this purpose by Sorsa.<\/p><p><strong>What are your rights when you provide us with your personal data?<\/strong><\/p><p>Any user has the right to obtain confirmation as to whether or not Sorsa is processing personal data concerning them.<\/p><p>Users may exercise their right of access to personal data, as well as request the rectification of inaccurate data or, where appropriate, request its cancellation or deletion when the data is no longer necessary for the purposes for which it was collected.<\/p><p>The user may request the limitation and opposition to the processing of his\/her data, in certain circumstances and for reasons related to his\/her particular situation. <br \/>The user may exercise the rights referred to above, under the terms and conditions provided for in current legislation, at the registered office of Sorsa or request it by email to <a href=\"mailto:comer@sorsa.es\">comer@sorsa.es<\/a>. In the event that you do not receive a satisfactory response or would like further information regarding any of these rights, you may contact the Spanish Data Protection Agency (<a href=\"https:\/\/aepd.es\" target=\"_blank\" rel=\"noopener\">www.aepd.es<\/a> - C\/ Jorge Juan, 6, Madrid).<\/p><p><strong>How long will we keep your data?<\/strong><\/p><p>The personal data provided will be kept as long as their deletion is not requested by the interested party.<\/p>\t\t\t\t\t\t\t\t<\/div>\n\t\t\t\t<\/div>\n\t\t\t\t\t<\/div>\n\t\t\t\t<\/div>\n\t\t\t\t<\/div>","protected":false},"excerpt":{"rendered":"<p>\u00bfQui\u00e9n es el Responsable del Tratamiento de sus datos personales? Identidad: Sistemas de Embalaje Sorsa S.A. (\u201cSorsa\u201d) Domicilio social: Pol. Ind. Can Vinyals, C\/ Ramon Berenguer, 6, 08130 Santa Perp\u00e8tua de Mogoda (Barcelona) Tel\u00e9fono: +34 93 721 40 00 E-mail: comer@sorsa.es \u00bfCon qu\u00e9 finalidad tratamos sus datos personales? En Sorsa tratamos la informaci\u00f3n que nos [&hellip;]<\/p>\n","protected":false},"author":1,"featured_media":0,"parent":0,"menu_order":0,"comment_status":"closed","ping_status":"closed","template":"elementor_header_footer","meta":{"footnotes":""},"class_list":["post-5440","page","type-page","status-publish","hentry"],"yoast_head":"<!-- This site is optimized with the Yoast SEO plugin v27.4 - https:\/\/yoast.com\/product\/yoast-seo-wordpress\/ -->\n<title>Pol\u00edtica de Privacidad de Sorsa -<\/title>\n<meta name=\"description\" content=\"En esta p\u00e1gina, te informamos de la Pol\u00edtica de Privacidad de Sorsa, puedes encontrar toda la informaci\u00f3 referente a tu privacidad\" \/>\n<meta name=\"robots\" content=\"index, follow, max-snippet:-1, max-image-preview:large, max-video-preview:-1\" \/>\n<link rel=\"canonical\" href=\"https:\/\/sorsa.es\/en\/privacy-policy\/\" \/>\n<meta property=\"og:locale\" content=\"en_US\" \/>\n<meta property=\"og:type\" content=\"article\" \/>\n<meta property=\"og:title\" content=\"Pol\u00edtica de Privacidad de Sorsa -\" \/>\n<meta property=\"og:description\" content=\"En esta p\u00e1gina, te informamos de la Pol\u00edtica de Privacidad de Sorsa, puedes encontrar toda la informaci\u00f3 referente a tu privacidad\" \/>\n<meta property=\"og:url\" content=\"https:\/\/sorsa.es\/en\/privacy-policy\/\" \/>\n<meta property=\"article:modified_time\" content=\"2024-11-04T10:58:19+00:00\" \/>\n<meta name=\"twitter:card\" content=\"summary_large_image\" \/>\n<meta name=\"twitter:label1\" content=\"Est. reading time\" \/>\n\t<meta name=\"twitter:data1\" content=\"2 minutes\" \/>\n<script type=\"application\/ld+json\" class=\"yoast-schema-graph\">{\"@context\":\"https:\\\/\\\/schema.org\",\"@graph\":[{\"@type\":\"WebPage\",\"@id\":\"https:\\\/\\\/sorsa.es\\\/politica-de-privacidad\\\/\",\"url\":\"https:\\\/\\\/sorsa.es\\\/politica-de-privacidad\\\/\",\"name\":\"Pol\u00edtica de Privacidad de Sorsa -\",\"isPartOf\":{\"@id\":\"https:\\\/\\\/sorsa.es\\\/fr\\\/#website\"},\"datePublished\":\"2024-07-09T14:29:36+00:00\",\"dateModified\":\"2024-11-04T10:58:19+00:00\",\"description\":\"En esta p\u00e1gina, te informamos de la Pol\u00edtica de Privacidad de Sorsa, puedes encontrar toda la informaci\u00f3 referente a tu privacidad\",\"breadcrumb\":{\"@id\":\"https:\\\/\\\/sorsa.es\\\/politica-de-privacidad\\\/#breadcrumb\"},\"inLanguage\":\"en-US\",\"potentialAction\":[{\"@type\":\"ReadAction\",\"target\":[\"https:\\\/\\\/sorsa.es\\\/politica-de-privacidad\\\/\"]}]},{\"@type\":\"BreadcrumbList\",\"@id\":\"https:\\\/\\\/sorsa.es\\\/politica-de-privacidad\\\/#breadcrumb\",\"itemListElement\":[{\"@type\":\"ListItem\",\"position\":1,\"name\":\"Portada\",\"item\":\"https:\\\/\\\/sorsa.es\\\/\"},{\"@type\":\"ListItem\",\"position\":2,\"name\":\"Pol\u00edtica de Privacidad\"}]},{\"@type\":\"WebSite\",\"@id\":\"https:\\\/\\\/sorsa.es\\\/fr\\\/#website\",\"url\":\"https:\\\/\\\/sorsa.es\\\/fr\\\/\",\"name\":\"sorsa.es\",\"description\":\"\",\"publisher\":{\"@id\":\"https:\\\/\\\/sorsa.es\\\/fr\\\/#organization\"},\"potentialAction\":[{\"@type\":\"SearchAction\",\"target\":{\"@type\":\"EntryPoint\",\"urlTemplate\":\"https:\\\/\\\/sorsa.es\\\/fr\\\/?s={search_term_string}\"},\"query-input\":{\"@type\":\"PropertyValueSpecification\",\"valueRequired\":true,\"valueName\":\"search_term_string\"}}],\"inLanguage\":\"en-US\"},{\"@type\":\"Organization\",\"@id\":\"https:\\\/\\\/sorsa.es\\\/fr\\\/#organization\",\"name\":\"Sistemas de Embalaje Sorsa\",\"url\":\"https:\\\/\\\/sorsa.es\\\/fr\\\/\",\"logo\":{\"@type\":\"ImageObject\",\"inLanguage\":\"en-US\",\"@id\":\"https:\\\/\\\/sorsa.es\\\/fr\\\/#\\\/schema\\\/logo\\\/image\\\/\",\"url\":\"https:\\\/\\\/sorsa.es\\\/wp-content\\\/uploads\\\/2022\\\/06\\\/logo-sorsa-1.png\",\"contentUrl\":\"https:\\\/\\\/sorsa.es\\\/wp-content\\\/uploads\\\/2022\\\/06\\\/logo-sorsa-1.png\",\"width\":385,\"height\":85,\"caption\":\"Sistemas de Embalaje Sorsa\"},\"image\":{\"@id\":\"https:\\\/\\\/sorsa.es\\\/fr\\\/#\\\/schema\\\/logo\\\/image\\\/\"},\"sameAs\":[\"https:\\\/\\\/es.linkedin.com\\\/company\\\/sistemas-de-embalaje-sorsa-s-a-\"]}]}<\/script>\n<!-- \/ Yoast SEO plugin. -->","yoast_head_json":{"title":"Sorsa Privacy Policy -","description":"On this page, we inform you about Sorsa's Privacy Policy, you can find all the information concerning your privacy.","robots":{"index":"index","follow":"follow","max-snippet":"max-snippet:-1","max-image-preview":"max-image-preview:large","max-video-preview":"max-video-preview:-1"},"canonical":"https:\/\/sorsa.es\/en\/privacy-policy\/","og_locale":"en_US","og_type":"article","og_title":"Pol\u00edtica de Privacidad de Sorsa -","og_description":"En esta p\u00e1gina, te informamos de la Pol\u00edtica de Privacidad de Sorsa, puedes encontrar toda la informaci\u00f3 referente a tu privacidad","og_url":"https:\/\/sorsa.es\/en\/privacy-policy\/","article_modified_time":"2024-11-04T10:58:19+00:00","twitter_card":"summary_large_image","twitter_misc":{"Est. reading time":"2 minutes"},"schema":{"@context":"https:\/\/schema.org","@graph":[{"@type":"WebPage","@id":"https:\/\/sorsa.es\/politica-de-privacidad\/","url":"https:\/\/sorsa.es\/politica-de-privacidad\/","name":"Sorsa Privacy Policy -","isPartOf":{"@id":"https:\/\/sorsa.es\/fr\/#website"},"datePublished":"2024-07-09T14:29:36+00:00","dateModified":"2024-11-04T10:58:19+00:00","description":"On this page, we inform you about Sorsa's Privacy Policy, you can find all the information concerning your privacy.","breadcrumb":{"@id":"https:\/\/sorsa.es\/politica-de-privacidad\/#breadcrumb"},"inLanguage":"en-US","potentialAction":[{"@type":"ReadAction","target":["https:\/\/sorsa.es\/politica-de-privacidad\/"]}]},{"@type":"BreadcrumbList","@id":"https:\/\/sorsa.es\/politica-de-privacidad\/#breadcrumb","itemListElement":[{"@type":"ListItem","position":1,"name":"Portada","item":"https:\/\/sorsa.es\/"},{"@type":"ListItem","position":2,"name":"Pol\u00edtica de Privacidad"}]},{"@type":"WebSite","@id":"https:\/\/sorsa.es\/fr\/#website","url":"https:\/\/sorsa.es\/fr\/","name":"sorsa.es","description":"","publisher":{"@id":"https:\/\/sorsa.es\/fr\/#organization"},"potentialAction":[{"@type":"SearchAction","target":{"@type":"EntryPoint","urlTemplate":"https:\/\/sorsa.es\/fr\/?s={search_term_string}"},"query-input":{"@type":"PropertyValueSpecification","valueRequired":true,"valueName":"search_term_string"}}],"inLanguage":"en-US"},{"@type":"Organization","@id":"https:\/\/sorsa.es\/fr\/#organization","name":"Sorsa Packaging Systems","url":"https:\/\/sorsa.es\/fr\/","logo":{"@type":"ImageObject","inLanguage":"en-US","@id":"https:\/\/sorsa.es\/fr\/#\/schema\/logo\/image\/","url":"https:\/\/sorsa.es\/wp-content\/uploads\/2022\/06\/logo-sorsa-1.png","contentUrl":"https:\/\/sorsa.es\/wp-content\/uploads\/2022\/06\/logo-sorsa-1.png","width":385,"height":85,"caption":"Sistemas de Embalaje Sorsa"},"image":{"@id":"https:\/\/sorsa.es\/fr\/#\/schema\/logo\/image\/"},"sameAs":["https:\/\/es.linkedin.com\/company\/sistemas-de-embalaje-sorsa-s-a-"]}]}},"_links":{"self":[{"href":"https:\/\/sorsa.es\/en\/wp-json\/wp\/v2\/pages\/5440","targetHints":{"allow":["GET"]}}],"collection":[{"href":"https:\/\/sorsa.es\/en\/wp-json\/wp\/v2\/pages"}],"about":[{"href":"https:\/\/sorsa.es\/en\/wp-json\/wp\/v2\/types\/page"}],"author":[{"embeddable":true,"href":"https:\/\/sorsa.es\/en\/wp-json\/wp\/v2\/users\/1"}],"replies":[{"embeddable":true,"href":"https:\/\/sorsa.es\/en\/wp-json\/wp\/v2\/comments?post=5440"}],"version-history":[{"count":1,"href":"https:\/\/sorsa.es\/en\/wp-json\/wp\/v2\/pages\/5440\/revisions"}],"predecessor-version":[{"id":6421,"href":"https:\/\/sorsa.es\/en\/wp-json\/wp\/v2\/pages\/5440\/revisions\/6421"}],"wp:attachment":[{"href":"https:\/\/sorsa.es\/en\/wp-json\/wp\/v2\/media?parent=5440"}],"curies":[{"name":"wp","href":"https:\/\/api.w.org\/{rel}","templated":true}]}}