{"id":5447,"date":"2024-07-09T14:34:43","date_gmt":"2024-07-09T14:34:43","guid":{"rendered":"https:\/\/sorsa.es\/?page_id=5447"},"modified":"2024-11-04T10:57:05","modified_gmt":"2024-11-04T10:57:05","slug":"cookies-policy","status":"publish","type":"page","link":"https:\/\/sorsa.es\/en\/politica-de-cookies\/","title":{"rendered":"Cookie Policy"},"content":{"rendered":"<div data-elementor-type=\"wp-page\" data-elementor-id=\"5447\" class=\"elementor elementor-5447\" data-elementor-post-type=\"page\">\n\t\t\t\t<div class=\"elementor-element elementor-element-ff5526f e-flex e-con-boxed e-con e-parent\" data-id=\"ff5526f\" data-element_type=\"container\" data-e-type=\"container\" data-settings=\"{&quot;background_background&quot;:&quot;classic&quot;}\">\n\t\t\t\t\t<div class=\"e-con-inner\">\n\t\t\t\t<div class=\"elementor-element elementor-element-a0b29d8 elementor-widget elementor-widget-theme-post-title elementor-page-title elementor-widget-heading\" data-id=\"a0b29d8\" data-element_type=\"widget\" data-e-type=\"widget\" data-widget_type=\"theme-post-title.default\">\n\t\t\t\t<div class=\"elementor-widget-container\">\n\t\t\t\t\t<h1 class=\"elementor-heading-title elementor-size-default\">Cookie Policy<\/h1>\t\t\t\t<\/div>\n\t\t\t\t<\/div>\n\t\t\t\t\t<\/div>\n\t\t\t\t<\/div>\n\t\t<div class=\"elementor-element elementor-element-5ff778b e-flex e-con-boxed e-con e-parent\" data-id=\"5ff778b\" data-element_type=\"container\" data-e-type=\"container\">\n\t\t\t\t\t<div class=\"e-con-inner\">\n\t\t\t\t<div class=\"elementor-element elementor-element-04c58ff elementor-invisible elementor-widget elementor-widget-text-editor\" data-id=\"04c58ff\" data-element_type=\"widget\" data-e-type=\"widget\" data-settings=\"{&quot;_animation&quot;:&quot;fadeInRight&quot;}\" data-widget_type=\"text-editor.default\">\n\t\t\t\t<div class=\"elementor-widget-container\">\n\t\t\t\t\t\t\t\t\t<p>By accessing and using the Web Site, the user consents that Sorsa may collect cookies.<br \/><br \/>Cookies are automatic procedures for collecting information on the preferences determined by an Internet user during his visit to a particular website in order to recognize him as a recurring user and to personalize his use and facilitate faster navigation.<br \/><br \/><strong>What are cookies?<\/strong><br \/><br \/>A cookie is a file that is downloaded to your computer when you access certain web pages. Cookies allow a website, among other things, to store and retrieve information about the browsing habits of a user or their computer and, depending on the information they contain and the way you use your computer, can be used to recognize the user.<br \/><br \/><strong>What types of cookies does this website use?<\/strong><br \/><br \/>Also, depending on the purpose for which they are used, cookies can be:<br \/><strong>Analytics Cookies:<\/strong> collect information to evaluate web usage and overall web activity. Web analytics is the measurement, collection, analysis and reporting of Internet data for the purposes of understanding and optimizing website usage.<br \/><br \/><strong>Social Cookies:<\/strong>\u00a0 are required for external social networks (Facebook, Google, Twitter, Pinterest, etc.). Their function is to control the interaction with social widgets within the site.<br \/><br \/><strong>Affiliate Cookies:<\/strong> allow tracking of visits from other websites, with whom Sorsa has an affiliation agreement.<br \/><strong>Advertising and Behavioral Cookies:<\/strong> provide information about your personal preferences and choices on this website. They allow you to tailor advertising content to make it relevant to you and to avoid displaying ads that you have already seen.<br \/><br \/><strong>Technical Cookies:<\/strong> are strictly necessary for the use of this website, which allows the user to navigate through the website or application and the use of the various options or services available on it.<br \/><br \/>Customization cookies: allow users to access the service with some general features predefined on your computer or defined by the actual user. For example, the language, the type of browser through which the service is accessed, the design of the selected contents, geolocation of the computer and the regional configuration in which the service is accessed.<br \/><br \/><strong>Third-party cookies:<\/strong> On some web pages, you can install third-party cookies that allow you to manage and improve the services offered.<br \/><br \/>The list of cookies used may be modified depending on the inclusion or exclusion of web services and applications.<br \/>To manage the activities of cookies on your computer, you can explicitly accept, block or delete them. If you do not do this and continue browsing the website, it will be understood that you accept them.<br \/><br \/>If you wish at any time to withdraw your consent to the use of cookies, you must delete the cookies stored on your computer or mobile device through the settings and configurations of your Internet browser.<br \/>Follow this link where you can consult the privacy policy of these Google services.<br \/><br \/><strong>Revocation and deletion of cookies<\/strong><br \/>You can allow, block or delete cookies installed on your device by configuring the browser options installed on your device.<\/p><ul><li>For more information about the browser <a href=\"https:\/\/support.mozilla.org\/es\/kb\/habilitar-y-deshabilitar-cookies-sitios-web-rastrear-preferencias?redirectslug=habilitar-y-deshabilitar-cookies-que-los-sitios-we&amp;redirectlocale=es\" target=\"_blank\" rel=\"noopener\">Firefox click here.<\/a><\/li><li>For more information about the browser <a href=\"https:\/\/support.google.com\/chrome\/answer\/95647?hl=es\" target=\"_blank\" rel=\"noopener\">Chrome click here.<\/a><\/li><li>For more information about the browser <a href=\"https:\/\/support.microsoft.com\/es-es\/windows\/administrar-cookies-en-microsoft-edge-ver-permitir-bloquear-eliminar-y-usar-168dab11-0753-043d-7c16-ede5947fc64d\" target=\"_blank\" rel=\"noopener\">Explorer click here.<\/a><\/li><li>For more information about the browser <a href=\"https:\/\/support.apple.com\/es-es\/105082\" target=\"_blank\" rel=\"noopener\">Safari click here.<\/a><\/li><\/ul><p>These browsers are subject to updates or modifications, so we cannot guarantee that they will be fully compliant with the browser version.<br \/><br \/>If the user wishes to reject the use of cookies, he\/she may continue to browse\/use the Website, but may be limited in the use of some of the features. <br \/><br \/>If the user continues to browse the Web Site without refusing your authorization implies that you accept its use by Sorsa. For any additional questions related to the use of cookies, you can send your request in writing by e-mail to <a href=\"mailto:comer@sorsa.es\">comer@sorsa.es<\/a>.<\/p>\t\t\t\t\t\t\t\t<\/div>\n\t\t\t\t<\/div>\n\t\t\t\t\t<\/div>\n\t\t\t\t<\/div>\n\t\t\t\t<\/div>","protected":false},"excerpt":{"rendered":"<p>Mediante el acceso y uso del Sitio Web, el usuario consiente que Sorsa pueda recabar cookies. Las cookies constituyen procedimientos autom\u00e1ticos de recogida de informaci\u00f3n relativa a las preferencias determinadas por un usuario de Internet durante su visita a un determinado sitio web con el fin de reconocerlo como usuario recurrente y personalizar su uso [&hellip;]<\/p>\n","protected":false},"author":1,"featured_media":0,"parent":0,"menu_order":0,"comment_status":"closed","ping_status":"closed","template":"elementor_header_footer","meta":{"footnotes":""},"class_list":["post-5447","page","type-page","status-publish","hentry"],"yoast_head":"<!-- This site is optimized with the Yoast SEO plugin v27.2 - https:\/\/yoast.com\/product\/yoast-seo-wordpress\/ -->\n<title>Pol\u00edtica de cookies de Sorsa -<\/title>\n<meta name=\"description\" content=\"En esta p\u00e1gina puedes consultar la Pol\u00edtica de cookies de Sorsa. En ella te informamso del uso que hacemos de las cookies\" \/>\n<meta name=\"robots\" content=\"index, follow, max-snippet:-1, max-image-preview:large, max-video-preview:-1\" \/>\n<link rel=\"canonical\" href=\"https:\/\/sorsa.es\/en\/cookies-policy\/\" \/>\n<meta property=\"og:locale\" content=\"en_US\" \/>\n<meta property=\"og:type\" content=\"article\" \/>\n<meta property=\"og:title\" content=\"Pol\u00edtica de cookies de Sorsa -\" \/>\n<meta property=\"og:description\" content=\"En esta p\u00e1gina puedes consultar la Pol\u00edtica de cookies de Sorsa. En ella te informamso del uso que hacemos de las cookies\" \/>\n<meta property=\"og:url\" content=\"https:\/\/sorsa.es\/en\/cookies-policy\/\" \/>\n<meta property=\"article:modified_time\" content=\"2024-11-04T10:57:05+00:00\" \/>\n<meta name=\"twitter:card\" content=\"summary_large_image\" \/>\n<meta name=\"twitter:label1\" content=\"Est. reading time\" \/>\n\t<meta name=\"twitter:data1\" content=\"4 minutes\" \/>\n<script type=\"application\/ld+json\" class=\"yoast-schema-graph\">{\"@context\":\"https:\/\/schema.org\",\"@graph\":[{\"@type\":\"WebPage\",\"@id\":\"https:\/\/sorsa.es\/politica-de-cookies\/\",\"url\":\"https:\/\/sorsa.es\/politica-de-cookies\/\",\"name\":\"Pol\u00edtica de cookies de Sorsa -\",\"isPartOf\":{\"@id\":\"https:\/\/sorsa.es\/fr\/#website\"},\"datePublished\":\"2024-07-09T14:34:43+00:00\",\"dateModified\":\"2024-11-04T10:57:05+00:00\",\"description\":\"En esta p\u00e1gina puedes consultar la Pol\u00edtica de cookies de Sorsa. En ella te informamso del uso que hacemos de las cookies\",\"breadcrumb\":{\"@id\":\"https:\/\/sorsa.es\/politica-de-cookies\/#breadcrumb\"},\"inLanguage\":\"en-US\",\"potentialAction\":[{\"@type\":\"ReadAction\",\"target\":[\"https:\/\/sorsa.es\/politica-de-cookies\/\"]}]},{\"@type\":\"BreadcrumbList\",\"@id\":\"https:\/\/sorsa.es\/politica-de-cookies\/#breadcrumb\",\"itemListElement\":[{\"@type\":\"ListItem\",\"position\":1,\"name\":\"Portada\",\"item\":\"https:\/\/sorsa.es\/\"},{\"@type\":\"ListItem\",\"position\":2,\"name\":\"Pol\u00edtica de cookies\"}]},{\"@type\":\"WebSite\",\"@id\":\"https:\/\/sorsa.es\/fr\/#website\",\"url\":\"https:\/\/sorsa.es\/fr\/\",\"name\":\"sorsa.es\",\"description\":\"\",\"publisher\":{\"@id\":\"https:\/\/sorsa.es\/fr\/#organization\"},\"potentialAction\":[{\"@type\":\"SearchAction\",\"target\":{\"@type\":\"EntryPoint\",\"urlTemplate\":\"https:\/\/sorsa.es\/fr\/?s={search_term_string}\"},\"query-input\":{\"@type\":\"PropertyValueSpecification\",\"valueRequired\":true,\"valueName\":\"search_term_string\"}}],\"inLanguage\":\"en-US\"},{\"@type\":\"Organization\",\"@id\":\"https:\/\/sorsa.es\/fr\/#organization\",\"name\":\"Sistemas de Embalaje Sorsa\",\"url\":\"https:\/\/sorsa.es\/fr\/\",\"logo\":{\"@type\":\"ImageObject\",\"inLanguage\":\"en-US\",\"@id\":\"https:\/\/sorsa.es\/fr\/#\/schema\/logo\/image\/\",\"url\":\"https:\/\/sorsa.es\/wp-content\/uploads\/2022\/06\/logo-sorsa-1.png\",\"contentUrl\":\"https:\/\/sorsa.es\/wp-content\/uploads\/2022\/06\/logo-sorsa-1.png\",\"width\":385,\"height\":85,\"caption\":\"Sistemas de Embalaje Sorsa\"},\"image\":{\"@id\":\"https:\/\/sorsa.es\/fr\/#\/schema\/logo\/image\/\"},\"sameAs\":[\"https:\/\/es.linkedin.com\/company\/sistemas-de-embalaje-sorsa-s-a-\"]}]}<\/script>\n<!-- \/ Yoast SEO plugin. -->","yoast_head_json":{"title":"Sorsa Cookie Policy -","description":"On this page you can consult Sorsa's Cookie Policy. In it we inform you about our use of cookies.","robots":{"index":"index","follow":"follow","max-snippet":"max-snippet:-1","max-image-preview":"max-image-preview:large","max-video-preview":"max-video-preview:-1"},"canonical":"https:\/\/sorsa.es\/en\/cookies-policy\/","og_locale":"en_US","og_type":"article","og_title":"Pol\u00edtica de cookies de Sorsa -","og_description":"En esta p\u00e1gina puedes consultar la Pol\u00edtica de cookies de Sorsa. En ella te informamso del uso que hacemos de las cookies","og_url":"https:\/\/sorsa.es\/en\/cookies-policy\/","article_modified_time":"2024-11-04T10:57:05+00:00","twitter_card":"summary_large_image","twitter_misc":{"Est. reading time":"4 minutes"},"schema":{"@context":"https:\/\/schema.org","@graph":[{"@type":"WebPage","@id":"https:\/\/sorsa.es\/politica-de-cookies\/","url":"https:\/\/sorsa.es\/politica-de-cookies\/","name":"Sorsa Cookie Policy -","isPartOf":{"@id":"https:\/\/sorsa.es\/fr\/#website"},"datePublished":"2024-07-09T14:34:43+00:00","dateModified":"2024-11-04T10:57:05+00:00","description":"On this page you can consult Sorsa's Cookie Policy. In it we inform you about our use of cookies.","breadcrumb":{"@id":"https:\/\/sorsa.es\/politica-de-cookies\/#breadcrumb"},"inLanguage":"en-US","potentialAction":[{"@type":"ReadAction","target":["https:\/\/sorsa.es\/politica-de-cookies\/"]}]},{"@type":"BreadcrumbList","@id":"https:\/\/sorsa.es\/politica-de-cookies\/#breadcrumb","itemListElement":[{"@type":"ListItem","position":1,"name":"Portada","item":"https:\/\/sorsa.es\/"},{"@type":"ListItem","position":2,"name":"Pol\u00edtica de cookies"}]},{"@type":"WebSite","@id":"https:\/\/sorsa.es\/fr\/#website","url":"https:\/\/sorsa.es\/fr\/","name":"sorsa.es","description":"","publisher":{"@id":"https:\/\/sorsa.es\/fr\/#organization"},"potentialAction":[{"@type":"SearchAction","target":{"@type":"EntryPoint","urlTemplate":"https:\/\/sorsa.es\/fr\/?s={search_term_string}"},"query-input":{"@type":"PropertyValueSpecification","valueRequired":true,"valueName":"search_term_string"}}],"inLanguage":"en-US"},{"@type":"Organization","@id":"https:\/\/sorsa.es\/fr\/#organization","name":"Sorsa Packaging Systems","url":"https:\/\/sorsa.es\/fr\/","logo":{"@type":"ImageObject","inLanguage":"en-US","@id":"https:\/\/sorsa.es\/fr\/#\/schema\/logo\/image\/","url":"https:\/\/sorsa.es\/wp-content\/uploads\/2022\/06\/logo-sorsa-1.png","contentUrl":"https:\/\/sorsa.es\/wp-content\/uploads\/2022\/06\/logo-sorsa-1.png","width":385,"height":85,"caption":"Sistemas de Embalaje Sorsa"},"image":{"@id":"https:\/\/sorsa.es\/fr\/#\/schema\/logo\/image\/"},"sameAs":["https:\/\/es.linkedin.com\/company\/sistemas-de-embalaje-sorsa-s-a-"]}]}},"_links":{"self":[{"href":"https:\/\/sorsa.es\/en\/wp-json\/wp\/v2\/pages\/5447","targetHints":{"allow":["GET"]}}],"collection":[{"href":"https:\/\/sorsa.es\/en\/wp-json\/wp\/v2\/pages"}],"about":[{"href":"https:\/\/sorsa.es\/en\/wp-json\/wp\/v2\/types\/page"}],"author":[{"embeddable":true,"href":"https:\/\/sorsa.es\/en\/wp-json\/wp\/v2\/users\/1"}],"replies":[{"embeddable":true,"href":"https:\/\/sorsa.es\/en\/wp-json\/wp\/v2\/comments?post=5447"}],"version-history":[{"count":1,"href":"https:\/\/sorsa.es\/en\/wp-json\/wp\/v2\/pages\/5447\/revisions"}],"predecessor-version":[{"id":6420,"href":"https:\/\/sorsa.es\/en\/wp-json\/wp\/v2\/pages\/5447\/revisions\/6420"}],"wp:attachment":[{"href":"https:\/\/sorsa.es\/en\/wp-json\/wp\/v2\/media?parent=5447"}],"curies":[{"name":"wp","href":"https:\/\/api.w.org\/{rel}","templated":true}]}}