{"id":5457,"date":"2024-07-09T15:07:42","date_gmt":"2024-07-09T15:07:42","guid":{"rendered":"https:\/\/sorsa.es\/?page_id=5457"},"modified":"2025-01-30T12:12:07","modified_gmt":"2025-01-30T12:12:07","slug":"quality-and-code-of-ethics","status":"publish","type":"page","link":"https:\/\/sorsa.es\/en\/calidad-y-codigo-etico\/","title":{"rendered":"Quality and code of ethics"},"content":{"rendered":"<div data-elementor-type=\"wp-page\" data-elementor-id=\"5457\" class=\"elementor elementor-5457\" data-elementor-post-type=\"page\">\n\t\t\t\t<div class=\"elementor-element elementor-element-09838fa e-flex e-con-boxed e-con e-parent\" data-id=\"09838fa\" data-element_type=\"container\" data-e-type=\"container\" data-settings=\"{&quot;background_background&quot;:&quot;classic&quot;}\">\n\t\t\t\t\t<div class=\"e-con-inner\">\n\t\t\t\t<div class=\"elementor-element elementor-element-95e1c72 elementor-widget elementor-widget-theme-post-title elementor-page-title elementor-widget-heading\" data-id=\"95e1c72\" data-element_type=\"widget\" data-e-type=\"widget\" data-widget_type=\"theme-post-title.default\">\n\t\t\t\t<div class=\"elementor-widget-container\">\n\t\t\t\t\t<h1 class=\"elementor-heading-title elementor-size-default\">Quality and code of ethics<\/h1>\t\t\t\t<\/div>\n\t\t\t\t<\/div>\n\t\t\t\t\t<\/div>\n\t\t\t\t<\/div>\n\t\t<div class=\"elementor-element elementor-element-fcded2f e-flex e-con-boxed e-con e-parent\" data-id=\"fcded2f\" data-element_type=\"container\" data-e-type=\"container\">\n\t\t\t\t\t<div class=\"e-con-inner\">\n\t\t\t\t<div class=\"elementor-element elementor-element-c861d24 elementor-invisible elementor-widget elementor-widget-text-editor\" data-id=\"c861d24\" data-element_type=\"widget\" data-e-type=\"widget\" data-settings=\"{&quot;_animation&quot;:&quot;fadeInRight&quot;}\" data-widget_type=\"text-editor.default\">\n\t\t\t\t<div class=\"elementor-widget-container\">\n\t\t\t\t\t\t\t\t\t<p>Sistemas de Embalaje Sorsa, S.A., Strapping division, is dedicated to the design, manufacture and commercialization of polypropylene, polyester and esterfil strapping. And marketing and distribution of steel strapping.<\/p><p>The company's vision is to be a leader in the sector, of recognized national prestige, that pursues excellence in its products, with the intention of being considered by our customers as a company that differentiates itself in its products and from the rest of its competitors by showing a clear vocation for quality and service. The company's mission is to provide immediate solutions to customers looking for an efficient, environmentally responsible and competitive product. Our added value lies in high quality raw materials, which guarantee the technical characteristics and safety of our products, properly qualified and trained personnel and high technology facilities to facilitate the adequate and reliable performance of the product.<\/p><p>The General Management declares its commitment to compliance with regulatory and other requirements applicable to product, environmental management and energy management; availability of information and resources necessary to achieve objectives and targets; continuous improvement of the effectiveness of the quality system, environmental management and pollution prevention, energy performance and energy management system.<\/p><p>The fundamental principles on which the company's Management Policy is based are as follows:<\/p><p><strong>Quality Management:<\/strong><\/p><ul><li>The communication and availability of contact with our customers of our entire team.<\/li><li>Respond quickly to the needs of our customers in the required products.<\/li><li>To provide a global solution in packaging system.<br \/>Involve the entire<\/li><li>personnel of the company in the continuous improvement of processes.<\/li><li>Maintain internal quality standards based on product and process excellence.<\/li><\/ul><p><strong>Environmental Management:<\/strong><\/p><ul><li>Minimize the quantity, hazardousness and environmental impact of the waste flows generated.<\/li><li>Avoid unnecessary use of resources<\/li><li>Involve our subcontractors in the proper management of the environmental aspects derived from the activities they perform for or on behalf of our company.<\/li><li>Develop training and awareness plans for our employees on environmental issues related to their work, and how they can contribute to the reduction of the environmental impact of their activity.<\/li><\/ul><p><strong>Energy Management:<\/strong><\/p><ul><li>Support for the acquisition of energy efficient products, equipment and services that have an impact on energy performance.<\/li><li>Support for design activities that consider energy performance improvement.<\/li><\/ul><p><strong>Security:<\/strong><\/p><ul><li>Provide a safe environment for our employees and visitors.<\/li><li>Incorporate occupational risk prevention in decision making. All members of the organization must consider Occupational Health and Safety as a priority responsibility.<\/li><\/ul><p>\u00a0<\/p><p>The implementation of this policy is a fundamental objective of the Management and it is the responsibility of all personnel to focus all their actions on adding value to the principles set out in it.<\/p><p>\u00a0<\/p><p><a href=\"https:\/\/formulario.sorsa.es\/certificados\/CODIGO_ETICO.pdf\" target=\"_blank\" rel=\"noopener\">CONSULT OUR CODE OF ETHICS<\/a><\/p><p><a href=\"https:\/\/formulario.sorsa.es\/certificados\/0037139-001-QMS-SPAES-UKAS.pdf\" target=\"_blank\" rel=\"noopener\">Quality management system<\/a><\/p><p><a href=\"https:\/\/formulario.sorsa.es\/certificados\/0037138-001-EMS-SPAES-UKAS.pdf\" target=\"_blank\" rel=\"noopener\">Environmental management system<\/a><\/p><p><a href=\"https:\/\/formulario.sorsa.es\/certificados\/00039371-50001-SPAES-UKAS.pdf\" target=\"_blank\" rel=\"noopener\">Energy management system<\/a><\/p><p><a href=\"https:\/\/formulario.sorsa.es\/certificados\/ESBCN_000732_GenericCertificate_Final.pdf\" target=\"_blank\" rel=\"noopener\">SGS CERTIFICATE Traceability of plastics recycling and recycled plastic content<\/a><\/p><p><a href=\"https:\/\/etika360-sorsa.ethic-channel.com\/home\" target=\"_blank\" rel=\"noopener\"><strong>Channel denunciation<\/strong><\/a><\/p>\t\t\t\t\t\t\t\t<\/div>\n\t\t\t\t<\/div>\n\t\t\t\t\t<\/div>\n\t\t\t\t<\/div>\n\t\t\t\t<\/div>","protected":false},"excerpt":{"rendered":"<p>Sistemas de Embalaje Sorsa, S.A., divisi\u00f3n Fleje, se dedica al dise\u00f1o, fabricaci\u00f3n y comercializaci\u00f3n de fleje de polipropileno, poli\u00e9ster y \u00e9sterfil. Y comercializaci\u00f3n y distribuci\u00f3n de fleje de acero. La visi\u00f3n de la compa\u00f1\u00eda es ser l\u00edder en el sector, de reconocido prestigio nacional, que persigue la excelencia en sus productos, con la intenci\u00f3n de [&hellip;]<\/p>\n","protected":false},"author":1,"featured_media":0,"parent":0,"menu_order":0,"comment_status":"closed","ping_status":"closed","template":"elementor_header_footer","meta":{"footnotes":""},"class_list":["post-5457","page","type-page","status-publish","hentry"],"yoast_head":"<!-- This site is optimized with the Yoast SEO plugin v27.2 - https:\/\/yoast.com\/product\/yoast-seo-wordpress\/ -->\n<title>Calidad y c\u00f3digo \u00e9tico Sorsa -<\/title>\n<meta name=\"description\" content=\"Esta es la p\u00e1gina de Calidad y c\u00f3digo \u00e9tico de Sorsa. Consulta nuestras pol\u00edticas y documentaci\u00f3n, como certificados, a ese respecto.\" \/>\n<meta name=\"robots\" content=\"index, follow, max-snippet:-1, max-image-preview:large, max-video-preview:-1\" \/>\n<link rel=\"canonical\" href=\"https:\/\/sorsa.es\/en\/quality-and-code-of-ethics\/\" \/>\n<meta property=\"og:locale\" content=\"en_US\" \/>\n<meta property=\"og:type\" content=\"article\" \/>\n<meta property=\"og:title\" content=\"Calidad y c\u00f3digo \u00e9tico Sorsa -\" \/>\n<meta property=\"og:description\" content=\"Esta es la p\u00e1gina de Calidad y c\u00f3digo \u00e9tico de Sorsa. Consulta nuestras pol\u00edticas y documentaci\u00f3n, como certificados, a ese respecto.\" \/>\n<meta property=\"og:url\" content=\"https:\/\/sorsa.es\/en\/quality-and-code-of-ethics\/\" \/>\n<meta property=\"article:modified_time\" content=\"2025-01-30T12:12:07+00:00\" \/>\n<meta name=\"twitter:card\" content=\"summary_large_image\" \/>\n<meta name=\"twitter:label1\" content=\"Est. reading time\" \/>\n\t<meta name=\"twitter:data1\" content=\"3 minutes\" \/>\n<script type=\"application\/ld+json\" class=\"yoast-schema-graph\">{\"@context\":\"https:\/\/schema.org\",\"@graph\":[{\"@type\":\"WebPage\",\"@id\":\"https:\/\/sorsa.es\/calidad-y-codigo-etico\/\",\"url\":\"https:\/\/sorsa.es\/calidad-y-codigo-etico\/\",\"name\":\"Calidad y c\u00f3digo \u00e9tico Sorsa -\",\"isPartOf\":{\"@id\":\"https:\/\/sorsa.es\/fr\/#website\"},\"datePublished\":\"2024-07-09T15:07:42+00:00\",\"dateModified\":\"2025-01-30T12:12:07+00:00\",\"description\":\"Esta es la p\u00e1gina de Calidad y c\u00f3digo \u00e9tico de Sorsa. Consulta nuestras pol\u00edticas y documentaci\u00f3n, como certificados, a ese respecto.\",\"breadcrumb\":{\"@id\":\"https:\/\/sorsa.es\/calidad-y-codigo-etico\/#breadcrumb\"},\"inLanguage\":\"en-US\",\"potentialAction\":[{\"@type\":\"ReadAction\",\"target\":[\"https:\/\/sorsa.es\/calidad-y-codigo-etico\/\"]}]},{\"@type\":\"BreadcrumbList\",\"@id\":\"https:\/\/sorsa.es\/calidad-y-codigo-etico\/#breadcrumb\",\"itemListElement\":[{\"@type\":\"ListItem\",\"position\":1,\"name\":\"Portada\",\"item\":\"https:\/\/sorsa.es\/\"},{\"@type\":\"ListItem\",\"position\":2,\"name\":\"Calidad y c\u00f3digo \u00e9tico\"}]},{\"@type\":\"WebSite\",\"@id\":\"https:\/\/sorsa.es\/fr\/#website\",\"url\":\"https:\/\/sorsa.es\/fr\/\",\"name\":\"sorsa.es\",\"description\":\"\",\"publisher\":{\"@id\":\"https:\/\/sorsa.es\/fr\/#organization\"},\"potentialAction\":[{\"@type\":\"SearchAction\",\"target\":{\"@type\":\"EntryPoint\",\"urlTemplate\":\"https:\/\/sorsa.es\/fr\/?s={search_term_string}\"},\"query-input\":{\"@type\":\"PropertyValueSpecification\",\"valueRequired\":true,\"valueName\":\"search_term_string\"}}],\"inLanguage\":\"en-US\"},{\"@type\":\"Organization\",\"@id\":\"https:\/\/sorsa.es\/fr\/#organization\",\"name\":\"Sistemas de Embalaje Sorsa\",\"url\":\"https:\/\/sorsa.es\/fr\/\",\"logo\":{\"@type\":\"ImageObject\",\"inLanguage\":\"en-US\",\"@id\":\"https:\/\/sorsa.es\/fr\/#\/schema\/logo\/image\/\",\"url\":\"https:\/\/sorsa.es\/wp-content\/uploads\/2022\/06\/logo-sorsa-1.png\",\"contentUrl\":\"https:\/\/sorsa.es\/wp-content\/uploads\/2022\/06\/logo-sorsa-1.png\",\"width\":385,\"height\":85,\"caption\":\"Sistemas de Embalaje Sorsa\"},\"image\":{\"@id\":\"https:\/\/sorsa.es\/fr\/#\/schema\/logo\/image\/\"},\"sameAs\":[\"https:\/\/es.linkedin.com\/company\/sistemas-de-embalaje-sorsa-s-a-\"]}]}<\/script>\n<!-- \/ Yoast SEO plugin. -->","yoast_head_json":{"title":"Sorsa Quality and Code of Ethics -","description":"This is Sorsa's Quality and Code of Ethics page. Consult our policies and documentation, such as certificates, in this regard.","robots":{"index":"index","follow":"follow","max-snippet":"max-snippet:-1","max-image-preview":"max-image-preview:large","max-video-preview":"max-video-preview:-1"},"canonical":"https:\/\/sorsa.es\/en\/quality-and-code-of-ethics\/","og_locale":"en_US","og_type":"article","og_title":"Calidad y c\u00f3digo \u00e9tico Sorsa -","og_description":"Esta es la p\u00e1gina de Calidad y c\u00f3digo \u00e9tico de Sorsa. Consulta nuestras pol\u00edticas y documentaci\u00f3n, como certificados, a ese respecto.","og_url":"https:\/\/sorsa.es\/en\/quality-and-code-of-ethics\/","article_modified_time":"2025-01-30T12:12:07+00:00","twitter_card":"summary_large_image","twitter_misc":{"Est. reading time":"3 minutes"},"schema":{"@context":"https:\/\/schema.org","@graph":[{"@type":"WebPage","@id":"https:\/\/sorsa.es\/calidad-y-codigo-etico\/","url":"https:\/\/sorsa.es\/calidad-y-codigo-etico\/","name":"Sorsa Quality and Code of Ethics -","isPartOf":{"@id":"https:\/\/sorsa.es\/fr\/#website"},"datePublished":"2024-07-09T15:07:42+00:00","dateModified":"2025-01-30T12:12:07+00:00","description":"This is Sorsa's Quality and Code of Ethics page. Consult our policies and documentation, such as certificates, in this regard.","breadcrumb":{"@id":"https:\/\/sorsa.es\/calidad-y-codigo-etico\/#breadcrumb"},"inLanguage":"en-US","potentialAction":[{"@type":"ReadAction","target":["https:\/\/sorsa.es\/calidad-y-codigo-etico\/"]}]},{"@type":"BreadcrumbList","@id":"https:\/\/sorsa.es\/calidad-y-codigo-etico\/#breadcrumb","itemListElement":[{"@type":"ListItem","position":1,"name":"Portada","item":"https:\/\/sorsa.es\/"},{"@type":"ListItem","position":2,"name":"Calidad y c\u00f3digo \u00e9tico"}]},{"@type":"WebSite","@id":"https:\/\/sorsa.es\/fr\/#website","url":"https:\/\/sorsa.es\/fr\/","name":"sorsa.es","description":"","publisher":{"@id":"https:\/\/sorsa.es\/fr\/#organization"},"potentialAction":[{"@type":"SearchAction","target":{"@type":"EntryPoint","urlTemplate":"https:\/\/sorsa.es\/fr\/?s={search_term_string}"},"query-input":{"@type":"PropertyValueSpecification","valueRequired":true,"valueName":"search_term_string"}}],"inLanguage":"en-US"},{"@type":"Organization","@id":"https:\/\/sorsa.es\/fr\/#organization","name":"Sorsa Packaging Systems","url":"https:\/\/sorsa.es\/fr\/","logo":{"@type":"ImageObject","inLanguage":"en-US","@id":"https:\/\/sorsa.es\/fr\/#\/schema\/logo\/image\/","url":"https:\/\/sorsa.es\/wp-content\/uploads\/2022\/06\/logo-sorsa-1.png","contentUrl":"https:\/\/sorsa.es\/wp-content\/uploads\/2022\/06\/logo-sorsa-1.png","width":385,"height":85,"caption":"Sistemas de Embalaje Sorsa"},"image":{"@id":"https:\/\/sorsa.es\/fr\/#\/schema\/logo\/image\/"},"sameAs":["https:\/\/es.linkedin.com\/company\/sistemas-de-embalaje-sorsa-s-a-"]}]}},"_links":{"self":[{"href":"https:\/\/sorsa.es\/en\/wp-json\/wp\/v2\/pages\/5457","targetHints":{"allow":["GET"]}}],"collection":[{"href":"https:\/\/sorsa.es\/en\/wp-json\/wp\/v2\/pages"}],"about":[{"href":"https:\/\/sorsa.es\/en\/wp-json\/wp\/v2\/types\/page"}],"author":[{"embeddable":true,"href":"https:\/\/sorsa.es\/en\/wp-json\/wp\/v2\/users\/1"}],"replies":[{"embeddable":true,"href":"https:\/\/sorsa.es\/en\/wp-json\/wp\/v2\/comments?post=5457"}],"version-history":[{"count":13,"href":"https:\/\/sorsa.es\/en\/wp-json\/wp\/v2\/pages\/5457\/revisions"}],"predecessor-version":[{"id":6517,"href":"https:\/\/sorsa.es\/en\/wp-json\/wp\/v2\/pages\/5457\/revisions\/6517"}],"wp:attachment":[{"href":"https:\/\/sorsa.es\/en\/wp-json\/wp\/v2\/media?parent=5457"}],"curies":[{"name":"wp","href":"https:\/\/api.w.org\/{rel}","templated":true}]}}