{"id":6065,"date":"2024-07-17T11:41:00","date_gmt":"2024-07-17T11:41:00","guid":{"rendered":"https:\/\/sorsa.es\/?page_id=6065"},"modified":"2024-12-23T09:25:37","modified_gmt":"2024-12-23T09:25:37","slug":"sustainability","status":"publish","type":"page","link":"https:\/\/sorsa.es\/en\/sostenibilidad\/","title":{"rendered":"Sustainability"},"content":{"rendered":"<div data-elementor-type=\"wp-page\" data-elementor-id=\"6065\" class=\"elementor elementor-6065\" data-elementor-post-type=\"page\">\n\t\t\t\t<div class=\"elementor-element elementor-element-1b2a11d e-flex e-con-boxed e-con e-parent\" data-id=\"1b2a11d\" data-element_type=\"container\" data-e-type=\"container\" data-settings=\"{&quot;background_background&quot;:&quot;classic&quot;}\">\n\t\t\t\t\t<div class=\"e-con-inner\">\n\t\t\t\t<div class=\"elementor-element elementor-element-2fa2126 elementor-widget elementor-widget-theme-post-title elementor-page-title elementor-widget-heading\" data-id=\"2fa2126\" data-element_type=\"widget\" data-e-type=\"widget\" data-widget_type=\"theme-post-title.default\">\n\t\t\t\t<div class=\"elementor-widget-container\">\n\t\t\t\t\t<h1 class=\"elementor-heading-title elementor-size-default\">Sustainability<\/h1>\t\t\t\t<\/div>\n\t\t\t\t<\/div>\n\t\t\t\t\t<\/div>\n\t\t\t\t<\/div>\n\t\t<div class=\"elementor-element elementor-element-70bfd09 e-flex e-con-boxed elementor-invisible e-con e-parent\" data-id=\"70bfd09\" data-element_type=\"container\" data-e-type=\"container\" data-settings=\"{&quot;animation&quot;:&quot;fadeInRight&quot;}\">\n\t\t\t\t\t<div class=\"e-con-inner\">\n\t\t<div class=\"elementor-element elementor-element-6bb155b e-con-full e-flex e-con e-child\" data-id=\"6bb155b\" data-element_type=\"container\" data-e-type=\"container\">\n\t\t\t\t<div class=\"elementor-element elementor-element-8a6a2b6 elementor-widget elementor-widget-text-editor\" data-id=\"8a6a2b6\" data-element_type=\"widget\" data-e-type=\"widget\" data-widget_type=\"text-editor.default\">\n\t\t\t\t<div class=\"elementor-widget-container\">\n\t\t\t\t\t\t\t\t\t<p class=\"p2\">SISTEMAS DE EMBALAJE SORSA, S.A. has received a grant for its energy saving and efficiency project \"Energy efficiency action in the manufacture of strapping\" co-financed by the European Regional Development Fund (ERDF), coordinated by IDAE and managed by the autonomous regions, under the National Energy Efficiency Fund, with the aim of achieving a cleaner and more sustainable economy. An energy saving and efficiency project has been developed, consisting of the replacement of old pre-treating and extrusion equipment for the manufacture of PET strapping with new, highly energy-efficient equipment. The collaboration of the best equipment manufacturers in the sector has been required, which will provide us with great energy and environmental savings in the process. The project will save 41.3 toe per year.<\/p>\t\t\t\t\t\t\t\t<\/div>\n\t\t\t\t<\/div>\n\t\t\t\t<\/div>\n\t\t<div class=\"elementor-element elementor-element-a5ec72a e-con-full e-flex e-con e-child\" data-id=\"a5ec72a\" data-element_type=\"container\" data-e-type=\"container\">\n\t\t\t\t<div class=\"elementor-element elementor-element-301317f elementor-widget elementor-widget-image\" data-id=\"301317f\" data-element_type=\"widget\" data-e-type=\"widget\" data-widget_type=\"image.default\">\n\t\t\t\t<div class=\"elementor-widget-container\">\n\t\t\t\t\t\t\t\t\t\t\t\t\t\t\t\t<a href=\"https:\/\/sorsa.es\/wp-content\/uploads\/2024\/07\/Captura-de-pantalla-2024-07-17-a-les-13.45.37.jpg\" data-elementor-open-lightbox=\"yes\" data-e-action-hash=\"#elementor-action%3Aaction%3Dlightbox%26settings%3DeyJpZCI6NjA3NCwidXJsIjoiaHR0cHM6XC9cL3NvcnNhLmVzXC93cC1jb250ZW50XC91cGxvYWRzXC8yMDI0XC8wN1wvQ2FwdHVyYS1kZS1wYW50YWxsYS0yMDI0LTA3LTE3LWEtbGVzLTEzLjQ1LjM3LmpwZyJ9\">\n\t\t\t\t\t\t\t<img fetchpriority=\"high\" decoding=\"async\" width=\"800\" height=\"561\" src=\"https:\/\/sorsa.es\/wp-content\/uploads\/2024\/07\/Captura-de-pantalla-2024-07-17-a-les-13.45.37.jpg\" class=\"attachment-large size-large wp-image-6074\" alt=\"sorsa sustainability\" srcset=\"https:\/\/sorsa.es\/wp-content\/uploads\/2024\/07\/Captura-de-pantalla-2024-07-17-a-les-13.45.37.jpg 1000w, https:\/\/sorsa.es\/wp-content\/uploads\/2024\/07\/Captura-de-pantalla-2024-07-17-a-les-13.45.37-300x210.jpg 300w, https:\/\/sorsa.es\/wp-content\/uploads\/2024\/07\/Captura-de-pantalla-2024-07-17-a-les-13.45.37-768x538.jpg 768w, https:\/\/sorsa.es\/wp-content\/uploads\/2024\/07\/Captura-de-pantalla-2024-07-17-a-les-13.45.37-18x12.jpg 18w\" sizes=\"(max-width: 800px) 100vw, 800px\" \/>\t\t\t\t\t\t\t\t<\/a>\n\t\t\t\t\t\t\t\t\t\t\t\t\t\t\t<\/div>\n\t\t\t\t<\/div>\n\t\t\t\t<\/div>\n\t\t\t\t\t<\/div>\n\t\t\t\t<\/div>\n\t\t<div class=\"elementor-element elementor-element-ad12e80 e-flex e-con-boxed elementor-invisible e-con e-parent\" data-id=\"ad12e80\" data-element_type=\"container\" data-e-type=\"container\" data-settings=\"{&quot;animation&quot;:&quot;fadeInRight&quot;}\">\n\t\t\t\t\t<div class=\"e-con-inner\">\n\t\t<div class=\"elementor-element elementor-element-56d3c2f e-con-full e-flex e-con e-child\" data-id=\"56d3c2f\" data-element_type=\"container\" data-e-type=\"container\">\n\t\t\t\t<div class=\"elementor-element elementor-element-c0918fb elementor-widget elementor-widget-image\" data-id=\"c0918fb\" data-element_type=\"widget\" data-e-type=\"widget\" data-widget_type=\"image.default\">\n\t\t\t\t<div class=\"elementor-widget-container\">\n\t\t\t\t\t\t\t\t\t\t\t\t\t\t\t\t<a href=\"https:\/\/sorsa.es\/wp-content\/uploads\/2024\/07\/Captura-de-pantalla-2024-07-17-a-les-13.47.07.jpg\" data-elementor-open-lightbox=\"yes\" data-e-action-hash=\"#elementor-action%3Aaction%3Dlightbox%26settings%3DeyJpZCI6NjA3MywidXJsIjoiaHR0cHM6XC9cL3NvcnNhLmVzXC93cC1jb250ZW50XC91cGxvYWRzXC8yMDI0XC8wN1wvQ2FwdHVyYS1kZS1wYW50YWxsYS0yMDI0LTA3LTE3LWEtbGVzLTEzLjQ3LjA3LmpwZyJ9\">\n\t\t\t\t\t\t\t<img decoding=\"async\" width=\"800\" height=\"562\" src=\"https:\/\/sorsa.es\/wp-content\/uploads\/2024\/07\/Captura-de-pantalla-2024-07-17-a-les-13.47.07.jpg\" class=\"attachment-large size-large wp-image-6073\" alt=\"\" srcset=\"https:\/\/sorsa.es\/wp-content\/uploads\/2024\/07\/Captura-de-pantalla-2024-07-17-a-les-13.47.07.jpg 1000w, https:\/\/sorsa.es\/wp-content\/uploads\/2024\/07\/Captura-de-pantalla-2024-07-17-a-les-13.47.07-300x211.jpg 300w, https:\/\/sorsa.es\/wp-content\/uploads\/2024\/07\/Captura-de-pantalla-2024-07-17-a-les-13.47.07-768x540.jpg 768w, https:\/\/sorsa.es\/wp-content\/uploads\/2024\/07\/Captura-de-pantalla-2024-07-17-a-les-13.47.07-18x12.jpg 18w\" sizes=\"(max-width: 800px) 100vw, 800px\" \/>\t\t\t\t\t\t\t\t<\/a>\n\t\t\t\t\t\t\t\t\t\t\t\t\t\t\t<\/div>\n\t\t\t\t<\/div>\n\t\t\t\t<\/div>\n\t\t<div class=\"elementor-element elementor-element-29a5ce3 e-con-full e-flex e-con e-child\" data-id=\"29a5ce3\" data-element_type=\"container\" data-e-type=\"container\">\n\t\t\t\t<div class=\"elementor-element elementor-element-02a4e50 elementor-widget elementor-widget-text-editor\" data-id=\"02a4e50\" data-element_type=\"widget\" data-e-type=\"widget\" data-widget_type=\"text-editor.default\">\n\t\t\t\t<div class=\"elementor-widget-container\">\n\t\t\t\t\t\t\t\t\t<p class=\"p2\">SISTEMAS DE EMBALAJE SORSA, S.A. has received a grant for its self-consumption project \".<i>Installation of solar photovoltaic for self-consumption at the El Guixar\u00f3 plant.<\/i>\"The project is co-financed by the European Recovery and Resilience Mechanism PRTR-Next Generation EU, coordinated by the Ministry for Ecological Transition and the Demographic Challenge through IDAE and managed by the autonomous regions according to Royal Decree 477\/2021, with the aim of achieving a cleaner and more sustainable economy. A project of self-consumption with renewable energy sources has been developed, consisting of an installation of photovoltaic panels in the facilities of SISTEMAS DE EMBALAJE SORSA, S.A. in Col\u00f2nia El Guixar\u00f3. In this project, 575 modules of 550 Wp with a total power of 308 kW have been installed.<\/p>\t\t\t\t\t\t\t\t<\/div>\n\t\t\t\t<\/div>\n\t\t\t\t<\/div>\n\t\t\t\t\t<\/div>\n\t\t\t\t<\/div>\n\t\t<div class=\"elementor-element elementor-element-681146b e-flex e-con-boxed elementor-invisible e-con e-parent\" data-id=\"681146b\" data-element_type=\"container\" data-e-type=\"container\" data-settings=\"{&quot;animation&quot;:&quot;fadeInRight&quot;}\">\n\t\t\t\t\t<div class=\"e-con-inner\">\n\t\t<div class=\"elementor-element elementor-element-031d840 e-con-full e-flex e-con e-child\" data-id=\"031d840\" data-element_type=\"container\" data-e-type=\"container\">\n\t\t\t\t<div class=\"elementor-element elementor-element-be0c970 elementor-widget elementor-widget-image\" data-id=\"be0c970\" data-element_type=\"widget\" data-e-type=\"widget\" data-widget_type=\"image.default\">\n\t\t\t\t<div class=\"elementor-widget-container\">\n\t\t\t\t\t\t\t\t\t\t\t\t\t\t\t\t<a href=\"https:\/\/sorsa.es\/wp-content\/uploads\/2024\/12\/Publicidad_web_SORSA_211.jpg\" data-elementor-open-lightbox=\"yes\" data-e-action-hash=\"#elementor-action%3Aaction%3Dlightbox%26settings%3DeyJpZCI6NjQ2NSwidXJsIjoiaHR0cHM6XC9cL3NvcnNhLmVzXC93cC1jb250ZW50XC91cGxvYWRzXC8yMDI0XC8xMlwvUHVibGljaWRhZF93ZWJfU09SU0FfMjExLmpwZyJ9\">\n\t\t\t\t\t\t\t<img decoding=\"async\" width=\"800\" height=\"566\" src=\"https:\/\/sorsa.es\/wp-content\/uploads\/2024\/12\/Publicidad_web_SORSA_211-1024x725.jpg\" class=\"attachment-large size-large wp-image-6465\" alt=\"sorsa sustainability\" srcset=\"https:\/\/sorsa.es\/wp-content\/uploads\/2024\/12\/Publicidad_web_SORSA_211-1024x725.jpg 1024w, https:\/\/sorsa.es\/wp-content\/uploads\/2024\/12\/Publicidad_web_SORSA_211-300x212.jpg 300w, https:\/\/sorsa.es\/wp-content\/uploads\/2024\/12\/Publicidad_web_SORSA_211-768x543.jpg 768w, https:\/\/sorsa.es\/wp-content\/uploads\/2024\/12\/Publicidad_web_SORSA_211-1536x1087.jpg 1536w, https:\/\/sorsa.es\/wp-content\/uploads\/2024\/12\/Publicidad_web_SORSA_211.jpg 1696w, https:\/\/sorsa.es\/wp-content\/uploads\/2024\/12\/Publicidad_web_SORSA_211-18x12.jpg 18w\" sizes=\"(max-width: 800px) 100vw, 800px\" \/>\t\t\t\t\t\t\t\t<\/a>\n\t\t\t\t\t\t\t\t\t\t\t\t\t\t\t<\/div>\n\t\t\t\t<\/div>\n\t\t\t\t<\/div>\n\t\t<div class=\"elementor-element elementor-element-105739d e-con-full e-flex e-con e-child\" data-id=\"105739d\" data-element_type=\"container\" data-e-type=\"container\">\n\t\t\t\t<div class=\"elementor-element elementor-element-7c85ca5 elementor-widget elementor-widget-text-editor\" data-id=\"7c85ca5\" data-element_type=\"widget\" data-e-type=\"widget\" data-widget_type=\"text-editor.default\">\n\t\t\t\t<div class=\"elementor-widget-container\">\n\t\t\t\t\t\t\t\t\t<p><span class=\"Apple-converted-space\">\u00a0<\/span>ISTEMAS DE EMBALAJE SORSA, S.A. has obtained the international certification based on the ISO 14064 standard regarding the calculation of its Carbon Footprint and Greenhouse Gases (GHG), with the help and financing of the European Union - NextGenerationEU.<span class=\"Apple-converted-space\">\u00a0<\/span><\/p>\t\t\t\t\t\t\t\t<\/div>\n\t\t\t\t<\/div>\n\t\t\t\t<\/div>\n\t\t\t\t\t<\/div>\n\t\t\t\t<\/div>\n\t\t\t\t<\/div>","protected":false},"excerpt":{"rendered":"<p>SISTEMAS DE EMBALAJE SORSA, S.A. ha recibido una ayuda para su proyecto de ahorro y eficiencia energ\u00e9tica \u201cActuaci\u00f3n de eficiencia energ\u00e9tica en la fabricaci\u00f3n de fleje\u201d cofinanciada por el Fondo Europeo de Desarrollo Regional (FEDER), coordinada por IDAE y gestionada por las autonom\u00edas, con cargo al Fondo Nacional de Eficiencia Energ\u00e9tica, con el objetivo de [&hellip;]<\/p>\n","protected":false},"author":1,"featured_media":0,"parent":0,"menu_order":0,"comment_status":"closed","ping_status":"closed","template":"elementor_header_footer","meta":{"footnotes":""},"class_list":["post-6065","page","type-page","status-publish","hentry"],"yoast_head":"<!-- This site is optimized with the Yoast SEO plugin v27.4 - https:\/\/yoast.com\/product\/yoast-seo-wordpress\/ -->\n<title>Sorsa y el fleje y flejado sostenible -<\/title>\n<meta name=\"description\" content=\"El compromiso de Sorsa con el fleje y flejado sostenible forma parte de nuestro ADN, en esta p\u00e1gina econtrar\u00e1s m\u00e1s informaci\u00f3n\" \/>\n<meta name=\"robots\" content=\"index, follow, max-snippet:-1, max-image-preview:large, max-video-preview:-1\" \/>\n<link rel=\"canonical\" href=\"https:\/\/sorsa.es\/en\/sustainability\/\" \/>\n<meta property=\"og:locale\" content=\"en_US\" \/>\n<meta property=\"og:type\" content=\"article\" \/>\n<meta property=\"og:title\" content=\"Sorsa y el fleje y flejado sostenible -\" \/>\n<meta property=\"og:description\" content=\"El compromiso de Sorsa con el fleje y flejado sostenible forma parte de nuestro ADN, en esta p\u00e1gina econtrar\u00e1s m\u00e1s informaci\u00f3n\" \/>\n<meta property=\"og:url\" content=\"https:\/\/sorsa.es\/en\/sustainability\/\" \/>\n<meta property=\"article:modified_time\" content=\"2024-12-23T09:25:37+00:00\" \/>\n<meta property=\"og:image\" content=\"https:\/\/sorsa.es\/wp-content\/uploads\/2024\/07\/Captura-de-pantalla-2024-07-17-a-les-13.45.37.jpg\" \/>\n\t<meta property=\"og:image:width\" content=\"1000\" \/>\n\t<meta property=\"og:image:height\" content=\"701\" \/>\n\t<meta property=\"og:image:type\" content=\"image\/jpeg\" \/>\n<meta name=\"twitter:card\" content=\"summary_large_image\" \/>\n<meta name=\"twitter:label1\" content=\"Est. reading time\" \/>\n\t<meta name=\"twitter:data1\" content=\"2 minutes\" \/>\n<script type=\"application\/ld+json\" class=\"yoast-schema-graph\">{\"@context\":\"https:\\\/\\\/schema.org\",\"@graph\":[{\"@type\":\"WebPage\",\"@id\":\"https:\\\/\\\/sorsa.es\\\/sostenibilidad\\\/\",\"url\":\"https:\\\/\\\/sorsa.es\\\/sostenibilidad\\\/\",\"name\":\"Sorsa y el fleje y flejado sostenible -\",\"isPartOf\":{\"@id\":\"https:\\\/\\\/sorsa.es\\\/fr\\\/#website\"},\"primaryImageOfPage\":{\"@id\":\"https:\\\/\\\/sorsa.es\\\/sostenibilidad\\\/#primaryimage\"},\"image\":{\"@id\":\"https:\\\/\\\/sorsa.es\\\/sostenibilidad\\\/#primaryimage\"},\"thumbnailUrl\":\"https:\\\/\\\/sorsa.es\\\/wp-content\\\/uploads\\\/2024\\\/07\\\/Captura-de-pantalla-2024-07-17-a-les-13.45.37.jpg\",\"datePublished\":\"2024-07-17T11:41:00+00:00\",\"dateModified\":\"2024-12-23T09:25:37+00:00\",\"description\":\"El compromiso de Sorsa con el fleje y flejado sostenible forma parte de nuestro ADN, en esta p\u00e1gina econtrar\u00e1s m\u00e1s informaci\u00f3n\",\"breadcrumb\":{\"@id\":\"https:\\\/\\\/sorsa.es\\\/sostenibilidad\\\/#breadcrumb\"},\"inLanguage\":\"en-US\",\"potentialAction\":[{\"@type\":\"ReadAction\",\"target\":[\"https:\\\/\\\/sorsa.es\\\/sostenibilidad\\\/\"]}]},{\"@type\":\"ImageObject\",\"inLanguage\":\"en-US\",\"@id\":\"https:\\\/\\\/sorsa.es\\\/sostenibilidad\\\/#primaryimage\",\"url\":\"https:\\\/\\\/sorsa.es\\\/wp-content\\\/uploads\\\/2024\\\/07\\\/Captura-de-pantalla-2024-07-17-a-les-13.45.37.jpg\",\"contentUrl\":\"https:\\\/\\\/sorsa.es\\\/wp-content\\\/uploads\\\/2024\\\/07\\\/Captura-de-pantalla-2024-07-17-a-les-13.45.37.jpg\"},{\"@type\":\"BreadcrumbList\",\"@id\":\"https:\\\/\\\/sorsa.es\\\/sostenibilidad\\\/#breadcrumb\",\"itemListElement\":[{\"@type\":\"ListItem\",\"position\":1,\"name\":\"Portada\",\"item\":\"https:\\\/\\\/sorsa.es\\\/\"},{\"@type\":\"ListItem\",\"position\":2,\"name\":\"Sostenibilidad\"}]},{\"@type\":\"WebSite\",\"@id\":\"https:\\\/\\\/sorsa.es\\\/fr\\\/#website\",\"url\":\"https:\\\/\\\/sorsa.es\\\/fr\\\/\",\"name\":\"sorsa.es\",\"description\":\"\",\"publisher\":{\"@id\":\"https:\\\/\\\/sorsa.es\\\/fr\\\/#organization\"},\"potentialAction\":[{\"@type\":\"SearchAction\",\"target\":{\"@type\":\"EntryPoint\",\"urlTemplate\":\"https:\\\/\\\/sorsa.es\\\/fr\\\/?s={search_term_string}\"},\"query-input\":{\"@type\":\"PropertyValueSpecification\",\"valueRequired\":true,\"valueName\":\"search_term_string\"}}],\"inLanguage\":\"en-US\"},{\"@type\":\"Organization\",\"@id\":\"https:\\\/\\\/sorsa.es\\\/fr\\\/#organization\",\"name\":\"Sistemas de Embalaje Sorsa\",\"url\":\"https:\\\/\\\/sorsa.es\\\/fr\\\/\",\"logo\":{\"@type\":\"ImageObject\",\"inLanguage\":\"en-US\",\"@id\":\"https:\\\/\\\/sorsa.es\\\/fr\\\/#\\\/schema\\\/logo\\\/image\\\/\",\"url\":\"https:\\\/\\\/sorsa.es\\\/wp-content\\\/uploads\\\/2022\\\/06\\\/logo-sorsa-1.png\",\"contentUrl\":\"https:\\\/\\\/sorsa.es\\\/wp-content\\\/uploads\\\/2022\\\/06\\\/logo-sorsa-1.png\",\"width\":385,\"height\":85,\"caption\":\"Sistemas de Embalaje Sorsa\"},\"image\":{\"@id\":\"https:\\\/\\\/sorsa.es\\\/fr\\\/#\\\/schema\\\/logo\\\/image\\\/\"},\"sameAs\":[\"https:\\\/\\\/es.linkedin.com\\\/company\\\/sistemas-de-embalaje-sorsa-s-a-\"]}]}<\/script>\n<!-- \/ Yoast SEO plugin. -->","yoast_head_json":{"title":"Sorsa and sustainable strapping and strapping -","description":"Sorsa's commitment to sustainable strapping and strapping is part of our DNA, on this page you will find more information.","robots":{"index":"index","follow":"follow","max-snippet":"max-snippet:-1","max-image-preview":"max-image-preview:large","max-video-preview":"max-video-preview:-1"},"canonical":"https:\/\/sorsa.es\/en\/sustainability\/","og_locale":"en_US","og_type":"article","og_title":"Sorsa y el fleje y flejado sostenible -","og_description":"El compromiso de Sorsa con el fleje y flejado sostenible forma parte de nuestro ADN, en esta p\u00e1gina econtrar\u00e1s m\u00e1s informaci\u00f3n","og_url":"https:\/\/sorsa.es\/en\/sustainability\/","article_modified_time":"2024-12-23T09:25:37+00:00","og_image":[{"width":1000,"height":701,"url":"https:\/\/sorsa.es\/wp-content\/uploads\/2024\/07\/Captura-de-pantalla-2024-07-17-a-les-13.45.37.jpg","type":"image\/jpeg"}],"twitter_card":"summary_large_image","twitter_misc":{"Est. reading time":"2 minutes"},"schema":{"@context":"https:\/\/schema.org","@graph":[{"@type":"WebPage","@id":"https:\/\/sorsa.es\/sostenibilidad\/","url":"https:\/\/sorsa.es\/sostenibilidad\/","name":"Sorsa and sustainable strapping and strapping -","isPartOf":{"@id":"https:\/\/sorsa.es\/fr\/#website"},"primaryImageOfPage":{"@id":"https:\/\/sorsa.es\/sostenibilidad\/#primaryimage"},"image":{"@id":"https:\/\/sorsa.es\/sostenibilidad\/#primaryimage"},"thumbnailUrl":"https:\/\/sorsa.es\/wp-content\/uploads\/2024\/07\/Captura-de-pantalla-2024-07-17-a-les-13.45.37.jpg","datePublished":"2024-07-17T11:41:00+00:00","dateModified":"2024-12-23T09:25:37+00:00","description":"Sorsa's commitment to sustainable strapping and strapping is part of our DNA, on this page you will find more information.","breadcrumb":{"@id":"https:\/\/sorsa.es\/sostenibilidad\/#breadcrumb"},"inLanguage":"en-US","potentialAction":[{"@type":"ReadAction","target":["https:\/\/sorsa.es\/sostenibilidad\/"]}]},{"@type":"ImageObject","inLanguage":"en-US","@id":"https:\/\/sorsa.es\/sostenibilidad\/#primaryimage","url":"https:\/\/sorsa.es\/wp-content\/uploads\/2024\/07\/Captura-de-pantalla-2024-07-17-a-les-13.45.37.jpg","contentUrl":"https:\/\/sorsa.es\/wp-content\/uploads\/2024\/07\/Captura-de-pantalla-2024-07-17-a-les-13.45.37.jpg"},{"@type":"BreadcrumbList","@id":"https:\/\/sorsa.es\/sostenibilidad\/#breadcrumb","itemListElement":[{"@type":"ListItem","position":1,"name":"Portada","item":"https:\/\/sorsa.es\/"},{"@type":"ListItem","position":2,"name":"Sostenibilidad"}]},{"@type":"WebSite","@id":"https:\/\/sorsa.es\/fr\/#website","url":"https:\/\/sorsa.es\/fr\/","name":"sorsa.es","description":"","publisher":{"@id":"https:\/\/sorsa.es\/fr\/#organization"},"potentialAction":[{"@type":"SearchAction","target":{"@type":"EntryPoint","urlTemplate":"https:\/\/sorsa.es\/fr\/?s={search_term_string}"},"query-input":{"@type":"PropertyValueSpecification","valueRequired":true,"valueName":"search_term_string"}}],"inLanguage":"en-US"},{"@type":"Organization","@id":"https:\/\/sorsa.es\/fr\/#organization","name":"Sorsa Packaging Systems","url":"https:\/\/sorsa.es\/fr\/","logo":{"@type":"ImageObject","inLanguage":"en-US","@id":"https:\/\/sorsa.es\/fr\/#\/schema\/logo\/image\/","url":"https:\/\/sorsa.es\/wp-content\/uploads\/2022\/06\/logo-sorsa-1.png","contentUrl":"https:\/\/sorsa.es\/wp-content\/uploads\/2022\/06\/logo-sorsa-1.png","width":385,"height":85,"caption":"Sistemas de Embalaje Sorsa"},"image":{"@id":"https:\/\/sorsa.es\/fr\/#\/schema\/logo\/image\/"},"sameAs":["https:\/\/es.linkedin.com\/company\/sistemas-de-embalaje-sorsa-s-a-"]}]}},"_links":{"self":[{"href":"https:\/\/sorsa.es\/en\/wp-json\/wp\/v2\/pages\/6065","targetHints":{"allow":["GET"]}}],"collection":[{"href":"https:\/\/sorsa.es\/en\/wp-json\/wp\/v2\/pages"}],"about":[{"href":"https:\/\/sorsa.es\/en\/wp-json\/wp\/v2\/types\/page"}],"author":[{"embeddable":true,"href":"https:\/\/sorsa.es\/en\/wp-json\/wp\/v2\/users\/1"}],"replies":[{"embeddable":true,"href":"https:\/\/sorsa.es\/en\/wp-json\/wp\/v2\/comments?post=6065"}],"version-history":[{"count":4,"href":"https:\/\/sorsa.es\/en\/wp-json\/wp\/v2\/pages\/6065\/revisions"}],"predecessor-version":[{"id":6468,"href":"https:\/\/sorsa.es\/en\/wp-json\/wp\/v2\/pages\/6065\/revisions\/6468"}],"wp:attachment":[{"href":"https:\/\/sorsa.es\/en\/wp-json\/wp\/v2\/media?parent=6065"}],"curies":[{"name":"wp","href":"https:\/\/api.w.org\/{rel}","templated":true}]}}