{"id":6567,"date":"2025-04-02T15:15:01","date_gmt":"2025-04-02T15:15:01","guid":{"rendered":"https:\/\/sorsa.es\/?page_id=6567"},"modified":"2025-04-02T15:37:50","modified_gmt":"2025-04-02T15:37:50","slug":"pv-600","status":"publish","type":"page","link":"https:\/\/sorsa.es\/en\/pv-600\/","title":{"rendered":"PV-600"},"content":{"rendered":"<div data-elementor-type=\"wp-page\" data-elementor-id=\"6567\" class=\"elementor elementor-6567\" data-elementor-post-type=\"page\">\n\t\t\t\t<div class=\"elementor-element elementor-element-d07a397 e-flex e-con-boxed e-con e-parent\" data-id=\"d07a397\" data-element_type=\"container\" data-e-type=\"container\" data-settings=\"{&quot;background_background&quot;:&quot;classic&quot;}\">\n\t\t\t\t\t<div class=\"e-con-inner\">\n\t\t\t\t<div class=\"elementor-element elementor-element-b65d921 elementor-widget elementor-widget-heading\" data-id=\"b65d921\" data-element_type=\"widget\" data-e-type=\"widget\" data-widget_type=\"heading.default\">\n\t\t\t\t<div class=\"elementor-widget-container\">\n\t\t\t\t\t<h1 class=\"elementor-heading-title elementor-size-default\">VERTICAL HEAD SIDE STRAPPING<\/h1>\t\t\t\t<\/div>\n\t\t\t\t<\/div>\n\t\t\t\t\t<\/div>\n\t\t\t\t<\/div>\n\t\t<div class=\"elementor-element elementor-element-0538f9b e-flex e-con-boxed e-con e-parent\" data-id=\"0538f9b\" data-element_type=\"container\" data-e-type=\"container\">\n\t\t\t\t\t<div class=\"e-con-inner\">\n\t\t\t\t<div class=\"elementor-element elementor-element-3244fe7 elementor-widget elementor-widget-heading\" data-id=\"3244fe7\" data-element_type=\"widget\" data-e-type=\"widget\" data-widget_type=\"heading.default\">\n\t\t\t\t<div class=\"elementor-widget-container\">\n\t\t\t\t\t<h2 class=\"elementor-heading-title elementor-size-default\">PV600<\/h2>\t\t\t\t<\/div>\n\t\t\t\t<\/div>\n\t\t\t\t<div class=\"elementor-element elementor-element-e533ab1 elementor-widget elementor-widget-text-editor\" data-id=\"e533ab1\" data-element_type=\"widget\" data-e-type=\"widget\" data-widget_type=\"text-editor.default\">\n\t\t\t\t<div class=\"elementor-widget-container\">\n\t\t\t\t\t\t\t\t\t<p>Within the group of technical solutions for vertical strapping with side head, we can find very diverse applications such as strapping of beverage or canned food cans, household appliances or white goods, pallet sorting, logistics in general, hot or cold steel coils, aluminum coils, etc...<\/p><p>Thanks to this wide range of technical possibilities and the availability of its own high-end technology in automatic strapping heads for both plastic strapping (PP or PET) and steel strapping, SORSA has become a leading supplier of automatic strapping heads for both plastic strapping (PP or PET) and steel strapping. <u>technology partner<\/u> in any market segment that values and prioritizes automation, productivity, innovation and continuous development.<\/p><p>Contact us and let us help you define together the optimal solution tailored to your production or operational improvement needs.<\/p>\t\t\t\t\t\t\t\t<\/div>\n\t\t\t\t<\/div>\n\t\t\t\t\t<\/div>\n\t\t\t\t<\/div>\n\t\t<div class=\"elementor-element elementor-element-873f8ea e-flex e-con-boxed e-con e-parent\" data-id=\"873f8ea\" data-element_type=\"container\" data-e-type=\"container\">\n\t\t\t\t\t<div class=\"e-con-inner\">\n\t\t\t\t<div class=\"elementor-element elementor-element-d8633ef elementor-position-top elementor-widget elementor-widget-image-box\" data-id=\"d8633ef\" data-element_type=\"widget\" data-e-type=\"widget\" data-widget_type=\"image-box.default\">\n\t\t\t\t<div class=\"elementor-widget-container\">\n\t\t\t\t\t<div class=\"elementor-image-box-wrapper\"><figure class=\"elementor-image-box-img\"><a href=\"#elementor-action%3Aaction%3Dpopup%3Aopen%26settings%3DeyJpZCI6IjY1NzQiLCJ0b2dnbGUiOmZhbHNlfQ%3D%3D\" tabindex=\"-1\"><img fetchpriority=\"high\" decoding=\"async\" width=\"600\" height=\"834\" src=\"https:\/\/sorsa.es\/wp-content\/uploads\/2024\/05\/PV600Cas.jpg\" class=\"attachment-full size-full wp-image-6559\" alt=\"\" srcset=\"https:\/\/sorsa.es\/wp-content\/uploads\/2024\/05\/PV600Cas.jpg 600w, https:\/\/sorsa.es\/wp-content\/uploads\/2024\/05\/PV600Cas-216x300.jpg 216w, https:\/\/sorsa.es\/wp-content\/uploads\/2024\/05\/PV600Cas-9x12.jpg 9w\" sizes=\"(max-width: 600px) 100vw, 600px\" \/><\/a><\/figure><div class=\"elementor-image-box-content\"><h3 class=\"elementor-image-box-title\"><a href=\"#elementor-action%3Aaction%3Dpopup%3Aopen%26settings%3DeyJpZCI6IjY1NzQiLCJ0b2dnbGUiOmZhbHNlfQ%3D%3D\">Download catalog<\/a><\/h3><\/div><\/div>\t\t\t\t<\/div>\n\t\t\t\t<\/div>\n\t\t\t\t<div class=\"elementor-element elementor-element-849de51 elementor-position-top elementor-widget elementor-widget-image-box\" data-id=\"849de51\" data-element_type=\"widget\" data-e-type=\"widget\" data-widget_type=\"image-box.default\">\n\t\t\t\t<div class=\"elementor-widget-container\">\n\t\t\t\t\t<div class=\"elementor-image-box-wrapper\"><figure class=\"elementor-image-box-img\"><a href=\"#elementor-action%3Aaction%3Dpopup%3Aopen%26settings%3DeyJpZCI6IjY1ODUiLCJ0b2dnbGUiOmZhbHNlfQ%3D%3D\" tabindex=\"-1\"><img decoding=\"async\" width=\"600\" height=\"842\" src=\"https:\/\/sorsa.es\/wp-content\/uploads\/2024\/05\/PV-600.jpg\" class=\"attachment-full size-full wp-image-6558\" alt=\"\" srcset=\"https:\/\/sorsa.es\/wp-content\/uploads\/2024\/05\/PV-600.jpg 600w, https:\/\/sorsa.es\/wp-content\/uploads\/2024\/05\/PV-600-214x300.jpg 214w, https:\/\/sorsa.es\/wp-content\/uploads\/2024\/05\/PV-600-9x12.jpg 9w\" sizes=\"(max-width: 600px) 100vw, 600px\" \/><\/a><\/figure><div class=\"elementor-image-box-content\"><h3 class=\"elementor-image-box-title\"><a href=\"#elementor-action%3Aaction%3Dpopup%3Aopen%26settings%3DeyJpZCI6IjY1ODUiLCJ0b2dnbGUiOmZhbHNlfQ%3D%3D\">Download catalog, English<\/a><\/h3><\/div><\/div>\t\t\t\t<\/div>\n\t\t\t\t<\/div>\n\t\t\t\t\t<\/div>\n\t\t\t\t<\/div>\n\t\t\t\t<\/div>","protected":false},"excerpt":{"rendered":"<p>FLEJADO LATERAL DE CABEZAL VERTICAL PV600 Dentro del grupo de soluciones t\u00e9cnicas de flejado vertical con cabezal lateral, podemos encontrar aplicaciones muy diversas tales como el flejado de latas de bebidas o conserva, electrodom\u00e9sticos o gama blanca, clasificaci\u00f3n de palets, log\u00edstica en general, bobinas de acero caliente o fr\u00edo, bobinas de aluminio, etc\u2026 Gracias a [&hellip;]<\/p>\n","protected":false},"author":1,"featured_media":0,"parent":0,"menu_order":0,"comment_status":"closed","ping_status":"closed","template":"","meta":{"footnotes":""},"class_list":["post-6567","page","type-page","status-publish","hentry"],"yoast_head":"<!-- This site is optimized with the Yoast SEO plugin v27.4 - https:\/\/yoast.com\/product\/yoast-seo-wordpress\/ -->\n<title>PV-600 -<\/title>\n<meta name=\"robots\" content=\"index, follow, max-snippet:-1, max-image-preview:large, max-video-preview:-1\" \/>\n<link rel=\"canonical\" href=\"https:\/\/sorsa.es\/en\/pv-600\/\" \/>\n<meta property=\"og:locale\" content=\"en_US\" \/>\n<meta property=\"og:type\" content=\"article\" \/>\n<meta property=\"og:title\" content=\"PV-600 -\" \/>\n<meta property=\"og:description\" content=\"FLEJADO LATERAL DE CABEZAL VERTICAL PV600 Dentro del grupo de soluciones t\u00e9cnicas de flejado vertical con cabezal lateral, podemos encontrar aplicaciones muy diversas tales como el flejado de latas de bebidas o conserva, electrodom\u00e9sticos o gama blanca, clasificaci\u00f3n de palets, log\u00edstica en general, bobinas de acero caliente o fr\u00edo, bobinas de aluminio, etc\u2026 Gracias a [&hellip;]\" \/>\n<meta property=\"og:url\" content=\"https:\/\/sorsa.es\/en\/pv-600\/\" \/>\n<meta property=\"article:modified_time\" content=\"2025-04-02T15:37:50+00:00\" \/>\n<meta property=\"og:image\" content=\"https:\/\/sorsa.es\/wp-content\/uploads\/2024\/05\/PV600Cas.jpg\" \/>\n\t<meta property=\"og:image:width\" content=\"600\" \/>\n\t<meta property=\"og:image:height\" content=\"834\" \/>\n\t<meta property=\"og:image:type\" content=\"image\/jpeg\" \/>\n<meta name=\"twitter:card\" content=\"summary_large_image\" \/>\n<meta name=\"twitter:label1\" content=\"Est. reading time\" \/>\n\t<meta name=\"twitter:data1\" content=\"2 minutes\" \/>\n<script type=\"application\/ld+json\" class=\"yoast-schema-graph\">{\"@context\":\"https:\\\/\\\/schema.org\",\"@graph\":[{\"@type\":\"WebPage\",\"@id\":\"https:\\\/\\\/sorsa.es\\\/pv-600\\\/\",\"url\":\"https:\\\/\\\/sorsa.es\\\/pv-600\\\/\",\"name\":\"PV-600 -\",\"isPartOf\":{\"@id\":\"https:\\\/\\\/sorsa.es\\\/fr\\\/#website\"},\"primaryImageOfPage\":{\"@id\":\"https:\\\/\\\/sorsa.es\\\/pv-600\\\/#primaryimage\"},\"image\":{\"@id\":\"https:\\\/\\\/sorsa.es\\\/pv-600\\\/#primaryimage\"},\"thumbnailUrl\":\"https:\\\/\\\/sorsa.es\\\/wp-content\\\/uploads\\\/2024\\\/05\\\/PV600Cas.jpg\",\"datePublished\":\"2025-04-02T15:15:01+00:00\",\"dateModified\":\"2025-04-02T15:37:50+00:00\",\"breadcrumb\":{\"@id\":\"https:\\\/\\\/sorsa.es\\\/pv-600\\\/#breadcrumb\"},\"inLanguage\":\"en-US\",\"potentialAction\":[{\"@type\":\"ReadAction\",\"target\":[\"https:\\\/\\\/sorsa.es\\\/pv-600\\\/\"]}]},{\"@type\":\"ImageObject\",\"inLanguage\":\"en-US\",\"@id\":\"https:\\\/\\\/sorsa.es\\\/pv-600\\\/#primaryimage\",\"url\":\"https:\\\/\\\/sorsa.es\\\/wp-content\\\/uploads\\\/2024\\\/05\\\/PV600Cas.jpg\",\"contentUrl\":\"https:\\\/\\\/sorsa.es\\\/wp-content\\\/uploads\\\/2024\\\/05\\\/PV600Cas.jpg\"},{\"@type\":\"BreadcrumbList\",\"@id\":\"https:\\\/\\\/sorsa.es\\\/pv-600\\\/#breadcrumb\",\"itemListElement\":[{\"@type\":\"ListItem\",\"position\":1,\"name\":\"Portada\",\"item\":\"https:\\\/\\\/sorsa.es\\\/\"},{\"@type\":\"ListItem\",\"position\":2,\"name\":\"PV-600\"}]},{\"@type\":\"WebSite\",\"@id\":\"https:\\\/\\\/sorsa.es\\\/fr\\\/#website\",\"url\":\"https:\\\/\\\/sorsa.es\\\/fr\\\/\",\"name\":\"sorsa.es\",\"description\":\"\",\"publisher\":{\"@id\":\"https:\\\/\\\/sorsa.es\\\/fr\\\/#organization\"},\"potentialAction\":[{\"@type\":\"SearchAction\",\"target\":{\"@type\":\"EntryPoint\",\"urlTemplate\":\"https:\\\/\\\/sorsa.es\\\/fr\\\/?s={search_term_string}\"},\"query-input\":{\"@type\":\"PropertyValueSpecification\",\"valueRequired\":true,\"valueName\":\"search_term_string\"}}],\"inLanguage\":\"en-US\"},{\"@type\":\"Organization\",\"@id\":\"https:\\\/\\\/sorsa.es\\\/fr\\\/#organization\",\"name\":\"Sistemas de Embalaje Sorsa\",\"url\":\"https:\\\/\\\/sorsa.es\\\/fr\\\/\",\"logo\":{\"@type\":\"ImageObject\",\"inLanguage\":\"en-US\",\"@id\":\"https:\\\/\\\/sorsa.es\\\/fr\\\/#\\\/schema\\\/logo\\\/image\\\/\",\"url\":\"https:\\\/\\\/sorsa.es\\\/wp-content\\\/uploads\\\/2022\\\/06\\\/logo-sorsa-1.png\",\"contentUrl\":\"https:\\\/\\\/sorsa.es\\\/wp-content\\\/uploads\\\/2022\\\/06\\\/logo-sorsa-1.png\",\"width\":385,\"height\":85,\"caption\":\"Sistemas de Embalaje Sorsa\"},\"image\":{\"@id\":\"https:\\\/\\\/sorsa.es\\\/fr\\\/#\\\/schema\\\/logo\\\/image\\\/\"},\"sameAs\":[\"https:\\\/\\\/es.linkedin.com\\\/company\\\/sistemas-de-embalaje-sorsa-s-a-\"]}]}<\/script>\n<!-- \/ Yoast SEO plugin. -->","yoast_head_json":{"title":"PV-600 -","robots":{"index":"index","follow":"follow","max-snippet":"max-snippet:-1","max-image-preview":"max-image-preview:large","max-video-preview":"max-video-preview:-1"},"canonical":"https:\/\/sorsa.es\/en\/pv-600\/","og_locale":"en_US","og_type":"article","og_title":"PV-600 -","og_description":"FLEJADO LATERAL DE CABEZAL VERTICAL PV600 Dentro del grupo de soluciones t\u00e9cnicas de flejado vertical con cabezal lateral, podemos encontrar aplicaciones muy diversas tales como el flejado de latas de bebidas o conserva, electrodom\u00e9sticos o gama blanca, clasificaci\u00f3n de palets, log\u00edstica en general, bobinas de acero caliente o fr\u00edo, bobinas de aluminio, etc\u2026 Gracias a [&hellip;]","og_url":"https:\/\/sorsa.es\/en\/pv-600\/","article_modified_time":"2025-04-02T15:37:50+00:00","og_image":[{"width":600,"height":834,"url":"https:\/\/sorsa.es\/wp-content\/uploads\/2024\/05\/PV600Cas.jpg","type":"image\/jpeg"}],"twitter_card":"summary_large_image","twitter_misc":{"Est. reading time":"2 minutes"},"schema":{"@context":"https:\/\/schema.org","@graph":[{"@type":"WebPage","@id":"https:\/\/sorsa.es\/pv-600\/","url":"https:\/\/sorsa.es\/pv-600\/","name":"PV-600 -","isPartOf":{"@id":"https:\/\/sorsa.es\/fr\/#website"},"primaryImageOfPage":{"@id":"https:\/\/sorsa.es\/pv-600\/#primaryimage"},"image":{"@id":"https:\/\/sorsa.es\/pv-600\/#primaryimage"},"thumbnailUrl":"https:\/\/sorsa.es\/wp-content\/uploads\/2024\/05\/PV600Cas.jpg","datePublished":"2025-04-02T15:15:01+00:00","dateModified":"2025-04-02T15:37:50+00:00","breadcrumb":{"@id":"https:\/\/sorsa.es\/pv-600\/#breadcrumb"},"inLanguage":"en-US","potentialAction":[{"@type":"ReadAction","target":["https:\/\/sorsa.es\/pv-600\/"]}]},{"@type":"ImageObject","inLanguage":"en-US","@id":"https:\/\/sorsa.es\/pv-600\/#primaryimage","url":"https:\/\/sorsa.es\/wp-content\/uploads\/2024\/05\/PV600Cas.jpg","contentUrl":"https:\/\/sorsa.es\/wp-content\/uploads\/2024\/05\/PV600Cas.jpg"},{"@type":"BreadcrumbList","@id":"https:\/\/sorsa.es\/pv-600\/#breadcrumb","itemListElement":[{"@type":"ListItem","position":1,"name":"Portada","item":"https:\/\/sorsa.es\/"},{"@type":"ListItem","position":2,"name":"PV-600"}]},{"@type":"WebSite","@id":"https:\/\/sorsa.es\/fr\/#website","url":"https:\/\/sorsa.es\/fr\/","name":"sorsa.es","description":"","publisher":{"@id":"https:\/\/sorsa.es\/fr\/#organization"},"potentialAction":[{"@type":"SearchAction","target":{"@type":"EntryPoint","urlTemplate":"https:\/\/sorsa.es\/fr\/?s={search_term_string}"},"query-input":{"@type":"PropertyValueSpecification","valueRequired":true,"valueName":"search_term_string"}}],"inLanguage":"en-US"},{"@type":"Organization","@id":"https:\/\/sorsa.es\/fr\/#organization","name":"Sorsa Packaging Systems","url":"https:\/\/sorsa.es\/fr\/","logo":{"@type":"ImageObject","inLanguage":"en-US","@id":"https:\/\/sorsa.es\/fr\/#\/schema\/logo\/image\/","url":"https:\/\/sorsa.es\/wp-content\/uploads\/2022\/06\/logo-sorsa-1.png","contentUrl":"https:\/\/sorsa.es\/wp-content\/uploads\/2022\/06\/logo-sorsa-1.png","width":385,"height":85,"caption":"Sistemas de Embalaje Sorsa"},"image":{"@id":"https:\/\/sorsa.es\/fr\/#\/schema\/logo\/image\/"},"sameAs":["https:\/\/es.linkedin.com\/company\/sistemas-de-embalaje-sorsa-s-a-"]}]}},"_links":{"self":[{"href":"https:\/\/sorsa.es\/en\/wp-json\/wp\/v2\/pages\/6567","targetHints":{"allow":["GET"]}}],"collection":[{"href":"https:\/\/sorsa.es\/en\/wp-json\/wp\/v2\/pages"}],"about":[{"href":"https:\/\/sorsa.es\/en\/wp-json\/wp\/v2\/types\/page"}],"author":[{"embeddable":true,"href":"https:\/\/sorsa.es\/en\/wp-json\/wp\/v2\/users\/1"}],"replies":[{"embeddable":true,"href":"https:\/\/sorsa.es\/en\/wp-json\/wp\/v2\/comments?post=6567"}],"version-history":[{"count":18,"href":"https:\/\/sorsa.es\/en\/wp-json\/wp\/v2\/pages\/6567\/revisions"}],"predecessor-version":[{"id":6593,"href":"https:\/\/sorsa.es\/en\/wp-json\/wp\/v2\/pages\/6567\/revisions\/6593"}],"wp:attachment":[{"href":"https:\/\/sorsa.es\/en\/wp-json\/wp\/v2\/media?parent=6567"}],"curies":[{"name":"wp","href":"https:\/\/api.w.org\/{rel}","templated":true}]}}