{"id":1125,"date":"2022-07-07T12:01:44","date_gmt":"2022-07-07T12:01:44","guid":{"rendered":"https:\/\/sorsa.es\/?page_id=1125"},"modified":"2022-07-07T12:06:24","modified_gmt":"2022-07-07T12:06:24","slug":"styles-web","status":"publish","type":"page","link":"https:\/\/sorsa.es\/fr\/estilos-web\/","title":{"rendered":"styles web"},"content":{"rendered":"<div data-elementor-type=\"wp-page\" data-elementor-id=\"1125\" class=\"elementor elementor-1125\" data-elementor-post-type=\"page\">\n\t\t\t\t\t\t<section class=\"elementor-section elementor-top-section elementor-element elementor-element-b44db8a elementor-section-boxed elementor-section-height-default elementor-section-height-default\" data-id=\"b44db8a\" data-element_type=\"section\" data-e-type=\"section\">\n\t\t\t\t\t\t<div class=\"elementor-container elementor-column-gap-default\">\n\t\t\t\t\t<div class=\"elementor-column elementor-col-100 elementor-top-column elementor-element elementor-element-565ea6e\" data-id=\"565ea6e\" data-element_type=\"column\" data-e-type=\"column\">\n\t\t\t<div class=\"elementor-widget-wrap elementor-element-populated\">\n\t\t\t\t\t\t<div class=\"elementor-element elementor-element-6407b81 elementor-widget elementor-widget-heading\" data-id=\"6407b81\" data-element_type=\"widget\" data-e-type=\"widget\" data-widget_type=\"heading.default\">\n\t\t\t\t<div class=\"elementor-widget-container\">\n\t\t\t\t\t<h1 class=\"elementor-heading-title elementor-size-default\">Titre principal\n<\/h1>\t\t\t\t<\/div>\n\t\t\t\t<\/div>\n\t\t\t\t<div class=\"elementor-element elementor-element-567b428 elementor-widget elementor-widget-heading\" data-id=\"567b428\" data-element_type=\"widget\" data-e-type=\"widget\" data-widget_type=\"heading.default\">\n\t\t\t\t<div class=\"elementor-widget-container\">\n\t\t\t\t\t<h2 class=\"elementor-heading-title elementor-size-default\">Qualification secondaire\n<\/h2>\t\t\t\t<\/div>\n\t\t\t\t<\/div>\n\t\t\t\t<div class=\"elementor-element elementor-element-9ea47af elementor-widget elementor-widget-heading\" data-id=\"9ea47af\" data-element_type=\"widget\" data-e-type=\"widget\" data-widget_type=\"heading.default\">\n\t\t\t\t<div class=\"elementor-widget-container\">\n\t\t\t\t\t<p class=\"elementor-heading-title elementor-size-default\">Texte du paragraphe<\/p>\t\t\t\t<\/div>\n\t\t\t\t<\/div>\n\t\t\t\t<div class=\"elementor-element elementor-element-56cc85f elementor-widget elementor-widget-button\" data-id=\"56cc85f\" data-element_type=\"widget\" data-e-type=\"widget\" data-widget_type=\"button.default\">\n\t\t\t\t<div class=\"elementor-widget-container\">\n\t\t\t\t\t\t\t\t\t<div class=\"elementor-button-wrapper\">\n\t\t\t\t\t<a class=\"elementor-button elementor-button-link elementor-size-sm\" href=\"#\">\n\t\t\t\t\t\t<span class=\"elementor-button-content-wrapper\">\n\t\t\t\t\t\t\t\t\t<span class=\"elementor-button-text\">Cliquez ici<\/span>\n\t\t\t\t\t<\/span>\n\t\t\t\t\t<\/a>\n\t\t\t\t<\/div>\n\t\t\t\t\t\t\t\t<\/div>\n\t\t\t\t<\/div>\n\t\t\t\t\t<\/div>\n\t\t<\/div>\n\t\t\t\t\t<\/div>\n\t\t<\/section>\n\t\t\t\t<\/div>","protected":false},"excerpt":{"rendered":"<p>Titre principal Titre secondaire Texte du paragraphe Cliquez ici<\/p>","protected":false},"author":1,"featured_media":0,"parent":0,"menu_order":0,"comment_status":"closed","ping_status":"closed","template":"","meta":{"footnotes":""},"class_list":["post-1125","page","type-page","status-publish","hentry"],"yoast_head":"<!-- This site is optimized with the Yoast SEO plugin v27.2 - https:\/\/yoast.com\/product\/yoast-seo-wordpress\/ -->\n<title>estilos web -<\/title>\n<meta name=\"robots\" content=\"index, follow, max-snippet:-1, max-image-preview:large, max-video-preview:-1\" \/>\n<link rel=\"canonical\" href=\"https:\/\/sorsa.es\/fr\/styles-web\/\" \/>\n<meta property=\"og:locale\" content=\"fr_FR\" \/>\n<meta property=\"og:type\" content=\"article\" \/>\n<meta property=\"og:title\" content=\"estilos web -\" \/>\n<meta property=\"og:description\" content=\"T\u00edtulo principal T\u00edtulo secundario Texto p\u00e1rrafo Haz clic aqu\u00ed\" \/>\n<meta property=\"og:url\" content=\"https:\/\/sorsa.es\/fr\/styles-web\/\" \/>\n<meta property=\"article:modified_time\" content=\"2022-07-07T12:06:24+00:00\" \/>\n<meta name=\"twitter:card\" content=\"summary_large_image\" \/>\n<script type=\"application\/ld+json\" class=\"yoast-schema-graph\">{\"@context\":\"https:\/\/schema.org\",\"@graph\":[{\"@type\":\"WebPage\",\"@id\":\"https:\/\/sorsa.es\/estilos-web\/\",\"url\":\"https:\/\/sorsa.es\/estilos-web\/\",\"name\":\"estilos web -\",\"isPartOf\":{\"@id\":\"https:\/\/sorsa.es\/fr\/#website\"},\"datePublished\":\"2022-07-07T12:01:44+00:00\",\"dateModified\":\"2022-07-07T12:06:24+00:00\",\"breadcrumb\":{\"@id\":\"https:\/\/sorsa.es\/estilos-web\/#breadcrumb\"},\"inLanguage\":\"fr-FR\",\"potentialAction\":[{\"@type\":\"ReadAction\",\"target\":[\"https:\/\/sorsa.es\/estilos-web\/\"]}]},{\"@type\":\"BreadcrumbList\",\"@id\":\"https:\/\/sorsa.es\/estilos-web\/#breadcrumb\",\"itemListElement\":[{\"@type\":\"ListItem\",\"position\":1,\"name\":\"Portada\",\"item\":\"https:\/\/sorsa.es\/\"},{\"@type\":\"ListItem\",\"position\":2,\"name\":\"estilos web\"}]},{\"@type\":\"WebSite\",\"@id\":\"https:\/\/sorsa.es\/fr\/#website\",\"url\":\"https:\/\/sorsa.es\/fr\/\",\"name\":\"sorsa.es\",\"description\":\"\",\"publisher\":{\"@id\":\"https:\/\/sorsa.es\/fr\/#organization\"},\"potentialAction\":[{\"@type\":\"SearchAction\",\"target\":{\"@type\":\"EntryPoint\",\"urlTemplate\":\"https:\/\/sorsa.es\/fr\/?s={search_term_string}\"},\"query-input\":{\"@type\":\"PropertyValueSpecification\",\"valueRequired\":true,\"valueName\":\"search_term_string\"}}],\"inLanguage\":\"fr-FR\"},{\"@type\":\"Organization\",\"@id\":\"https:\/\/sorsa.es\/fr\/#organization\",\"name\":\"Sistemas de Embalaje Sorsa\",\"url\":\"https:\/\/sorsa.es\/fr\/\",\"logo\":{\"@type\":\"ImageObject\",\"inLanguage\":\"fr-FR\",\"@id\":\"https:\/\/sorsa.es\/fr\/#\/schema\/logo\/image\/\",\"url\":\"https:\/\/sorsa.es\/wp-content\/uploads\/2022\/06\/logo-sorsa-1.png\",\"contentUrl\":\"https:\/\/sorsa.es\/wp-content\/uploads\/2022\/06\/logo-sorsa-1.png\",\"width\":385,\"height\":85,\"caption\":\"Sistemas de Embalaje Sorsa\"},\"image\":{\"@id\":\"https:\/\/sorsa.es\/fr\/#\/schema\/logo\/image\/\"},\"sameAs\":[\"https:\/\/es.linkedin.com\/company\/sistemas-de-embalaje-sorsa-s-a-\"]}]}<\/script>\n<!-- \/ Yoast SEO plugin. -->","yoast_head_json":{"title":"styles web -","robots":{"index":"index","follow":"follow","max-snippet":"max-snippet:-1","max-image-preview":"max-image-preview:large","max-video-preview":"max-video-preview:-1"},"canonical":"https:\/\/sorsa.es\/fr\/styles-web\/","og_locale":"fr_FR","og_type":"article","og_title":"estilos web -","og_description":"T\u00edtulo principal T\u00edtulo secundario Texto p\u00e1rrafo Haz clic aqu\u00ed","og_url":"https:\/\/sorsa.es\/fr\/styles-web\/","article_modified_time":"2022-07-07T12:06:24+00:00","twitter_card":"summary_large_image","schema":{"@context":"https:\/\/schema.org","@graph":[{"@type":"WebPage","@id":"https:\/\/sorsa.es\/estilos-web\/","url":"https:\/\/sorsa.es\/estilos-web\/","name":"styles web -","isPartOf":{"@id":"https:\/\/sorsa.es\/fr\/#website"},"datePublished":"2022-07-07T12:01:44+00:00","dateModified":"2022-07-07T12:06:24+00:00","breadcrumb":{"@id":"https:\/\/sorsa.es\/estilos-web\/#breadcrumb"},"inLanguage":"fr-FR","potentialAction":[{"@type":"ReadAction","target":["https:\/\/sorsa.es\/estilos-web\/"]}]},{"@type":"BreadcrumbList","@id":"https:\/\/sorsa.es\/estilos-web\/#breadcrumb","itemListElement":[{"@type":"ListItem","position":1,"name":"Portada","item":"https:\/\/sorsa.es\/"},{"@type":"ListItem","position":2,"name":"estilos web"}]},{"@type":"WebSite","@id":"https:\/\/sorsa.es\/fr\/#website","url":"https:\/\/sorsa.es\/fr\/","name":"sorsa.co.uk","description":"","publisher":{"@id":"https:\/\/sorsa.es\/fr\/#organization"},"potentialAction":[{"@type":"SearchAction","target":{"@type":"EntryPoint","urlTemplate":"https:\/\/sorsa.es\/fr\/?s={search_term_string}"},"query-input":{"@type":"PropertyValueSpecification","valueRequired":true,"valueName":"search_term_string"}}],"inLanguage":"fr-FR"},{"@type":"Organization","@id":"https:\/\/sorsa.es\/fr\/#organization","name":"Syst\u00e8mes d'emballage Sorsa","url":"https:\/\/sorsa.es\/fr\/","logo":{"@type":"ImageObject","inLanguage":"fr-FR","@id":"https:\/\/sorsa.es\/fr\/#\/schema\/logo\/image\/","url":"https:\/\/sorsa.es\/wp-content\/uploads\/2022\/06\/logo-sorsa-1.png","contentUrl":"https:\/\/sorsa.es\/wp-content\/uploads\/2022\/06\/logo-sorsa-1.png","width":385,"height":85,"caption":"Sistemas de Embalaje Sorsa"},"image":{"@id":"https:\/\/sorsa.es\/fr\/#\/schema\/logo\/image\/"},"sameAs":["https:\/\/es.linkedin.com\/company\/sistemas-de-embalaje-sorsa-s-a-"]}]}},"_links":{"self":[{"href":"https:\/\/sorsa.es\/fr\/wp-json\/wp\/v2\/pages\/1125","targetHints":{"allow":["GET"]}}],"collection":[{"href":"https:\/\/sorsa.es\/fr\/wp-json\/wp\/v2\/pages"}],"about":[{"href":"https:\/\/sorsa.es\/fr\/wp-json\/wp\/v2\/types\/page"}],"author":[{"embeddable":true,"href":"https:\/\/sorsa.es\/fr\/wp-json\/wp\/v2\/users\/1"}],"replies":[{"embeddable":true,"href":"https:\/\/sorsa.es\/fr\/wp-json\/wp\/v2\/comments?post=1125"}],"version-history":[{"count":0,"href":"https:\/\/sorsa.es\/fr\/wp-json\/wp\/v2\/pages\/1125\/revisions"}],"wp:attachment":[{"href":"https:\/\/sorsa.es\/fr\/wp-json\/wp\/v2\/media?parent=1125"}],"curies":[{"name":"wp","href":"https:\/\/api.w.org\/{rel}","templated":true}]}}