{"id":1151,"date":"2022-07-07T15:40:40","date_gmt":"2022-07-07T15:40:40","guid":{"rendered":"https:\/\/sorsa.es\/?page_id=1151"},"modified":"2025-04-25T14:59:40","modified_gmt":"2025-04-25T14:59:40","slug":"services","status":"publish","type":"page","link":"https:\/\/sorsa.es\/fr\/servicios\/","title":{"rendered":"Services"},"content":{"rendered":"<div data-elementor-type=\"wp-page\" data-elementor-id=\"1151\" class=\"elementor elementor-1151\" data-elementor-post-type=\"page\">\n\t\t\t\t<div class=\"elementor-element elementor-element-7902fbc e-flex e-con-boxed e-con e-parent\" data-id=\"7902fbc\" data-element_type=\"container\" data-e-type=\"container\" data-settings=\"{&quot;background_background&quot;:&quot;classic&quot;}\">\n\t\t\t\t\t<div class=\"e-con-inner\">\n\t\t\t\t<div class=\"elementor-element elementor-element-4900686 elementor-widget elementor-widget-theme-post-title elementor-page-title elementor-widget-heading\" data-id=\"4900686\" data-element_type=\"widget\" data-e-type=\"widget\" data-widget_type=\"theme-post-title.default\">\n\t\t\t\t<div class=\"elementor-widget-container\">\n\t\t\t\t\t<h1 class=\"elementor-heading-title elementor-size-default\">Services<\/h1>\t\t\t\t<\/div>\n\t\t\t\t<\/div>\n\t\t\t\t\t<\/div>\n\t\t\t\t<\/div>\n\t\t<div class=\"elementor-element elementor-element-a950abb e-flex e-con-boxed e-con e-parent\" data-id=\"a950abb\" data-element_type=\"container\" data-e-type=\"container\">\n\t\t\t\t\t<div class=\"e-con-inner\">\n\t\t\t\t<div class=\"elementor-element elementor-element-4d4f90f elementor-invisible elementor-widget elementor-widget-text-editor\" data-id=\"4d4f90f\" data-element_type=\"widget\" data-e-type=\"widget\" data-settings=\"{&quot;_animation&quot;:&quot;fadeInRight&quot;}\" data-widget_type=\"text-editor.default\">\n\t\t\t\t<div class=\"elementor-widget-container\">\n\t\t\t\t\t\t\t\t\t<p style=\"font-weight: 400;\">Notre objectif clair : votre satisfaction et votre confiance ... !!!!<\/p><p style=\"font-weight: 400;\">Sorsa est sp\u00e9cialis\u00e9e dans le d\u00e9veloppement et la fourniture de solutions techniques personnalis\u00e9es qui vous permettent de faire progresser et d'optimiser tous les processus d'emballage internes de votre entreprise.<\/p><p style=\"font-weight: 400;\">Cette \u00e9tape est bas\u00e9e sur notre vaste exp\u00e9rience accumul\u00e9e dans le domaine de l'automatisation, en commen\u00e7ant par les conseils techniques et d'application aux c\u00f4t\u00e9s du client lorsqu'il est confront\u00e9 \u00e0 un besoin \u00e9ventuel, la d\u00e9termination des diagnostics d'am\u00e9lioration alternatifs, l'ing\u00e9nierie sur le terrain, la fourniture technique de l'\u00e9quipement, jusqu'\u00e0 l'assistance apr\u00e8s-vente, la surveillance et l'assistance technique en ligne 4.0 de la solution int\u00e9gr\u00e9e.<\/p>\t\t\t\t\t\t\t\t<\/div>\n\t\t\t\t<\/div>\n\t\t\t\t\t<\/div>\n\t\t\t\t<\/div>\n\t\t<div class=\"elementor-element elementor-element-b6b75e9 e-con-full e-flex e-con e-parent\" data-id=\"b6b75e9\" data-element_type=\"container\" data-e-type=\"container\" data-settings=\"{&quot;background_background&quot;:&quot;classic&quot;}\">\n\t\t\t\t<div class=\"elementor-element elementor-element-039dcba elementor-widget elementor-widget-jet-listing-grid\" data-id=\"039dcba\" data-element_type=\"widget\" data-e-type=\"widget\" data-settings=\"{&quot;columns_tablet&quot;:&quot;2&quot;,&quot;columns_mobile&quot;:&quot;1&quot;,&quot;columns&quot;:3}\" data-widget_type=\"jet-listing-grid.default\">\n\t\t\t\t<div class=\"elementor-widget-container\">\n\t\t\t\t\t<div class=\"jet-listing-grid jet-listing-grid--lazy-load jet-listing jet-listing-grid-loading\" data-lazy-load=\"{&quot;offset&quot;:&quot;0px&quot;,&quot;post_id&quot;:1151,&quot;queried_id&quot;:&quot;1151|WP_Post&quot;}\"><div class=\"jet-listing-grid__loader\"><div class=\"jet-listing-grid__loader-spinner\"><\/div><\/div><\/div>\t\t\t\t<\/div>\n\t\t\t\t<\/div>\n\t\t\t\t<\/div>\n\t\t<div class=\"elementor-element elementor-element-dc95339 e-con-full elementor-hidden-tablet elementor-hidden-mobile e-flex e-con e-parent\" data-id=\"dc95339\" data-element_type=\"container\" data-e-type=\"container\" data-settings=\"{&quot;background_background&quot;:&quot;classic&quot;}\">\n\t\t\t\t<\/div>\n\t\t\t\t<\/div>","protected":false},"excerpt":{"rendered":"<p>Nuestro claro objetivo:\u00a0 su satisfacci\u00f3n y confianza \u2026!! Sorsa est\u00e1 especializada en desarrollar y ofrecer soluciones de ingenier\u00eda personalizadas que le permitan avanzar y optimizar todos los procesos internos de embalaje en su negocio. Este hito se basa en nuestra amplia experiencia acumulada en automatizaci\u00f3n, inici\u00e1ndose desde el asesoramiento t\u00e9cnico y de aplicaci\u00f3n codo a [&hellip;]<\/p>\n","protected":false},"author":1,"featured_media":1152,"parent":0,"menu_order":0,"comment_status":"closed","ping_status":"closed","template":"elementor_header_footer","meta":{"footnotes":""},"class_list":["post-1151","page","type-page","status-publish","has-post-thumbnail","hentry"],"yoast_head":"<!-- This site is optimized with the Yoast SEO plugin v27.4 - https:\/\/yoast.com\/product\/yoast-seo-wordpress\/ -->\n<title>Servicios que ofrece Sorsa -<\/title>\n<meta name=\"description\" content=\"Te presentamos todos los Servicios que ofrece Sorsa relacionados con nuestros sistemas de flejado y la fabricaci\u00f3n de fleje\" \/>\n<meta name=\"robots\" content=\"index, follow, max-snippet:-1, max-image-preview:large, max-video-preview:-1\" \/>\n<link rel=\"canonical\" href=\"https:\/\/sorsa.es\/fr\/services\/\" \/>\n<meta property=\"og:locale\" content=\"fr_FR\" \/>\n<meta property=\"og:type\" content=\"article\" \/>\n<meta property=\"og:title\" content=\"Servicios que ofrece Sorsa -\" \/>\n<meta property=\"og:description\" content=\"Te presentamos todos los Servicios que ofrece Sorsa relacionados con nuestros sistemas de flejado y la fabricaci\u00f3n de fleje\" \/>\n<meta property=\"og:url\" content=\"https:\/\/sorsa.es\/fr\/services\/\" \/>\n<meta property=\"article:modified_time\" content=\"2025-04-25T14:59:40+00:00\" \/>\n<meta property=\"og:image\" content=\"https:\/\/sorsa.es\/wp-content\/uploads\/2022\/07\/servicios.jpg\" \/>\n\t<meta property=\"og:image:width\" content=\"1200\" \/>\n\t<meta property=\"og:image:height\" content=\"800\" \/>\n\t<meta property=\"og:image:type\" content=\"image\/jpeg\" \/>\n<meta name=\"twitter:card\" content=\"summary_large_image\" \/>\n<meta name=\"twitter:label1\" content=\"Dur\u00e9e de lecture estim\u00e9e\" \/>\n\t<meta name=\"twitter:data1\" content=\"1 minute\" \/>\n<script type=\"application\/ld+json\" class=\"yoast-schema-graph\">{\"@context\":\"https:\\\/\\\/schema.org\",\"@graph\":[{\"@type\":\"WebPage\",\"@id\":\"https:\\\/\\\/sorsa.es\\\/servicios\\\/\",\"url\":\"https:\\\/\\\/sorsa.es\\\/servicios\\\/\",\"name\":\"Servicios que ofrece Sorsa -\",\"isPartOf\":{\"@id\":\"https:\\\/\\\/sorsa.es\\\/fr\\\/#website\"},\"primaryImageOfPage\":{\"@id\":\"https:\\\/\\\/sorsa.es\\\/servicios\\\/#primaryimage\"},\"image\":{\"@id\":\"https:\\\/\\\/sorsa.es\\\/servicios\\\/#primaryimage\"},\"thumbnailUrl\":\"https:\\\/\\\/sorsa.es\\\/wp-content\\\/uploads\\\/2022\\\/07\\\/servicios.jpg\",\"datePublished\":\"2022-07-07T15:40:40+00:00\",\"dateModified\":\"2025-04-25T14:59:40+00:00\",\"description\":\"Te presentamos todos los Servicios que ofrece Sorsa relacionados con nuestros sistemas de flejado y la fabricaci\u00f3n de fleje\",\"breadcrumb\":{\"@id\":\"https:\\\/\\\/sorsa.es\\\/servicios\\\/#breadcrumb\"},\"inLanguage\":\"fr-FR\",\"potentialAction\":[{\"@type\":\"ReadAction\",\"target\":[\"https:\\\/\\\/sorsa.es\\\/servicios\\\/\"]}]},{\"@type\":\"ImageObject\",\"inLanguage\":\"fr-FR\",\"@id\":\"https:\\\/\\\/sorsa.es\\\/servicios\\\/#primaryimage\",\"url\":\"https:\\\/\\\/sorsa.es\\\/wp-content\\\/uploads\\\/2022\\\/07\\\/servicios.jpg\",\"contentUrl\":\"https:\\\/\\\/sorsa.es\\\/wp-content\\\/uploads\\\/2022\\\/07\\\/servicios.jpg\",\"width\":1200,\"height\":800,\"caption\":\"sorsa, servicios\"},{\"@type\":\"BreadcrumbList\",\"@id\":\"https:\\\/\\\/sorsa.es\\\/servicios\\\/#breadcrumb\",\"itemListElement\":[{\"@type\":\"ListItem\",\"position\":1,\"name\":\"Portada\",\"item\":\"https:\\\/\\\/sorsa.es\\\/\"},{\"@type\":\"ListItem\",\"position\":2,\"name\":\"Servicios\"}]},{\"@type\":\"WebSite\",\"@id\":\"https:\\\/\\\/sorsa.es\\\/fr\\\/#website\",\"url\":\"https:\\\/\\\/sorsa.es\\\/fr\\\/\",\"name\":\"sorsa.es\",\"description\":\"\",\"publisher\":{\"@id\":\"https:\\\/\\\/sorsa.es\\\/fr\\\/#organization\"},\"potentialAction\":[{\"@type\":\"SearchAction\",\"target\":{\"@type\":\"EntryPoint\",\"urlTemplate\":\"https:\\\/\\\/sorsa.es\\\/fr\\\/?s={search_term_string}\"},\"query-input\":{\"@type\":\"PropertyValueSpecification\",\"valueRequired\":true,\"valueName\":\"search_term_string\"}}],\"inLanguage\":\"fr-FR\"},{\"@type\":\"Organization\",\"@id\":\"https:\\\/\\\/sorsa.es\\\/fr\\\/#organization\",\"name\":\"Sistemas de Embalaje Sorsa\",\"url\":\"https:\\\/\\\/sorsa.es\\\/fr\\\/\",\"logo\":{\"@type\":\"ImageObject\",\"inLanguage\":\"fr-FR\",\"@id\":\"https:\\\/\\\/sorsa.es\\\/fr\\\/#\\\/schema\\\/logo\\\/image\\\/\",\"url\":\"https:\\\/\\\/sorsa.es\\\/wp-content\\\/uploads\\\/2022\\\/06\\\/logo-sorsa-1.png\",\"contentUrl\":\"https:\\\/\\\/sorsa.es\\\/wp-content\\\/uploads\\\/2022\\\/06\\\/logo-sorsa-1.png\",\"width\":385,\"height\":85,\"caption\":\"Sistemas de Embalaje Sorsa\"},\"image\":{\"@id\":\"https:\\\/\\\/sorsa.es\\\/fr\\\/#\\\/schema\\\/logo\\\/image\\\/\"},\"sameAs\":[\"https:\\\/\\\/es.linkedin.com\\\/company\\\/sistemas-de-embalaje-sorsa-s-a-\"]}]}<\/script>\n<!-- \/ Yoast SEO plugin. -->","yoast_head_json":{"title":"Services offerts par Sorsa -","description":"Nous vous pr\u00e9sentons tous les services offerts par Sorsa concernant nos syst\u00e8mes de cerclage et la fabrication de cerclages.","robots":{"index":"index","follow":"follow","max-snippet":"max-snippet:-1","max-image-preview":"max-image-preview:large","max-video-preview":"max-video-preview:-1"},"canonical":"https:\/\/sorsa.es\/fr\/services\/","og_locale":"fr_FR","og_type":"article","og_title":"Servicios que ofrece Sorsa -","og_description":"Te presentamos todos los Servicios que ofrece Sorsa relacionados con nuestros sistemas de flejado y la fabricaci\u00f3n de fleje","og_url":"https:\/\/sorsa.es\/fr\/services\/","article_modified_time":"2025-04-25T14:59:40+00:00","og_image":[{"width":1200,"height":800,"url":"https:\/\/sorsa.es\/wp-content\/uploads\/2022\/07\/servicios.jpg","type":"image\/jpeg"}],"twitter_card":"summary_large_image","twitter_misc":{"Dur\u00e9e de lecture estim\u00e9e":"1 minute"},"schema":{"@context":"https:\/\/schema.org","@graph":[{"@type":"WebPage","@id":"https:\/\/sorsa.es\/servicios\/","url":"https:\/\/sorsa.es\/servicios\/","name":"Services offerts par Sorsa -","isPartOf":{"@id":"https:\/\/sorsa.es\/fr\/#website"},"primaryImageOfPage":{"@id":"https:\/\/sorsa.es\/servicios\/#primaryimage"},"image":{"@id":"https:\/\/sorsa.es\/servicios\/#primaryimage"},"thumbnailUrl":"https:\/\/sorsa.es\/wp-content\/uploads\/2022\/07\/servicios.jpg","datePublished":"2022-07-07T15:40:40+00:00","dateModified":"2025-04-25T14:59:40+00:00","description":"Nous vous pr\u00e9sentons tous les services offerts par Sorsa concernant nos syst\u00e8mes de cerclage et la fabrication de cerclages.","breadcrumb":{"@id":"https:\/\/sorsa.es\/servicios\/#breadcrumb"},"inLanguage":"fr-FR","potentialAction":[{"@type":"ReadAction","target":["https:\/\/sorsa.es\/servicios\/"]}]},{"@type":"ImageObject","inLanguage":"fr-FR","@id":"https:\/\/sorsa.es\/servicios\/#primaryimage","url":"https:\/\/sorsa.es\/wp-content\/uploads\/2022\/07\/servicios.jpg","contentUrl":"https:\/\/sorsa.es\/wp-content\/uploads\/2022\/07\/servicios.jpg","width":1200,"height":800,"caption":"sorsa, servicios"},{"@type":"BreadcrumbList","@id":"https:\/\/sorsa.es\/servicios\/#breadcrumb","itemListElement":[{"@type":"ListItem","position":1,"name":"Portada","item":"https:\/\/sorsa.es\/"},{"@type":"ListItem","position":2,"name":"Servicios"}]},{"@type":"WebSite","@id":"https:\/\/sorsa.es\/fr\/#website","url":"https:\/\/sorsa.es\/fr\/","name":"sorsa.co.uk","description":"","publisher":{"@id":"https:\/\/sorsa.es\/fr\/#organization"},"potentialAction":[{"@type":"SearchAction","target":{"@type":"EntryPoint","urlTemplate":"https:\/\/sorsa.es\/fr\/?s={search_term_string}"},"query-input":{"@type":"PropertyValueSpecification","valueRequired":true,"valueName":"search_term_string"}}],"inLanguage":"fr-FR"},{"@type":"Organization","@id":"https:\/\/sorsa.es\/fr\/#organization","name":"Syst\u00e8mes d'emballage Sorsa","url":"https:\/\/sorsa.es\/fr\/","logo":{"@type":"ImageObject","inLanguage":"fr-FR","@id":"https:\/\/sorsa.es\/fr\/#\/schema\/logo\/image\/","url":"https:\/\/sorsa.es\/wp-content\/uploads\/2022\/06\/logo-sorsa-1.png","contentUrl":"https:\/\/sorsa.es\/wp-content\/uploads\/2022\/06\/logo-sorsa-1.png","width":385,"height":85,"caption":"Sistemas de Embalaje Sorsa"},"image":{"@id":"https:\/\/sorsa.es\/fr\/#\/schema\/logo\/image\/"},"sameAs":["https:\/\/es.linkedin.com\/company\/sistemas-de-embalaje-sorsa-s-a-"]}]}},"_links":{"self":[{"href":"https:\/\/sorsa.es\/fr\/wp-json\/wp\/v2\/pages\/1151","targetHints":{"allow":["GET"]}}],"collection":[{"href":"https:\/\/sorsa.es\/fr\/wp-json\/wp\/v2\/pages"}],"about":[{"href":"https:\/\/sorsa.es\/fr\/wp-json\/wp\/v2\/types\/page"}],"author":[{"embeddable":true,"href":"https:\/\/sorsa.es\/fr\/wp-json\/wp\/v2\/users\/1"}],"replies":[{"embeddable":true,"href":"https:\/\/sorsa.es\/fr\/wp-json\/wp\/v2\/comments?post=1151"}],"version-history":[{"count":4,"href":"https:\/\/sorsa.es\/fr\/wp-json\/wp\/v2\/pages\/1151\/revisions"}],"predecessor-version":[{"id":6617,"href":"https:\/\/sorsa.es\/fr\/wp-json\/wp\/v2\/pages\/1151\/revisions\/6617"}],"wp:featuredmedia":[{"embeddable":true,"href":"https:\/\/sorsa.es\/fr\/wp-json\/wp\/v2\/media\/1152"}],"wp:attachment":[{"href":"https:\/\/sorsa.es\/fr\/wp-json\/wp\/v2\/media?parent=1151"}],"curies":[{"name":"wp","href":"https:\/\/api.w.org\/{rel}","templated":true}]}}