{"id":4545,"date":"2024-06-20T07:15:20","date_gmt":"2024-06-20T07:15:20","guid":{"rendered":"https:\/\/sorsa.es\/?page_id=4545"},"modified":"2026-01-14T16:10:39","modified_gmt":"2026-01-14T16:10:39","slug":"nouvelles","status":"publish","type":"page","link":"https:\/\/sorsa.es\/fr\/noticias\/","title":{"rendered":"Actualit\u00e9s"},"content":{"rendered":"<div data-elementor-type=\"wp-page\" data-elementor-id=\"4545\" class=\"elementor elementor-4545\" data-elementor-post-type=\"page\">\n\t\t\t\t<div class=\"elementor-element elementor-element-b1daba0 e-flex e-con-boxed e-con e-parent\" data-id=\"b1daba0\" data-element_type=\"container\" data-e-type=\"container\" data-settings=\"{&quot;background_background&quot;:&quot;classic&quot;}\">\n\t\t\t\t\t<div class=\"e-con-inner\">\n\t\t\t\t<div class=\"elementor-element elementor-element-d75ab61 elementor-widget elementor-widget-theme-post-title elementor-page-title elementor-widget-heading\" data-id=\"d75ab61\" data-element_type=\"widget\" data-e-type=\"widget\" data-widget_type=\"theme-post-title.default\">\n\t\t\t\t<div class=\"elementor-widget-container\">\n\t\t\t\t\t<h1 class=\"elementor-heading-title elementor-size-default\">Actualit\u00e9s<\/h1>\t\t\t\t<\/div>\n\t\t\t\t<\/div>\n\t\t\t\t\t<\/div>\n\t\t\t\t<\/div>\n\t\t<div class=\"elementor-element elementor-element-757acaf elementor-hidden-tablet elementor-hidden-mobile e-flex e-con-boxed e-con e-parent\" data-id=\"757acaf\" data-element_type=\"container\" data-e-type=\"container\" data-settings=\"{&quot;background_background&quot;:&quot;classic&quot;}\">\n\t\t\t\t\t<div class=\"e-con-inner\">\n\t\t\t\t<div class=\"elementor-element elementor-element-d924cdd elementor-grid-1 elementor-posts--thumbnail-left elementor-posts--align-left elementor-grid-tablet-1 elementor-grid-mobile-1 elementor-widget elementor-widget-posts\" data-id=\"d924cdd\" data-element_type=\"widget\" data-e-type=\"widget\" data-settings=\"{&quot;classic_columns&quot;:&quot;1&quot;,&quot;classic_columns_tablet&quot;:&quot;1&quot;,&quot;classic_columns_mobile&quot;:&quot;1&quot;,&quot;classic_row_gap&quot;:{&quot;unit&quot;:&quot;px&quot;,&quot;size&quot;:35,&quot;sizes&quot;:[]},&quot;classic_row_gap_tablet&quot;:{&quot;unit&quot;:&quot;px&quot;,&quot;size&quot;:&quot;&quot;,&quot;sizes&quot;:[]},&quot;classic_row_gap_mobile&quot;:{&quot;unit&quot;:&quot;px&quot;,&quot;size&quot;:&quot;&quot;,&quot;sizes&quot;:[]}}\" data-widget_type=\"posts.classic\">\n\t\t\t\t<div class=\"elementor-widget-container\">\n\t\t\t\t\t\t\t<div class=\"elementor-posts-container elementor-posts elementor-posts--skin-classic elementor-grid\" role=\"list\">\n\t\t\t\t<article class=\"elementor-post elementor-grid-item post-7038 post type-post status-publish format-standard has-post-thumbnail hentry category-uncategorized tag-destacada\" role=\"listitem\">\n\t\t\t\t<a class=\"elementor-post__thumbnail__link\" href=\"https:\/\/sorsa.es\/fr\/el-ciclo-de-vida-del-fleje-de-pet-hacia-un-flejado-sostenible-y-circular\/\" tabindex=\"-1\" >\n\t\t\t<div class=\"elementor-post__thumbnail\"><img fetchpriority=\"high\" decoding=\"async\" width=\"2048\" height=\"1117\" src=\"https:\/\/sorsa.es\/wp-content\/uploads\/2026\/04\/1775236064050.jpeg\" class=\"attachment-full size-full wp-image-7039\" alt=\"Infographie du cycle d&#039;\u00e9conomie circulaire du feuillard PET recycl\u00e9 dans une usine industrielle.\" srcset=\"https:\/\/sorsa.es\/wp-content\/uploads\/2026\/04\/1775236064050.jpeg 2048w, https:\/\/sorsa.es\/wp-content\/uploads\/2026\/04\/1775236064050-300x164.jpeg 300w, https:\/\/sorsa.es\/wp-content\/uploads\/2026\/04\/1775236064050-1024x559.jpeg 1024w, https:\/\/sorsa.es\/wp-content\/uploads\/2026\/04\/1775236064050-768x419.jpeg 768w, https:\/\/sorsa.es\/wp-content\/uploads\/2026\/04\/1775236064050-1536x838.jpeg 1536w, https:\/\/sorsa.es\/wp-content\/uploads\/2026\/04\/1775236064050-18x10.jpeg 18w\" sizes=\"(max-width: 2048px) 100vw, 2048px\" \/><\/div>\n\t\t<\/a>\n\t\t\t\t<div class=\"elementor-post__text\">\n\t\t\t\t<h3 class=\"elementor-post__title\">\n\t\t\t<a href=\"https:\/\/sorsa.es\/fr\/el-ciclo-de-vida-del-fleje-de-pet-hacia-un-flejado-sostenible-y-circular\/\" >\n\t\t\t\tLe cycle de vie du feuillard PET : vers un feuillard durable et circulaire\t\t\t<\/a>\n\t\t<\/h3>\n\t\t\t\t<div class=\"elementor-post__excerpt\">\n\t\t\t<p>En el actual contexto industrial, la transici\u00f3n hacia modelos de producci\u00f3n responsables no es solo una exigencia normativa, sino una ventaja competitiva estrat\u00e9gica. En Sorsa, entendemos que el final de la l\u00ednea de embalaje es un punto cr\u00edtico para la eficiencia y la sostenibilidad de cualquier cadena de suministro. El<\/p>\n\t\t<\/div>\n\t\t\n\t\t<a class=\"elementor-post__read-more\" href=\"https:\/\/sorsa.es\/fr\/el-ciclo-de-vida-del-fleje-de-pet-hacia-un-flejado-sostenible-y-circular\/\" aria-label=\"En savoir plus sur El ciclo de vida del fleje de PET: Hacia un flejado sostenible y circular\" tabindex=\"-1\" >\n\t\t\tLire la suite \"\t\t<\/a>\n\n\t\t\t\t<\/div>\n\t\t\t\t<\/article>\n\t\t\t\t<\/div>\n\t\t\n\t\t\t\t\t\t<\/div>\n\t\t\t\t<\/div>\n\t\t\t\t\t<\/div>\n\t\t\t\t<\/div>\n\t\t<div class=\"elementor-element elementor-element-5cd0367 elementor-hidden-desktop e-flex e-con-boxed e-con e-parent\" data-id=\"5cd0367\" data-element_type=\"container\" data-e-type=\"container\" data-settings=\"{&quot;background_background&quot;:&quot;classic&quot;}\">\n\t\t\t\t\t<div class=\"e-con-inner\">\n\t\t\t\t<div class=\"elementor-element elementor-element-3472f1e elementor-grid-1 elementor-posts--align-center elementor-grid-tablet-1 elementor-grid-mobile-1 elementor-posts--thumbnail-top elementor-widget elementor-widget-posts\" data-id=\"3472f1e\" data-element_type=\"widget\" data-e-type=\"widget\" data-settings=\"{&quot;classic_columns&quot;:&quot;1&quot;,&quot;classic_columns_tablet&quot;:&quot;1&quot;,&quot;classic_columns_mobile&quot;:&quot;1&quot;,&quot;classic_row_gap&quot;:{&quot;unit&quot;:&quot;px&quot;,&quot;size&quot;:35,&quot;sizes&quot;:[]},&quot;classic_row_gap_tablet&quot;:{&quot;unit&quot;:&quot;px&quot;,&quot;size&quot;:&quot;&quot;,&quot;sizes&quot;:[]},&quot;classic_row_gap_mobile&quot;:{&quot;unit&quot;:&quot;px&quot;,&quot;size&quot;:&quot;&quot;,&quot;sizes&quot;:[]}}\" data-widget_type=\"posts.classic\">\n\t\t\t\t<div class=\"elementor-widget-container\">\n\t\t\t\t\t\t\t<div class=\"elementor-posts-container elementor-posts elementor-posts--skin-classic elementor-grid\" role=\"list\">\n\t\t\t\t<article class=\"elementor-post elementor-grid-item post-7038 post type-post status-publish format-standard has-post-thumbnail hentry category-uncategorized tag-destacada\" role=\"listitem\">\n\t\t\t\t<a class=\"elementor-post__thumbnail__link\" href=\"https:\/\/sorsa.es\/fr\/el-ciclo-de-vida-del-fleje-de-pet-hacia-un-flejado-sostenible-y-circular\/\" tabindex=\"-1\" >\n\t\t\t<div class=\"elementor-post__thumbnail\"><img decoding=\"async\" width=\"800\" height=\"437\" src=\"https:\/\/sorsa.es\/wp-content\/uploads\/2026\/04\/1775236064050-1024x559.jpeg\" class=\"attachment-large size-large wp-image-7039\" alt=\"Infographie du cycle d&#039;\u00e9conomie circulaire du feuillard PET recycl\u00e9 dans une usine industrielle.\" srcset=\"https:\/\/sorsa.es\/wp-content\/uploads\/2026\/04\/1775236064050-1024x559.jpeg 1024w, https:\/\/sorsa.es\/wp-content\/uploads\/2026\/04\/1775236064050-300x164.jpeg 300w, https:\/\/sorsa.es\/wp-content\/uploads\/2026\/04\/1775236064050-768x419.jpeg 768w, https:\/\/sorsa.es\/wp-content\/uploads\/2026\/04\/1775236064050-1536x838.jpeg 1536w, https:\/\/sorsa.es\/wp-content\/uploads\/2026\/04\/1775236064050-18x10.jpeg 18w, https:\/\/sorsa.es\/wp-content\/uploads\/2026\/04\/1775236064050.jpeg 2048w\" sizes=\"(max-width: 800px) 100vw, 800px\" \/><\/div>\n\t\t<\/a>\n\t\t\t\t<div class=\"elementor-post__text\">\n\t\t\t\t<h3 class=\"elementor-post__title\">\n\t\t\t<a href=\"https:\/\/sorsa.es\/fr\/el-ciclo-de-vida-del-fleje-de-pet-hacia-un-flejado-sostenible-y-circular\/\" >\n\t\t\t\tLe cycle de vie du feuillard PET : vers un feuillard durable et circulaire\t\t\t<\/a>\n\t\t<\/h3>\n\t\t\t\t<div class=\"elementor-post__excerpt\">\n\t\t\t<p>En el actual contexto industrial, la transici\u00f3n hacia modelos de producci\u00f3n responsables no es solo una exigencia normativa, sino una ventaja competitiva estrat\u00e9gica. En Sorsa, entendemos que el final de la l\u00ednea de embalaje es un punto cr\u00edtico para la eficiencia y la sostenibilidad de cualquier cadena de suministro. El<\/p>\n\t\t<\/div>\n\t\t\n\t\t<a class=\"elementor-post__read-more\" href=\"https:\/\/sorsa.es\/fr\/el-ciclo-de-vida-del-fleje-de-pet-hacia-un-flejado-sostenible-y-circular\/\" aria-label=\"En savoir plus sur El ciclo de vida del fleje de PET: Hacia un flejado sostenible y circular\" tabindex=\"-1\" >\n\t\t\tLire la suite \"\t\t<\/a>\n\n\t\t\t\t<\/div>\n\t\t\t\t<\/article>\n\t\t\t\t<\/div>\n\t\t\n\t\t\t\t\t\t<\/div>\n\t\t\t\t<\/div>\n\t\t\t\t\t<\/div>\n\t\t\t\t<\/div>\n\t\t<div class=\"elementor-element elementor-element-79820ff e-con-full e-flex e-con e-parent\" data-id=\"79820ff\" data-element_type=\"container\" data-e-type=\"container\" data-settings=\"{&quot;background_background&quot;:&quot;classic&quot;}\">\n\t\t\t\t<div class=\"elementor-element elementor-element-9566bfc animated-slow bdt-filter-backdrop elementor-invisible elementor-widget elementor-widget-jet-listing-grid\" data-id=\"9566bfc\" data-element_type=\"widget\" data-e-type=\"widget\" data-settings=\"{&quot;columns&quot;:&quot;3&quot;,&quot;columns_tablet&quot;:&quot;2&quot;,&quot;columns_mobile&quot;:&quot;1&quot;,&quot;_animation&quot;:&quot;fadeIn&quot;,&quot;_animation_delay&quot;:1000}\" data-widget_type=\"jet-listing-grid.default\">\n\t\t\t\t<div class=\"elementor-widget-container\">\n\t\t\t\t\t<div class=\"jet-listing-grid jet-listing-grid--lazy-load jet-listing jet-listing-grid-loading\" data-lazy-load=\"{&quot;offset&quot;:&quot;0px&quot;,&quot;post_id&quot;:4545,&quot;queried_id&quot;:&quot;7038|WP_Post&quot;}\"><div class=\"jet-listing-grid__loader\"><div class=\"jet-listing-grid__loader-spinner\"><\/div><\/div><\/div>\t\t\t\t<\/div>\n\t\t\t\t<\/div>\n\t\t\t\t<\/div>\n\t\t\t\t<\/div>","protected":false},"excerpt":{"rendered":"","protected":false},"author":1,"featured_media":0,"parent":0,"menu_order":0,"comment_status":"closed","ping_status":"closed","template":"elementor_header_footer","meta":{"footnotes":""},"class_list":["post-4545","page","type-page","status-publish","hentry"],"yoast_head":"<!-- This site is optimized with the Yoast SEO plugin v27.2 - https:\/\/yoast.com\/product\/yoast-seo-wordpress\/ -->\n<title>sorsa noticias fleje y flejadoras -<\/title>\n<meta name=\"description\" content=\"Encuentra lo \u00faltimo en noticias de Sorsa, fabricantes de fleje y flejadoras, de poipropileto, poliester y acero\" \/>\n<meta name=\"robots\" content=\"index, follow, max-snippet:-1, max-image-preview:large, max-video-preview:-1\" \/>\n<link rel=\"canonical\" href=\"https:\/\/sorsa.es\/fr\/nouvelles\/\" \/>\n<meta property=\"og:locale\" content=\"fr_FR\" \/>\n<meta property=\"og:type\" content=\"article\" \/>\n<meta property=\"og:title\" content=\"sorsa noticias fleje y flejadoras -\" \/>\n<meta property=\"og:description\" content=\"Encuentra lo \u00faltimo en noticias de Sorsa, fabricantes de fleje y flejadoras, de poipropileto, poliester y acero\" \/>\n<meta property=\"og:url\" content=\"https:\/\/sorsa.es\/fr\/nouvelles\/\" \/>\n<meta property=\"article:modified_time\" content=\"2026-01-14T16:10:39+00:00\" \/>\n<meta name=\"twitter:card\" content=\"summary_large_image\" \/>\n<meta name=\"twitter:label1\" content=\"Dur\u00e9e de lecture estim\u00e9e\" \/>\n\t<meta name=\"twitter:data1\" content=\"5 minutes\" \/>\n<script type=\"application\/ld+json\" class=\"yoast-schema-graph\">{\"@context\":\"https:\/\/schema.org\",\"@graph\":[{\"@type\":\"WebPage\",\"@id\":\"https:\/\/sorsa.es\/noticias\/\",\"url\":\"https:\/\/sorsa.es\/noticias\/\",\"name\":\"sorsa noticias fleje y flejadoras -\",\"isPartOf\":{\"@id\":\"https:\/\/sorsa.es\/fr\/#website\"},\"datePublished\":\"2024-06-20T07:15:20+00:00\",\"dateModified\":\"2026-01-14T16:10:39+00:00\",\"description\":\"Encuentra lo \u00faltimo en noticias de Sorsa, fabricantes de fleje y flejadoras, de poipropileto, poliester y acero\",\"breadcrumb\":{\"@id\":\"https:\/\/sorsa.es\/noticias\/#breadcrumb\"},\"inLanguage\":\"fr-FR\",\"potentialAction\":[{\"@type\":\"ReadAction\",\"target\":[\"https:\/\/sorsa.es\/noticias\/\"]}]},{\"@type\":\"BreadcrumbList\",\"@id\":\"https:\/\/sorsa.es\/noticias\/#breadcrumb\",\"itemListElement\":[{\"@type\":\"ListItem\",\"position\":1,\"name\":\"Portada\",\"item\":\"https:\/\/sorsa.es\/\"},{\"@type\":\"ListItem\",\"position\":2,\"name\":\"Noticias\"}]},{\"@type\":\"WebSite\",\"@id\":\"https:\/\/sorsa.es\/fr\/#website\",\"url\":\"https:\/\/sorsa.es\/fr\/\",\"name\":\"sorsa.es\",\"description\":\"\",\"publisher\":{\"@id\":\"https:\/\/sorsa.es\/fr\/#organization\"},\"potentialAction\":[{\"@type\":\"SearchAction\",\"target\":{\"@type\":\"EntryPoint\",\"urlTemplate\":\"https:\/\/sorsa.es\/fr\/?s={search_term_string}\"},\"query-input\":{\"@type\":\"PropertyValueSpecification\",\"valueRequired\":true,\"valueName\":\"search_term_string\"}}],\"inLanguage\":\"fr-FR\"},{\"@type\":\"Organization\",\"@id\":\"https:\/\/sorsa.es\/fr\/#organization\",\"name\":\"Sistemas de Embalaje Sorsa\",\"url\":\"https:\/\/sorsa.es\/fr\/\",\"logo\":{\"@type\":\"ImageObject\",\"inLanguage\":\"fr-FR\",\"@id\":\"https:\/\/sorsa.es\/fr\/#\/schema\/logo\/image\/\",\"url\":\"https:\/\/sorsa.es\/wp-content\/uploads\/2022\/06\/logo-sorsa-1.png\",\"contentUrl\":\"https:\/\/sorsa.es\/wp-content\/uploads\/2022\/06\/logo-sorsa-1.png\",\"width\":385,\"height\":85,\"caption\":\"Sistemas de Embalaje Sorsa\"},\"image\":{\"@id\":\"https:\/\/sorsa.es\/fr\/#\/schema\/logo\/image\/\"},\"sameAs\":[\"https:\/\/es.linkedin.com\/company\/sistemas-de-embalaje-sorsa-s-a-\"]}]}<\/script>\n<!-- \/ Yoast SEO plugin. -->","yoast_head_json":{"title":"sorsa news cerclages et bandes de cerclage - sorsa news cerclages et bandes de cerclage -","description":"Retrouvez les derni\u00e8res actualit\u00e9s de Sorsa, fabricant de cerclages et de cercleuses en polypropyl\u00e8ne, polyester et acier.","robots":{"index":"index","follow":"follow","max-snippet":"max-snippet:-1","max-image-preview":"max-image-preview:large","max-video-preview":"max-video-preview:-1"},"canonical":"https:\/\/sorsa.es\/fr\/nouvelles\/","og_locale":"fr_FR","og_type":"article","og_title":"sorsa noticias fleje y flejadoras -","og_description":"Encuentra lo \u00faltimo en noticias de Sorsa, fabricantes de fleje y flejadoras, de poipropileto, poliester y acero","og_url":"https:\/\/sorsa.es\/fr\/nouvelles\/","article_modified_time":"2026-01-14T16:10:39+00:00","twitter_card":"summary_large_image","twitter_misc":{"Dur\u00e9e de lecture estim\u00e9e":"5 minutes"},"schema":{"@context":"https:\/\/schema.org","@graph":[{"@type":"WebPage","@id":"https:\/\/sorsa.es\/noticias\/","url":"https:\/\/sorsa.es\/noticias\/","name":"sorsa news cerclages et bandes de cerclage - sorsa news cerclages et bandes de cerclage -","isPartOf":{"@id":"https:\/\/sorsa.es\/fr\/#website"},"datePublished":"2024-06-20T07:15:20+00:00","dateModified":"2026-01-14T16:10:39+00:00","description":"Retrouvez les derni\u00e8res actualit\u00e9s de Sorsa, fabricant de cerclages et de cercleuses en polypropyl\u00e8ne, polyester et acier.","breadcrumb":{"@id":"https:\/\/sorsa.es\/noticias\/#breadcrumb"},"inLanguage":"fr-FR","potentialAction":[{"@type":"ReadAction","target":["https:\/\/sorsa.es\/noticias\/"]}]},{"@type":"BreadcrumbList","@id":"https:\/\/sorsa.es\/noticias\/#breadcrumb","itemListElement":[{"@type":"ListItem","position":1,"name":"Portada","item":"https:\/\/sorsa.es\/"},{"@type":"ListItem","position":2,"name":"Noticias"}]},{"@type":"WebSite","@id":"https:\/\/sorsa.es\/fr\/#website","url":"https:\/\/sorsa.es\/fr\/","name":"sorsa.co.uk","description":"","publisher":{"@id":"https:\/\/sorsa.es\/fr\/#organization"},"potentialAction":[{"@type":"SearchAction","target":{"@type":"EntryPoint","urlTemplate":"https:\/\/sorsa.es\/fr\/?s={search_term_string}"},"query-input":{"@type":"PropertyValueSpecification","valueRequired":true,"valueName":"search_term_string"}}],"inLanguage":"fr-FR"},{"@type":"Organization","@id":"https:\/\/sorsa.es\/fr\/#organization","name":"Syst\u00e8mes d'emballage Sorsa","url":"https:\/\/sorsa.es\/fr\/","logo":{"@type":"ImageObject","inLanguage":"fr-FR","@id":"https:\/\/sorsa.es\/fr\/#\/schema\/logo\/image\/","url":"https:\/\/sorsa.es\/wp-content\/uploads\/2022\/06\/logo-sorsa-1.png","contentUrl":"https:\/\/sorsa.es\/wp-content\/uploads\/2022\/06\/logo-sorsa-1.png","width":385,"height":85,"caption":"Sistemas de Embalaje Sorsa"},"image":{"@id":"https:\/\/sorsa.es\/fr\/#\/schema\/logo\/image\/"},"sameAs":["https:\/\/es.linkedin.com\/company\/sistemas-de-embalaje-sorsa-s-a-"]}]}},"_links":{"self":[{"href":"https:\/\/sorsa.es\/fr\/wp-json\/wp\/v2\/pages\/4545","targetHints":{"allow":["GET"]}}],"collection":[{"href":"https:\/\/sorsa.es\/fr\/wp-json\/wp\/v2\/pages"}],"about":[{"href":"https:\/\/sorsa.es\/fr\/wp-json\/wp\/v2\/types\/page"}],"author":[{"embeddable":true,"href":"https:\/\/sorsa.es\/fr\/wp-json\/wp\/v2\/users\/1"}],"replies":[{"embeddable":true,"href":"https:\/\/sorsa.es\/fr\/wp-json\/wp\/v2\/comments?post=4545"}],"version-history":[{"count":34,"href":"https:\/\/sorsa.es\/fr\/wp-json\/wp\/v2\/pages\/4545\/revisions"}],"predecessor-version":[{"id":6962,"href":"https:\/\/sorsa.es\/fr\/wp-json\/wp\/v2\/pages\/4545\/revisions\/6962"}],"wp:attachment":[{"href":"https:\/\/sorsa.es\/fr\/wp-json\/wp\/v2\/media?parent=4545"}],"curies":[{"name":"wp","href":"https:\/\/api.w.org\/{rel}","templated":true}]}}