{"id":5440,"date":"2024-07-09T14:29:36","date_gmt":"2024-07-09T14:29:36","guid":{"rendered":"https:\/\/sorsa.es\/?page_id=5440"},"modified":"2024-11-04T10:58:19","modified_gmt":"2024-11-04T10:58:19","slug":"politique-de-confidentialite","status":"publish","type":"page","link":"https:\/\/sorsa.es\/fr\/politica-de-privacidad\/","title":{"rendered":"Politique de confidentialit\u00e9"},"content":{"rendered":"<div data-elementor-type=\"wp-page\" data-elementor-id=\"5440\" class=\"elementor elementor-5440\" data-elementor-post-type=\"page\">\n\t\t\t\t<div class=\"elementor-element elementor-element-5966790 e-flex e-con-boxed e-con e-parent\" data-id=\"5966790\" data-element_type=\"container\" data-e-type=\"container\" data-settings=\"{&quot;background_background&quot;:&quot;classic&quot;}\">\n\t\t\t\t\t<div class=\"e-con-inner\">\n\t\t\t\t<div class=\"elementor-element elementor-element-87f8106 elementor-widget elementor-widget-theme-post-title elementor-page-title elementor-widget-heading\" data-id=\"87f8106\" data-element_type=\"widget\" data-e-type=\"widget\" data-widget_type=\"theme-post-title.default\">\n\t\t\t\t<div class=\"elementor-widget-container\">\n\t\t\t\t\t<h1 class=\"elementor-heading-title elementor-size-default\">Politique de confidentialit\u00e9<\/h1>\t\t\t\t<\/div>\n\t\t\t\t<\/div>\n\t\t\t\t\t<\/div>\n\t\t\t\t<\/div>\n\t\t<div class=\"elementor-element elementor-element-7702c83 e-flex e-con-boxed e-con e-parent\" data-id=\"7702c83\" data-element_type=\"container\" data-e-type=\"container\">\n\t\t\t\t\t<div class=\"e-con-inner\">\n\t\t\t\t<div class=\"elementor-element elementor-element-94d9161 elementor-invisible elementor-widget elementor-widget-text-editor\" data-id=\"94d9161\" data-element_type=\"widget\" data-e-type=\"widget\" data-settings=\"{&quot;_animation&quot;:&quot;fadeInRight&quot;}\" data-widget_type=\"text-editor.default\">\n\t\t\t\t<div class=\"elementor-widget-container\">\n\t\t\t\t\t\t\t\t\t<p><strong>Qui est le contr\u00f4leur de vos donn\u00e9es personnelles ?<\/strong><\/p><ul><li><strong>Identit\u00e9 :<\/strong> Sistemas de Embalaje Sorsa S.A. (\"Sorsa\")<\/li><li><strong>Si\u00e8ge social :<\/strong> Pol. Ind. Can Vinyals, C\/ Ramon Berenguer, 6, 08130 Santa Perp\u00e8tua de Mogoda (Barcelona)<\/li><li><strong>T\u00e9l\u00e9phone :<\/strong> +34 93 721 40 00<\/li><li><strong>E-mail :<\/strong> comer@sorsa.es<\/li><\/ul><p><strong>\u00c0 quelles fins traitons-nous vos donn\u00e9es personnelles ?<\/strong><\/p><p>Chez Sorsa, nous traitons les informations fournies par l'utilisateur afin de g\u00e9rer ses demandes d'information et de lui envoyer des communications sur des nouveaut\u00e9s ou des offres commerciales susceptibles de l'int\u00e9resser.<\/p><p><strong>Quelle est la l\u00e9gitimit\u00e9 du traitement de vos donn\u00e9es ?<\/strong><\/p><p>La base juridique du traitement des donn\u00e9es est le consentement de l'utilisateur, qui est donn\u00e9 par l'acceptation du \"premier niveau\" de la clause relative au traitement des donn\u00e9es.<\/p><p>Le fait de ne pas fournir toutes les donn\u00e9es personnelles requises par Sorsa peut entra\u00eener une ex\u00e9cution incompl\u00e8te de la demande.<\/p><p>L'utilisateur a le droit de r\u00e9voquer son consentement \u00e0 tout moment sans que cela n'affecte r\u00e9troactivement le traitement des donn\u00e9es \u00e0 caract\u00e8re personnel effectu\u00e9 jusqu'\u00e0 ce moment-l\u00e0.<\/p><p><strong>\u00c0 quels destinataires vos donn\u00e9es seront-elles communiqu\u00e9es ?<\/strong><\/p><p>Les donn\u00e9es des utilisateurs sont h\u00e9berg\u00e9es sur les serveurs de Montaweb S.L., contract\u00e9s \u00e0 cet effet par Sorsa.<\/p><p><strong>Quels sont vos droits lorsque vous nous fournissez vos donn\u00e9es personnelles ?<\/strong><\/p><p>Tout utilisateur a le droit d'obtenir la confirmation que Sorsa traite ou non des donn\u00e9es \u00e0 caract\u00e8re personnel le concernant.<\/p><p>Les utilisateurs peuvent exercer leur droit d'acc\u00e8s aux donn\u00e9es personnelles, ainsi que demander la rectification des donn\u00e9es inexactes ou, le cas \u00e9ch\u00e9ant, demander leur annulation ou leur suppression lorsque les donn\u00e9es ne sont plus n\u00e9cessaires aux fins pour lesquelles elles ont \u00e9t\u00e9 collect\u00e9es.<\/p><p>L'utilisateur peut demander la limitation et l'opposition au traitement de ses donn\u00e9es, dans certaines circonstances et pour des raisons li\u00e9es \u00e0 sa situation particuli\u00e8re. <br \/>L'utilisateur peut exercer les droits susmentionn\u00e9s, dans les conditions pr\u00e9vues par la l\u00e9gislation en vigueur, au si\u00e8ge social de Sorsa ou en faire la demande par courrier \u00e9lectronique \u00e0 l'adresse suivante <a href=\"mailto:comer@sorsa.es\">comer@sorsa.es<\/a>. Si vous ne recevez pas de r\u00e9ponse satisfaisante ou si vous souhaitez obtenir de plus amples informations sur l'un de ces droits, vous pouvez contacter l'Agence espagnole de protection des donn\u00e9es (<a href=\"https:\/\/aepd.es\" target=\"_blank\" rel=\"noopener\">www.aepd.es<\/a> - C\/ Jorge Juan, 6, Madrid).<\/p><p><strong>Combien de temps conserverons-nous vos donn\u00e9es ?<\/strong><\/p><p>Les donn\u00e9es personnelles fournies seront conserv\u00e9es aussi longtemps que la personne concern\u00e9e n'en demandera pas la suppression.<\/p>\t\t\t\t\t\t\t\t<\/div>\n\t\t\t\t<\/div>\n\t\t\t\t\t<\/div>\n\t\t\t\t<\/div>\n\t\t\t\t<\/div>","protected":false},"excerpt":{"rendered":"<p>\u00bfQui\u00e9n es el Responsable del Tratamiento de sus datos personales? Identidad: Sistemas de Embalaje Sorsa S.A. (\u201cSorsa\u201d) Domicilio social: Pol. Ind. Can Vinyals, C\/ Ramon Berenguer, 6, 08130 Santa Perp\u00e8tua de Mogoda (Barcelona) Tel\u00e9fono: +34 93 721 40 00 E-mail: comer@sorsa.es \u00bfCon qu\u00e9 finalidad tratamos sus datos personales? En Sorsa tratamos la informaci\u00f3n que nos [&hellip;]<\/p>\n","protected":false},"author":1,"featured_media":0,"parent":0,"menu_order":0,"comment_status":"closed","ping_status":"closed","template":"elementor_header_footer","meta":{"footnotes":""},"class_list":["post-5440","page","type-page","status-publish","hentry"],"yoast_head":"<!-- This site is optimized with the Yoast SEO plugin v27.4 - https:\/\/yoast.com\/product\/yoast-seo-wordpress\/ -->\n<title>Pol\u00edtica de Privacidad de Sorsa -<\/title>\n<meta name=\"description\" content=\"En esta p\u00e1gina, te informamos de la Pol\u00edtica de Privacidad de Sorsa, puedes encontrar toda la informaci\u00f3 referente a tu privacidad\" \/>\n<meta name=\"robots\" content=\"index, follow, max-snippet:-1, max-image-preview:large, max-video-preview:-1\" \/>\n<link rel=\"canonical\" href=\"https:\/\/sorsa.es\/fr\/politique-de-confidentialite\/\" \/>\n<meta property=\"og:locale\" content=\"fr_FR\" \/>\n<meta property=\"og:type\" content=\"article\" \/>\n<meta property=\"og:title\" content=\"Pol\u00edtica de Privacidad de Sorsa -\" \/>\n<meta property=\"og:description\" content=\"En esta p\u00e1gina, te informamos de la Pol\u00edtica de Privacidad de Sorsa, puedes encontrar toda la informaci\u00f3 referente a tu privacidad\" \/>\n<meta property=\"og:url\" content=\"https:\/\/sorsa.es\/fr\/politique-de-confidentialite\/\" \/>\n<meta property=\"article:modified_time\" content=\"2024-11-04T10:58:19+00:00\" \/>\n<meta name=\"twitter:card\" content=\"summary_large_image\" \/>\n<meta name=\"twitter:label1\" content=\"Dur\u00e9e de lecture estim\u00e9e\" \/>\n\t<meta name=\"twitter:data1\" content=\"2 minutes\" \/>\n<script type=\"application\/ld+json\" class=\"yoast-schema-graph\">{\"@context\":\"https:\\\/\\\/schema.org\",\"@graph\":[{\"@type\":\"WebPage\",\"@id\":\"https:\\\/\\\/sorsa.es\\\/politica-de-privacidad\\\/\",\"url\":\"https:\\\/\\\/sorsa.es\\\/politica-de-privacidad\\\/\",\"name\":\"Pol\u00edtica de Privacidad de Sorsa -\",\"isPartOf\":{\"@id\":\"https:\\\/\\\/sorsa.es\\\/fr\\\/#website\"},\"datePublished\":\"2024-07-09T14:29:36+00:00\",\"dateModified\":\"2024-11-04T10:58:19+00:00\",\"description\":\"En esta p\u00e1gina, te informamos de la Pol\u00edtica de Privacidad de Sorsa, puedes encontrar toda la informaci\u00f3 referente a tu privacidad\",\"breadcrumb\":{\"@id\":\"https:\\\/\\\/sorsa.es\\\/politica-de-privacidad\\\/#breadcrumb\"},\"inLanguage\":\"fr-FR\",\"potentialAction\":[{\"@type\":\"ReadAction\",\"target\":[\"https:\\\/\\\/sorsa.es\\\/politica-de-privacidad\\\/\"]}]},{\"@type\":\"BreadcrumbList\",\"@id\":\"https:\\\/\\\/sorsa.es\\\/politica-de-privacidad\\\/#breadcrumb\",\"itemListElement\":[{\"@type\":\"ListItem\",\"position\":1,\"name\":\"Portada\",\"item\":\"https:\\\/\\\/sorsa.es\\\/\"},{\"@type\":\"ListItem\",\"position\":2,\"name\":\"Pol\u00edtica de Privacidad\"}]},{\"@type\":\"WebSite\",\"@id\":\"https:\\\/\\\/sorsa.es\\\/fr\\\/#website\",\"url\":\"https:\\\/\\\/sorsa.es\\\/fr\\\/\",\"name\":\"sorsa.es\",\"description\":\"\",\"publisher\":{\"@id\":\"https:\\\/\\\/sorsa.es\\\/fr\\\/#organization\"},\"potentialAction\":[{\"@type\":\"SearchAction\",\"target\":{\"@type\":\"EntryPoint\",\"urlTemplate\":\"https:\\\/\\\/sorsa.es\\\/fr\\\/?s={search_term_string}\"},\"query-input\":{\"@type\":\"PropertyValueSpecification\",\"valueRequired\":true,\"valueName\":\"search_term_string\"}}],\"inLanguage\":\"fr-FR\"},{\"@type\":\"Organization\",\"@id\":\"https:\\\/\\\/sorsa.es\\\/fr\\\/#organization\",\"name\":\"Sistemas de Embalaje Sorsa\",\"url\":\"https:\\\/\\\/sorsa.es\\\/fr\\\/\",\"logo\":{\"@type\":\"ImageObject\",\"inLanguage\":\"fr-FR\",\"@id\":\"https:\\\/\\\/sorsa.es\\\/fr\\\/#\\\/schema\\\/logo\\\/image\\\/\",\"url\":\"https:\\\/\\\/sorsa.es\\\/wp-content\\\/uploads\\\/2022\\\/06\\\/logo-sorsa-1.png\",\"contentUrl\":\"https:\\\/\\\/sorsa.es\\\/wp-content\\\/uploads\\\/2022\\\/06\\\/logo-sorsa-1.png\",\"width\":385,\"height\":85,\"caption\":\"Sistemas de Embalaje Sorsa\"},\"image\":{\"@id\":\"https:\\\/\\\/sorsa.es\\\/fr\\\/#\\\/schema\\\/logo\\\/image\\\/\"},\"sameAs\":[\"https:\\\/\\\/es.linkedin.com\\\/company\\\/sistemas-de-embalaje-sorsa-s-a-\"]}]}<\/script>\n<!-- \/ Yoast SEO plugin. -->","yoast_head_json":{"title":"Politique de confidentialit\u00e9 de Sorsa -","description":"Sur cette page, nous vous informons de la politique de confidentialit\u00e9 de Sorsa, vous pouvez y trouver toutes les informations concernant votre vie priv\u00e9e.","robots":{"index":"index","follow":"follow","max-snippet":"max-snippet:-1","max-image-preview":"max-image-preview:large","max-video-preview":"max-video-preview:-1"},"canonical":"https:\/\/sorsa.es\/fr\/politique-de-confidentialite\/","og_locale":"fr_FR","og_type":"article","og_title":"Pol\u00edtica de Privacidad de Sorsa -","og_description":"En esta p\u00e1gina, te informamos de la Pol\u00edtica de Privacidad de Sorsa, puedes encontrar toda la informaci\u00f3 referente a tu privacidad","og_url":"https:\/\/sorsa.es\/fr\/politique-de-confidentialite\/","article_modified_time":"2024-11-04T10:58:19+00:00","twitter_card":"summary_large_image","twitter_misc":{"Dur\u00e9e de lecture estim\u00e9e":"2 minutes"},"schema":{"@context":"https:\/\/schema.org","@graph":[{"@type":"WebPage","@id":"https:\/\/sorsa.es\/politica-de-privacidad\/","url":"https:\/\/sorsa.es\/politica-de-privacidad\/","name":"Politique de confidentialit\u00e9 de Sorsa -","isPartOf":{"@id":"https:\/\/sorsa.es\/fr\/#website"},"datePublished":"2024-07-09T14:29:36+00:00","dateModified":"2024-11-04T10:58:19+00:00","description":"Sur cette page, nous vous informons de la politique de confidentialit\u00e9 de Sorsa, vous pouvez y trouver toutes les informations concernant votre vie priv\u00e9e.","breadcrumb":{"@id":"https:\/\/sorsa.es\/politica-de-privacidad\/#breadcrumb"},"inLanguage":"fr-FR","potentialAction":[{"@type":"ReadAction","target":["https:\/\/sorsa.es\/politica-de-privacidad\/"]}]},{"@type":"BreadcrumbList","@id":"https:\/\/sorsa.es\/politica-de-privacidad\/#breadcrumb","itemListElement":[{"@type":"ListItem","position":1,"name":"Portada","item":"https:\/\/sorsa.es\/"},{"@type":"ListItem","position":2,"name":"Pol\u00edtica de Privacidad"}]},{"@type":"WebSite","@id":"https:\/\/sorsa.es\/fr\/#website","url":"https:\/\/sorsa.es\/fr\/","name":"sorsa.co.uk","description":"","publisher":{"@id":"https:\/\/sorsa.es\/fr\/#organization"},"potentialAction":[{"@type":"SearchAction","target":{"@type":"EntryPoint","urlTemplate":"https:\/\/sorsa.es\/fr\/?s={search_term_string}"},"query-input":{"@type":"PropertyValueSpecification","valueRequired":true,"valueName":"search_term_string"}}],"inLanguage":"fr-FR"},{"@type":"Organization","@id":"https:\/\/sorsa.es\/fr\/#organization","name":"Syst\u00e8mes d'emballage Sorsa","url":"https:\/\/sorsa.es\/fr\/","logo":{"@type":"ImageObject","inLanguage":"fr-FR","@id":"https:\/\/sorsa.es\/fr\/#\/schema\/logo\/image\/","url":"https:\/\/sorsa.es\/wp-content\/uploads\/2022\/06\/logo-sorsa-1.png","contentUrl":"https:\/\/sorsa.es\/wp-content\/uploads\/2022\/06\/logo-sorsa-1.png","width":385,"height":85,"caption":"Sistemas de Embalaje Sorsa"},"image":{"@id":"https:\/\/sorsa.es\/fr\/#\/schema\/logo\/image\/"},"sameAs":["https:\/\/es.linkedin.com\/company\/sistemas-de-embalaje-sorsa-s-a-"]}]}},"_links":{"self":[{"href":"https:\/\/sorsa.es\/fr\/wp-json\/wp\/v2\/pages\/5440","targetHints":{"allow":["GET"]}}],"collection":[{"href":"https:\/\/sorsa.es\/fr\/wp-json\/wp\/v2\/pages"}],"about":[{"href":"https:\/\/sorsa.es\/fr\/wp-json\/wp\/v2\/types\/page"}],"author":[{"embeddable":true,"href":"https:\/\/sorsa.es\/fr\/wp-json\/wp\/v2\/users\/1"}],"replies":[{"embeddable":true,"href":"https:\/\/sorsa.es\/fr\/wp-json\/wp\/v2\/comments?post=5440"}],"version-history":[{"count":1,"href":"https:\/\/sorsa.es\/fr\/wp-json\/wp\/v2\/pages\/5440\/revisions"}],"predecessor-version":[{"id":6421,"href":"https:\/\/sorsa.es\/fr\/wp-json\/wp\/v2\/pages\/5440\/revisions\/6421"}],"wp:attachment":[{"href":"https:\/\/sorsa.es\/fr\/wp-json\/wp\/v2\/media?parent=5440"}],"curies":[{"name":"wp","href":"https:\/\/api.w.org\/{rel}","templated":true}]}}