{"id":5447,"date":"2024-07-09T14:34:43","date_gmt":"2024-07-09T14:34:43","guid":{"rendered":"https:\/\/sorsa.es\/?page_id=5447"},"modified":"2024-11-04T10:57:05","modified_gmt":"2024-11-04T10:57:05","slug":"politique-en-matiere-de-cookies","status":"publish","type":"page","link":"https:\/\/sorsa.es\/fr\/politica-de-cookies\/","title":{"rendered":"Politique en mati\u00e8re de cookies"},"content":{"rendered":"<div data-elementor-type=\"wp-page\" data-elementor-id=\"5447\" class=\"elementor elementor-5447\" data-elementor-post-type=\"page\">\n\t\t\t\t<div class=\"elementor-element elementor-element-ff5526f e-flex e-con-boxed e-con e-parent\" data-id=\"ff5526f\" data-element_type=\"container\" data-e-type=\"container\" data-settings=\"{&quot;background_background&quot;:&quot;classic&quot;}\">\n\t\t\t\t\t<div class=\"e-con-inner\">\n\t\t\t\t<div class=\"elementor-element elementor-element-a0b29d8 elementor-widget elementor-widget-theme-post-title elementor-page-title elementor-widget-heading\" data-id=\"a0b29d8\" data-element_type=\"widget\" data-e-type=\"widget\" data-widget_type=\"theme-post-title.default\">\n\t\t\t\t<div class=\"elementor-widget-container\">\n\t\t\t\t\t<h1 class=\"elementor-heading-title elementor-size-default\">Politique en mati\u00e8re de cookies<\/h1>\t\t\t\t<\/div>\n\t\t\t\t<\/div>\n\t\t\t\t\t<\/div>\n\t\t\t\t<\/div>\n\t\t<div class=\"elementor-element elementor-element-5ff778b e-flex e-con-boxed e-con e-parent\" data-id=\"5ff778b\" data-element_type=\"container\" data-e-type=\"container\">\n\t\t\t\t\t<div class=\"e-con-inner\">\n\t\t\t\t<div class=\"elementor-element elementor-element-04c58ff elementor-invisible elementor-widget elementor-widget-text-editor\" data-id=\"04c58ff\" data-element_type=\"widget\" data-e-type=\"widget\" data-settings=\"{&quot;_animation&quot;:&quot;fadeInRight&quot;}\" data-widget_type=\"text-editor.default\">\n\t\t\t\t<div class=\"elementor-widget-container\">\n\t\t\t\t\t\t\t\t\t<p>En acc\u00e9dant au site web et en l'utilisant, l'utilisateur consent \u00e0 ce que Sorsa puisse collecter des cookies.<br \/><br \/>Les cookies sont des proc\u00e9d\u00e9s automatiques de collecte d'informations sur les pr\u00e9f\u00e9rences d\u00e9termin\u00e9es par un internaute lors de sa visite sur un site web donn\u00e9, afin de le reconna\u00eetre comme un utilisateur r\u00e9current, de personnaliser son utilisation et de faciliter une navigation plus rapide.<br \/><br \/><strong>Qu'est-ce qu'un biscuit ?<\/strong><br \/><br \/>Un cookie est un fichier qui est t\u00e9l\u00e9charg\u00e9 sur votre ordinateur lorsque vous acc\u00e9dez \u00e0 certains sites web. Les cookies permettent \u00e0 un site web, entre autres, de stocker et de r\u00e9cup\u00e9rer des informations sur les habitudes de navigation d'un utilisateur ou de son ordinateur et, en fonction des informations qu'ils contiennent et de la mani\u00e8re dont vous utilisez votre ordinateur, ils peuvent \u00eatre utilis\u00e9s pour reconna\u00eetre l'utilisateur.<br \/><br \/><strong>Quels types de cookies ce site web utilise-t-il ?<\/strong><br \/><br \/>De m\u00eame, en fonction de la finalit\u00e9 pour laquelle ils sont utilis\u00e9s, les cookies peuvent \u00eatre :<br \/><strong>Cookies d'analyse :<\/strong> collecter des informations pour \u00e9valuer l'utilisation du web et l'activit\u00e9 g\u00e9n\u00e9rale du web. L'analyse Web est la mesure, la collecte, l'analyse et la communication de donn\u00e9es Internet dans le but de comprendre et d'optimiser l'utilisation du site Web.<br \/><br \/><strong>Cookies sociaux :<\/strong>\u00a0 sont n\u00e9cessaires pour les r\u00e9seaux sociaux externes (Facebook, Google, Twitter, Pinterest, etc.). Leur fonction est de contr\u00f4ler l'interaction avec les widgets sociaux au sein du site.<br \/><br \/><strong>Cookies d'affiliation :<\/strong> permettre le suivi des visites d'autres sites web avec lesquels Sorsa a conclu un accord d'affiliation.<br \/><strong>Cookies publicitaires et comportementaux :<\/strong> fournissent des informations sur vos pr\u00e9f\u00e9rences et vos choix personnels sur ce site web. Ils permettent d'adapter le contenu publicitaire afin de le rendre pertinent pour l'utilisateur et d'\u00e9viter d'afficher des publicit\u00e9s que l'utilisateur a d\u00e9j\u00e0 vues.<br \/><br \/><strong>Cookies techniques :<\/strong> sont strictement n\u00e9cessaires \u00e0 l'utilisation de ce site web, permettant \u00e0 l'utilisateur de naviguer sur le site ou l'application et d'utiliser les diff\u00e9rentes options ou services qui y sont disponibles.<br \/><br \/>Cookies de personnalisation : ils permettent aux utilisateurs d'acc\u00e9der au service avec certaines caract\u00e9ristiques g\u00e9n\u00e9rales pr\u00e9d\u00e9finies sur leur ordinateur ou d\u00e9finies par l'utilisateur lui-m\u00eame. Par exemple, la langue, le type de navigateur utilis\u00e9 pour acc\u00e9der au service, la conception du contenu s\u00e9lectionn\u00e9, la g\u00e9olocalisation de l'ordinateur et la configuration r\u00e9gionale dans laquelle le service est accessible.<br \/><br \/><strong>Cookies de tiers :<\/strong> Sur certains sites web, vous pouvez installer des cookies de tiers qui vous permettent de g\u00e9rer et d'am\u00e9liorer les services offerts.<br \/><br \/>La liste des cookies utilis\u00e9s peut \u00eatre modifi\u00e9e en fonction de l'inclusion ou de l'exclusion de services et d'applications web.<br \/>Pour g\u00e9rer les activit\u00e9s des cookies sur votre ordinateur, vous pouvez explicitement les accepter, les bloquer ou les supprimer. Si vous ne le faites pas et que vous continuez \u00e0 naviguer sur le site web, il sera entendu que vous les acceptez.<br \/><br \/>Si vous souhaitez \u00e0 tout moment retirer votre consentement \u00e0 l'utilisation de cookies, vous devez supprimer les cookies stock\u00e9s sur votre ordinateur ou votre appareil mobile par le biais des param\u00e8tres et des configurations de votre navigateur Internet.<br \/>Suivez ce lien pour consulter les r\u00e8gles de confidentialit\u00e9 de ces services Google.<br \/><br \/><strong>R\u00e9vocation et suppression des cookies<\/strong><br \/>Vous pouvez autoriser, bloquer ou supprimer les cookies install\u00e9s sur votre appareil en configurant les options du navigateur install\u00e9 sur votre appareil.<\/p><ul><li>Pour plus d'informations sur le navigateur <a href=\"https:\/\/support.mozilla.org\/es\/kb\/habilitar-y-deshabilitar-cookies-sitios-web-rastrear-preferencias?redirectslug=habilitar-y-deshabilitar-cookies-que-los-sitios-we&amp;redirectlocale=es\" target=\"_blank\" rel=\"noopener\">Firefox cliquez ici.<\/a><\/li><li>Pour plus d'informations sur le navigateur <a href=\"https:\/\/support.google.com\/chrome\/answer\/95647?hl=es\" target=\"_blank\" rel=\"noopener\">Chrome cliquez ici.<\/a><\/li><li>Pour plus d'informations sur le navigateur <a href=\"https:\/\/support.microsoft.com\/es-es\/windows\/administrar-cookies-en-microsoft-edge-ver-permitir-bloquear-eliminar-y-usar-168dab11-0753-043d-7c16-ede5947fc64d\" target=\"_blank\" rel=\"noopener\">Explorer cliquez ici.<\/a><\/li><li>Pour plus d'informations sur le navigateur <a href=\"https:\/\/support.apple.com\/es-es\/105082\" target=\"_blank\" rel=\"noopener\">Safari cliquez ici.<\/a><\/li><\/ul><p>Ces navigateurs font l'objet de mises \u00e0 jour ou de modifications, de sorte que nous ne pouvons pas garantir qu'ils sont enti\u00e8rement compatibles avec la version du navigateur.<br \/><br \/>Si l'utilisateur souhaite refuser l'utilisation de cookies, il peut continuer \u00e0 naviguer\/utiliser le site web, mais peut \u00eatre limit\u00e9 dans l'utilisation de certaines fonctionnalit\u00e9s. <br \/><br \/>Si l'utilisateur continue \u00e0 naviguer sur le site web sans refuser l'autorisation, cela implique qu'il accepte l'utilisation de cookies par Sorsa. Pour toute autre question concernant l'utilisation des cookies, vous pouvez envoyer votre demande par \u00e9crit, par courrier \u00e9lectronique, \u00e0 l'adresse suivante <a href=\"mailto:comer@sorsa.es\">comer@sorsa.es<\/a>.<\/p>\t\t\t\t\t\t\t\t<\/div>\n\t\t\t\t<\/div>\n\t\t\t\t\t<\/div>\n\t\t\t\t<\/div>\n\t\t\t\t<\/div>","protected":false},"excerpt":{"rendered":"<p>Mediante el acceso y uso del Sitio Web, el usuario consiente que Sorsa pueda recabar cookies. Las cookies constituyen procedimientos autom\u00e1ticos de recogida de informaci\u00f3n relativa a las preferencias determinadas por un usuario de Internet durante su visita a un determinado sitio web con el fin de reconocerlo como usuario recurrente y personalizar su uso [&hellip;]<\/p>\n","protected":false},"author":1,"featured_media":0,"parent":0,"menu_order":0,"comment_status":"closed","ping_status":"closed","template":"elementor_header_footer","meta":{"footnotes":""},"class_list":["post-5447","page","type-page","status-publish","hentry"],"yoast_head":"<!-- This site is optimized with the Yoast SEO plugin v27.2 - https:\/\/yoast.com\/product\/yoast-seo-wordpress\/ -->\n<title>Pol\u00edtica de cookies de Sorsa -<\/title>\n<meta name=\"description\" content=\"En esta p\u00e1gina puedes consultar la Pol\u00edtica de cookies de Sorsa. En ella te informamso del uso que hacemos de las cookies\" \/>\n<meta name=\"robots\" content=\"index, follow, max-snippet:-1, max-image-preview:large, max-video-preview:-1\" \/>\n<link rel=\"canonical\" href=\"https:\/\/sorsa.es\/fr\/politique-en-matiere-de-cookies\/\" \/>\n<meta property=\"og:locale\" content=\"fr_FR\" \/>\n<meta property=\"og:type\" content=\"article\" \/>\n<meta property=\"og:title\" content=\"Pol\u00edtica de cookies de Sorsa -\" \/>\n<meta property=\"og:description\" content=\"En esta p\u00e1gina puedes consultar la Pol\u00edtica de cookies de Sorsa. En ella te informamso del uso que hacemos de las cookies\" \/>\n<meta property=\"og:url\" content=\"https:\/\/sorsa.es\/fr\/politique-en-matiere-de-cookies\/\" \/>\n<meta property=\"article:modified_time\" content=\"2024-11-04T10:57:05+00:00\" \/>\n<meta name=\"twitter:card\" content=\"summary_large_image\" \/>\n<meta name=\"twitter:label1\" content=\"Dur\u00e9e de lecture estim\u00e9e\" \/>\n\t<meta name=\"twitter:data1\" content=\"4 minutes\" \/>\n<script type=\"application\/ld+json\" class=\"yoast-schema-graph\">{\"@context\":\"https:\/\/schema.org\",\"@graph\":[{\"@type\":\"WebPage\",\"@id\":\"https:\/\/sorsa.es\/politica-de-cookies\/\",\"url\":\"https:\/\/sorsa.es\/politica-de-cookies\/\",\"name\":\"Pol\u00edtica de cookies de Sorsa -\",\"isPartOf\":{\"@id\":\"https:\/\/sorsa.es\/fr\/#website\"},\"datePublished\":\"2024-07-09T14:34:43+00:00\",\"dateModified\":\"2024-11-04T10:57:05+00:00\",\"description\":\"En esta p\u00e1gina puedes consultar la Pol\u00edtica de cookies de Sorsa. En ella te informamso del uso que hacemos de las cookies\",\"breadcrumb\":{\"@id\":\"https:\/\/sorsa.es\/politica-de-cookies\/#breadcrumb\"},\"inLanguage\":\"fr-FR\",\"potentialAction\":[{\"@type\":\"ReadAction\",\"target\":[\"https:\/\/sorsa.es\/politica-de-cookies\/\"]}]},{\"@type\":\"BreadcrumbList\",\"@id\":\"https:\/\/sorsa.es\/politica-de-cookies\/#breadcrumb\",\"itemListElement\":[{\"@type\":\"ListItem\",\"position\":1,\"name\":\"Portada\",\"item\":\"https:\/\/sorsa.es\/\"},{\"@type\":\"ListItem\",\"position\":2,\"name\":\"Pol\u00edtica de cookies\"}]},{\"@type\":\"WebSite\",\"@id\":\"https:\/\/sorsa.es\/fr\/#website\",\"url\":\"https:\/\/sorsa.es\/fr\/\",\"name\":\"sorsa.es\",\"description\":\"\",\"publisher\":{\"@id\":\"https:\/\/sorsa.es\/fr\/#organization\"},\"potentialAction\":[{\"@type\":\"SearchAction\",\"target\":{\"@type\":\"EntryPoint\",\"urlTemplate\":\"https:\/\/sorsa.es\/fr\/?s={search_term_string}\"},\"query-input\":{\"@type\":\"PropertyValueSpecification\",\"valueRequired\":true,\"valueName\":\"search_term_string\"}}],\"inLanguage\":\"fr-FR\"},{\"@type\":\"Organization\",\"@id\":\"https:\/\/sorsa.es\/fr\/#organization\",\"name\":\"Sistemas de Embalaje Sorsa\",\"url\":\"https:\/\/sorsa.es\/fr\/\",\"logo\":{\"@type\":\"ImageObject\",\"inLanguage\":\"fr-FR\",\"@id\":\"https:\/\/sorsa.es\/fr\/#\/schema\/logo\/image\/\",\"url\":\"https:\/\/sorsa.es\/wp-content\/uploads\/2022\/06\/logo-sorsa-1.png\",\"contentUrl\":\"https:\/\/sorsa.es\/wp-content\/uploads\/2022\/06\/logo-sorsa-1.png\",\"width\":385,\"height\":85,\"caption\":\"Sistemas de Embalaje Sorsa\"},\"image\":{\"@id\":\"https:\/\/sorsa.es\/fr\/#\/schema\/logo\/image\/\"},\"sameAs\":[\"https:\/\/es.linkedin.com\/company\/sistemas-de-embalaje-sorsa-s-a-\"]}]}<\/script>\n<!-- \/ Yoast SEO plugin. -->","yoast_head_json":{"title":"Politique en mati\u00e8re de cookies de Sorsa -","description":"Sur cette page, vous pouvez consulter la politique de Sorsa en mati\u00e8re de cookies. Nous vous informons ici de notre utilisation des cookies.","robots":{"index":"index","follow":"follow","max-snippet":"max-snippet:-1","max-image-preview":"max-image-preview:large","max-video-preview":"max-video-preview:-1"},"canonical":"https:\/\/sorsa.es\/fr\/politique-en-matiere-de-cookies\/","og_locale":"fr_FR","og_type":"article","og_title":"Pol\u00edtica de cookies de Sorsa -","og_description":"En esta p\u00e1gina puedes consultar la Pol\u00edtica de cookies de Sorsa. En ella te informamso del uso que hacemos de las cookies","og_url":"https:\/\/sorsa.es\/fr\/politique-en-matiere-de-cookies\/","article_modified_time":"2024-11-04T10:57:05+00:00","twitter_card":"summary_large_image","twitter_misc":{"Dur\u00e9e de lecture estim\u00e9e":"4 minutes"},"schema":{"@context":"https:\/\/schema.org","@graph":[{"@type":"WebPage","@id":"https:\/\/sorsa.es\/politica-de-cookies\/","url":"https:\/\/sorsa.es\/politica-de-cookies\/","name":"Politique en mati\u00e8re de cookies de Sorsa -","isPartOf":{"@id":"https:\/\/sorsa.es\/fr\/#website"},"datePublished":"2024-07-09T14:34:43+00:00","dateModified":"2024-11-04T10:57:05+00:00","description":"Sur cette page, vous pouvez consulter la politique de Sorsa en mati\u00e8re de cookies. Nous vous informons ici de notre utilisation des cookies.","breadcrumb":{"@id":"https:\/\/sorsa.es\/politica-de-cookies\/#breadcrumb"},"inLanguage":"fr-FR","potentialAction":[{"@type":"ReadAction","target":["https:\/\/sorsa.es\/politica-de-cookies\/"]}]},{"@type":"BreadcrumbList","@id":"https:\/\/sorsa.es\/politica-de-cookies\/#breadcrumb","itemListElement":[{"@type":"ListItem","position":1,"name":"Portada","item":"https:\/\/sorsa.es\/"},{"@type":"ListItem","position":2,"name":"Pol\u00edtica de cookies"}]},{"@type":"WebSite","@id":"https:\/\/sorsa.es\/fr\/#website","url":"https:\/\/sorsa.es\/fr\/","name":"sorsa.co.uk","description":"","publisher":{"@id":"https:\/\/sorsa.es\/fr\/#organization"},"potentialAction":[{"@type":"SearchAction","target":{"@type":"EntryPoint","urlTemplate":"https:\/\/sorsa.es\/fr\/?s={search_term_string}"},"query-input":{"@type":"PropertyValueSpecification","valueRequired":true,"valueName":"search_term_string"}}],"inLanguage":"fr-FR"},{"@type":"Organization","@id":"https:\/\/sorsa.es\/fr\/#organization","name":"Syst\u00e8mes d'emballage Sorsa","url":"https:\/\/sorsa.es\/fr\/","logo":{"@type":"ImageObject","inLanguage":"fr-FR","@id":"https:\/\/sorsa.es\/fr\/#\/schema\/logo\/image\/","url":"https:\/\/sorsa.es\/wp-content\/uploads\/2022\/06\/logo-sorsa-1.png","contentUrl":"https:\/\/sorsa.es\/wp-content\/uploads\/2022\/06\/logo-sorsa-1.png","width":385,"height":85,"caption":"Sistemas de Embalaje Sorsa"},"image":{"@id":"https:\/\/sorsa.es\/fr\/#\/schema\/logo\/image\/"},"sameAs":["https:\/\/es.linkedin.com\/company\/sistemas-de-embalaje-sorsa-s-a-"]}]}},"_links":{"self":[{"href":"https:\/\/sorsa.es\/fr\/wp-json\/wp\/v2\/pages\/5447","targetHints":{"allow":["GET"]}}],"collection":[{"href":"https:\/\/sorsa.es\/fr\/wp-json\/wp\/v2\/pages"}],"about":[{"href":"https:\/\/sorsa.es\/fr\/wp-json\/wp\/v2\/types\/page"}],"author":[{"embeddable":true,"href":"https:\/\/sorsa.es\/fr\/wp-json\/wp\/v2\/users\/1"}],"replies":[{"embeddable":true,"href":"https:\/\/sorsa.es\/fr\/wp-json\/wp\/v2\/comments?post=5447"}],"version-history":[{"count":1,"href":"https:\/\/sorsa.es\/fr\/wp-json\/wp\/v2\/pages\/5447\/revisions"}],"predecessor-version":[{"id":6420,"href":"https:\/\/sorsa.es\/fr\/wp-json\/wp\/v2\/pages\/5447\/revisions\/6420"}],"wp:attachment":[{"href":"https:\/\/sorsa.es\/fr\/wp-json\/wp\/v2\/media?parent=5447"}],"curies":[{"name":"wp","href":"https:\/\/api.w.org\/{rel}","templated":true}]}}