{"id":5457,"date":"2024-07-09T15:07:42","date_gmt":"2024-07-09T15:07:42","guid":{"rendered":"https:\/\/sorsa.es\/?page_id=5457"},"modified":"2025-01-30T12:12:07","modified_gmt":"2025-01-30T12:12:07","slug":"qualite-et-code-de-deontologie","status":"publish","type":"page","link":"https:\/\/sorsa.es\/fr\/calidad-y-codigo-etico\/","title":{"rendered":"Qualit\u00e9 et code de d\u00e9ontologie"},"content":{"rendered":"<div data-elementor-type=\"wp-page\" data-elementor-id=\"5457\" class=\"elementor elementor-5457\" data-elementor-post-type=\"page\">\n\t\t\t\t<div class=\"elementor-element elementor-element-09838fa e-flex e-con-boxed e-con e-parent\" data-id=\"09838fa\" data-element_type=\"container\" data-e-type=\"container\" data-settings=\"{&quot;background_background&quot;:&quot;classic&quot;}\">\n\t\t\t\t\t<div class=\"e-con-inner\">\n\t\t\t\t<div class=\"elementor-element elementor-element-95e1c72 elementor-widget elementor-widget-theme-post-title elementor-page-title elementor-widget-heading\" data-id=\"95e1c72\" data-element_type=\"widget\" data-e-type=\"widget\" data-widget_type=\"theme-post-title.default\">\n\t\t\t\t<div class=\"elementor-widget-container\">\n\t\t\t\t\t<h1 class=\"elementor-heading-title elementor-size-default\">Qualit\u00e9 et code de d\u00e9ontologie<\/h1>\t\t\t\t<\/div>\n\t\t\t\t<\/div>\n\t\t\t\t\t<\/div>\n\t\t\t\t<\/div>\n\t\t<div class=\"elementor-element elementor-element-fcded2f e-flex e-con-boxed e-con e-parent\" data-id=\"fcded2f\" data-element_type=\"container\" data-e-type=\"container\">\n\t\t\t\t\t<div class=\"e-con-inner\">\n\t\t\t\t<div class=\"elementor-element elementor-element-c861d24 elementor-invisible elementor-widget elementor-widget-text-editor\" data-id=\"c861d24\" data-element_type=\"widget\" data-e-type=\"widget\" data-settings=\"{&quot;_animation&quot;:&quot;fadeInRight&quot;}\" data-widget_type=\"text-editor.default\">\n\t\t\t\t<div class=\"elementor-widget-container\">\n\t\t\t\t\t\t\t\t\t<p>Sistemas de Embalaje Sorsa, S.A., division cerclage, se consacre \u00e0 la conception, \u00e0 la fabrication et \u00e0 la commercialisation de cerclages en polypropyl\u00e8ne, polyester et esterfil. Elle se consacre \u00e9galement \u00e0 la commercialisation et \u00e0 la distribution de cerclages m\u00e9talliques.<\/p><p>La vision de l'entreprise est d'\u00eatre un leader du secteur, avec un prestige national reconnu, qui recherche l'excellence dans ses produits, avec l'intention d'\u00eatre consid\u00e9r\u00e9 par nos clients comme une entreprise qui se diff\u00e9rencie dans ses produits et du reste de ses concurrents en montrant une vocation claire pour la qualit\u00e9 et le service. La mission de l'entreprise est de fournir des solutions imm\u00e9diates aux clients qui recherchent un produit efficace, respectueux de l'environnement et comp\u00e9titif. Notre valeur ajout\u00e9e r\u00e9side dans des mati\u00e8res premi\u00e8res de haute qualit\u00e9, qui garantissent les caract\u00e9ristiques techniques et la s\u00e9curit\u00e9 de nos produits, dans un personnel d\u00fbment qualifi\u00e9 et form\u00e9 et dans des installations de haute technologie qui facilitent le fonctionnement ad\u00e9quat et fiable du produit.<\/p><p>La direction g\u00e9n\u00e9rale s'engage \u00e0 respecter les exigences r\u00e9glementaires et autres applicables aux produits, \u00e0 la gestion de l'environnement et \u00e0 la gestion de l'\u00e9nergie ; \u00e0 disposer des informations et des ressources n\u00e9cessaires pour atteindre les objectifs et les cibles ; \u00e0 am\u00e9liorer en permanence l'efficacit\u00e9 du syst\u00e8me de qualit\u00e9, de la gestion de l'environnement et de la pr\u00e9vention de la pollution, de la performance \u00e9nerg\u00e9tique et du syst\u00e8me de gestion de l'\u00e9nergie.<\/p><p>Les principes fondamentaux sur lesquels repose la politique de gestion de l'entreprise sont les suivants :<\/p><p><strong>Gestion de la qualit\u00e9 :<\/strong><\/p><ul><li>La communication et la disponibilit\u00e9 de l'ensemble de l'\u00e9quipe avec nos clients.<\/li><li>R\u00e9pondre rapidement aux besoins de nos clients en mati\u00e8re de produits.<\/li><li>Fournir une solution globale de syst\u00e8me d'emballage.<br \/>Impliquer l'ensemble de la population<\/li><li>le personnel de l'entreprise dans l'am\u00e9lioration continue des processus.<\/li><li>Maintenir des normes de qualit\u00e9 internes bas\u00e9es sur l'excellence des produits et des processus.<\/li><\/ul><p><strong>Gestion de l'environnement :<\/strong><\/p><ul><li>Minimiser la quantit\u00e9, la dangerosit\u00e9 et l'impact environnemental des flux de d\u00e9chets g\u00e9n\u00e9r\u00e9s.<\/li><li>\u00c9viter l'utilisation inutile des ressources<\/li><li>Impliquer nos sous-traitants dans la gestion ad\u00e9quate des aspects environnementaux d\u00e9coulant des activit\u00e9s qu'ils r\u00e9alisent pour ou au nom de notre entreprise.<\/li><li>D\u00e9velopper des plans de formation et de sensibilisation pour nos employ\u00e9s sur les questions environnementales li\u00e9es \u00e0 leur travail et sur la mani\u00e8re dont ils peuvent contribuer \u00e0 r\u00e9duire l'impact de leur activit\u00e9 sur l'environnement.<\/li><\/ul><p><strong>Gestion de l'\u00e9nergie :<\/strong><\/p><ul><li>Soutien \u00e0 l'acquisition de produits, d'\u00e9quipements et de services efficaces sur le plan \u00e9nerg\u00e9tique et ayant un impact sur la performance \u00e9nerg\u00e9tique.<\/li><li>Soutien aux activit\u00e9s de conception qui prennent en compte l'am\u00e9lioration de la performance \u00e9nerg\u00e9tique.<\/li><\/ul><p><strong>La s\u00e9curit\u00e9 :<\/strong><\/p><ul><li>Fournir un environnement s\u00fbr \u00e0 nos employ\u00e9s et \u00e0 nos visiteurs.<\/li><li>Int\u00e9grer la pr\u00e9vention des risques professionnels dans la prise de d\u00e9cision. Tous les membres de l'organisation doivent consid\u00e9rer la sant\u00e9 et la s\u00e9curit\u00e9 au travail comme une responsabilit\u00e9 prioritaire.<\/li><\/ul><p>\u00a0<\/p><p>La mise en \u0153uvre de cette politique est un objectif fondamental de la direction et il incombe \u00e0 l'ensemble du personnel d'axer toutes ses actions sur l'apport d'une valeur ajout\u00e9e aux principes \u00e9nonc\u00e9s dans la politique.<\/p><p>\u00a0<\/p><p><a href=\"https:\/\/formulario.sorsa.es\/certificados\/CODIGO_ETICO.pdf\" target=\"_blank\" rel=\"noopener\">VOIR NOTRE CODE D'\u00c9THIQUE<\/a><\/p><p><a href=\"https:\/\/formulario.sorsa.es\/certificados\/0037139-001-QMS-SPAES-UKAS.pdf\" target=\"_blank\" rel=\"noopener\">Syst\u00e8me de gestion de la qualit\u00e9<\/a><\/p><p><a href=\"https:\/\/formulario.sorsa.es\/certificados\/0037138-001-EMS-SPAES-UKAS.pdf\" target=\"_blank\" rel=\"noopener\">Syst\u00e8me de gestion de l'environnement<\/a><\/p><p><a href=\"https:\/\/formulario.sorsa.es\/certificados\/00039371-50001-SPAES-UKAS.pdf\" target=\"_blank\" rel=\"noopener\">Syst\u00e8me de gestion de l'\u00e9nergie<\/a><\/p><p><a href=\"https:\/\/formulario.sorsa.es\/certificados\/ESBCN_000732_GenericCertificate_Final.pdf\" target=\"_blank\" rel=\"noopener\">CERTIFICAT SGS Tra\u00e7abilit\u00e9 du recyclage des plastiques et de la teneur en plastique recycl\u00e9<\/a><\/p><p><a href=\"https:\/\/etika360-sorsa.ethic-channel.com\/home\" target=\"_blank\" rel=\"noopener\"><strong>D\u00e9nonciation de la cha\u00eene<\/strong><\/a><\/p>\t\t\t\t\t\t\t\t<\/div>\n\t\t\t\t<\/div>\n\t\t\t\t\t<\/div>\n\t\t\t\t<\/div>\n\t\t\t\t<\/div>","protected":false},"excerpt":{"rendered":"<p>Sistemas de Embalaje Sorsa, S.A., divisi\u00f3n Fleje, se dedica al dise\u00f1o, fabricaci\u00f3n y comercializaci\u00f3n de fleje de polipropileno, poli\u00e9ster y \u00e9sterfil. Y comercializaci\u00f3n y distribuci\u00f3n de fleje de acero. La visi\u00f3n de la compa\u00f1\u00eda es ser l\u00edder en el sector, de reconocido prestigio nacional, que persigue la excelencia en sus productos, con la intenci\u00f3n de [&hellip;]<\/p>\n","protected":false},"author":1,"featured_media":0,"parent":0,"menu_order":0,"comment_status":"closed","ping_status":"closed","template":"elementor_header_footer","meta":{"footnotes":""},"class_list":["post-5457","page","type-page","status-publish","hentry"],"yoast_head":"<!-- This site is optimized with the Yoast SEO plugin v27.2 - https:\/\/yoast.com\/product\/yoast-seo-wordpress\/ -->\n<title>Calidad y c\u00f3digo \u00e9tico Sorsa -<\/title>\n<meta name=\"description\" content=\"Esta es la p\u00e1gina de Calidad y c\u00f3digo \u00e9tico de Sorsa. Consulta nuestras pol\u00edticas y documentaci\u00f3n, como certificados, a ese respecto.\" \/>\n<meta name=\"robots\" content=\"index, follow, max-snippet:-1, max-image-preview:large, max-video-preview:-1\" \/>\n<link rel=\"canonical\" href=\"https:\/\/sorsa.es\/fr\/qualite-et-code-de-deontologie\/\" \/>\n<meta property=\"og:locale\" content=\"fr_FR\" \/>\n<meta property=\"og:type\" content=\"article\" \/>\n<meta property=\"og:title\" content=\"Calidad y c\u00f3digo \u00e9tico Sorsa -\" \/>\n<meta property=\"og:description\" content=\"Esta es la p\u00e1gina de Calidad y c\u00f3digo \u00e9tico de Sorsa. Consulta nuestras pol\u00edticas y documentaci\u00f3n, como certificados, a ese respecto.\" \/>\n<meta property=\"og:url\" content=\"https:\/\/sorsa.es\/fr\/qualite-et-code-de-deontologie\/\" \/>\n<meta property=\"article:modified_time\" content=\"2025-01-30T12:12:07+00:00\" \/>\n<meta name=\"twitter:card\" content=\"summary_large_image\" \/>\n<meta name=\"twitter:label1\" content=\"Dur\u00e9e de lecture estim\u00e9e\" \/>\n\t<meta name=\"twitter:data1\" content=\"3 minutes\" \/>\n<script type=\"application\/ld+json\" class=\"yoast-schema-graph\">{\"@context\":\"https:\/\/schema.org\",\"@graph\":[{\"@type\":\"WebPage\",\"@id\":\"https:\/\/sorsa.es\/calidad-y-codigo-etico\/\",\"url\":\"https:\/\/sorsa.es\/calidad-y-codigo-etico\/\",\"name\":\"Calidad y c\u00f3digo \u00e9tico Sorsa -\",\"isPartOf\":{\"@id\":\"https:\/\/sorsa.es\/fr\/#website\"},\"datePublished\":\"2024-07-09T15:07:42+00:00\",\"dateModified\":\"2025-01-30T12:12:07+00:00\",\"description\":\"Esta es la p\u00e1gina de Calidad y c\u00f3digo \u00e9tico de Sorsa. Consulta nuestras pol\u00edticas y documentaci\u00f3n, como certificados, a ese respecto.\",\"breadcrumb\":{\"@id\":\"https:\/\/sorsa.es\/calidad-y-codigo-etico\/#breadcrumb\"},\"inLanguage\":\"fr-FR\",\"potentialAction\":[{\"@type\":\"ReadAction\",\"target\":[\"https:\/\/sorsa.es\/calidad-y-codigo-etico\/\"]}]},{\"@type\":\"BreadcrumbList\",\"@id\":\"https:\/\/sorsa.es\/calidad-y-codigo-etico\/#breadcrumb\",\"itemListElement\":[{\"@type\":\"ListItem\",\"position\":1,\"name\":\"Portada\",\"item\":\"https:\/\/sorsa.es\/\"},{\"@type\":\"ListItem\",\"position\":2,\"name\":\"Calidad y c\u00f3digo \u00e9tico\"}]},{\"@type\":\"WebSite\",\"@id\":\"https:\/\/sorsa.es\/fr\/#website\",\"url\":\"https:\/\/sorsa.es\/fr\/\",\"name\":\"sorsa.es\",\"description\":\"\",\"publisher\":{\"@id\":\"https:\/\/sorsa.es\/fr\/#organization\"},\"potentialAction\":[{\"@type\":\"SearchAction\",\"target\":{\"@type\":\"EntryPoint\",\"urlTemplate\":\"https:\/\/sorsa.es\/fr\/?s={search_term_string}\"},\"query-input\":{\"@type\":\"PropertyValueSpecification\",\"valueRequired\":true,\"valueName\":\"search_term_string\"}}],\"inLanguage\":\"fr-FR\"},{\"@type\":\"Organization\",\"@id\":\"https:\/\/sorsa.es\/fr\/#organization\",\"name\":\"Sistemas de Embalaje Sorsa\",\"url\":\"https:\/\/sorsa.es\/fr\/\",\"logo\":{\"@type\":\"ImageObject\",\"inLanguage\":\"fr-FR\",\"@id\":\"https:\/\/sorsa.es\/fr\/#\/schema\/logo\/image\/\",\"url\":\"https:\/\/sorsa.es\/wp-content\/uploads\/2022\/06\/logo-sorsa-1.png\",\"contentUrl\":\"https:\/\/sorsa.es\/wp-content\/uploads\/2022\/06\/logo-sorsa-1.png\",\"width\":385,\"height\":85,\"caption\":\"Sistemas de Embalaje Sorsa\"},\"image\":{\"@id\":\"https:\/\/sorsa.es\/fr\/#\/schema\/logo\/image\/\"},\"sameAs\":[\"https:\/\/es.linkedin.com\/company\/sistemas-de-embalaje-sorsa-s-a-\"]}]}<\/script>\n<!-- \/ Yoast SEO plugin. -->","yoast_head_json":{"title":"Code de qualit\u00e9 et d'\u00e9thique Sorsa -","description":"Ceci est la page de la qualit\u00e9 et du code d'\u00e9thique de Sorsa. Consultez nos politiques et notre documentation, comme les certificats, \u00e0 cet \u00e9gard.","robots":{"index":"index","follow":"follow","max-snippet":"max-snippet:-1","max-image-preview":"max-image-preview:large","max-video-preview":"max-video-preview:-1"},"canonical":"https:\/\/sorsa.es\/fr\/qualite-et-code-de-deontologie\/","og_locale":"fr_FR","og_type":"article","og_title":"Calidad y c\u00f3digo \u00e9tico Sorsa -","og_description":"Esta es la p\u00e1gina de Calidad y c\u00f3digo \u00e9tico de Sorsa. Consulta nuestras pol\u00edticas y documentaci\u00f3n, como certificados, a ese respecto.","og_url":"https:\/\/sorsa.es\/fr\/qualite-et-code-de-deontologie\/","article_modified_time":"2025-01-30T12:12:07+00:00","twitter_card":"summary_large_image","twitter_misc":{"Dur\u00e9e de lecture estim\u00e9e":"3 minutes"},"schema":{"@context":"https:\/\/schema.org","@graph":[{"@type":"WebPage","@id":"https:\/\/sorsa.es\/calidad-y-codigo-etico\/","url":"https:\/\/sorsa.es\/calidad-y-codigo-etico\/","name":"Code de qualit\u00e9 et d'\u00e9thique Sorsa -","isPartOf":{"@id":"https:\/\/sorsa.es\/fr\/#website"},"datePublished":"2024-07-09T15:07:42+00:00","dateModified":"2025-01-30T12:12:07+00:00","description":"Ceci est la page de la qualit\u00e9 et du code d'\u00e9thique de Sorsa. Consultez nos politiques et notre documentation, comme les certificats, \u00e0 cet \u00e9gard.","breadcrumb":{"@id":"https:\/\/sorsa.es\/calidad-y-codigo-etico\/#breadcrumb"},"inLanguage":"fr-FR","potentialAction":[{"@type":"ReadAction","target":["https:\/\/sorsa.es\/calidad-y-codigo-etico\/"]}]},{"@type":"BreadcrumbList","@id":"https:\/\/sorsa.es\/calidad-y-codigo-etico\/#breadcrumb","itemListElement":[{"@type":"ListItem","position":1,"name":"Portada","item":"https:\/\/sorsa.es\/"},{"@type":"ListItem","position":2,"name":"Calidad y c\u00f3digo \u00e9tico"}]},{"@type":"WebSite","@id":"https:\/\/sorsa.es\/fr\/#website","url":"https:\/\/sorsa.es\/fr\/","name":"sorsa.co.uk","description":"","publisher":{"@id":"https:\/\/sorsa.es\/fr\/#organization"},"potentialAction":[{"@type":"SearchAction","target":{"@type":"EntryPoint","urlTemplate":"https:\/\/sorsa.es\/fr\/?s={search_term_string}"},"query-input":{"@type":"PropertyValueSpecification","valueRequired":true,"valueName":"search_term_string"}}],"inLanguage":"fr-FR"},{"@type":"Organization","@id":"https:\/\/sorsa.es\/fr\/#organization","name":"Syst\u00e8mes d'emballage Sorsa","url":"https:\/\/sorsa.es\/fr\/","logo":{"@type":"ImageObject","inLanguage":"fr-FR","@id":"https:\/\/sorsa.es\/fr\/#\/schema\/logo\/image\/","url":"https:\/\/sorsa.es\/wp-content\/uploads\/2022\/06\/logo-sorsa-1.png","contentUrl":"https:\/\/sorsa.es\/wp-content\/uploads\/2022\/06\/logo-sorsa-1.png","width":385,"height":85,"caption":"Sistemas de Embalaje Sorsa"},"image":{"@id":"https:\/\/sorsa.es\/fr\/#\/schema\/logo\/image\/"},"sameAs":["https:\/\/es.linkedin.com\/company\/sistemas-de-embalaje-sorsa-s-a-"]}]}},"_links":{"self":[{"href":"https:\/\/sorsa.es\/fr\/wp-json\/wp\/v2\/pages\/5457","targetHints":{"allow":["GET"]}}],"collection":[{"href":"https:\/\/sorsa.es\/fr\/wp-json\/wp\/v2\/pages"}],"about":[{"href":"https:\/\/sorsa.es\/fr\/wp-json\/wp\/v2\/types\/page"}],"author":[{"embeddable":true,"href":"https:\/\/sorsa.es\/fr\/wp-json\/wp\/v2\/users\/1"}],"replies":[{"embeddable":true,"href":"https:\/\/sorsa.es\/fr\/wp-json\/wp\/v2\/comments?post=5457"}],"version-history":[{"count":13,"href":"https:\/\/sorsa.es\/fr\/wp-json\/wp\/v2\/pages\/5457\/revisions"}],"predecessor-version":[{"id":6517,"href":"https:\/\/sorsa.es\/fr\/wp-json\/wp\/v2\/pages\/5457\/revisions\/6517"}],"wp:attachment":[{"href":"https:\/\/sorsa.es\/fr\/wp-json\/wp\/v2\/media?parent=5457"}],"curies":[{"name":"wp","href":"https:\/\/api.w.org\/{rel}","templated":true}]}}