{"id":6065,"date":"2024-07-17T11:41:00","date_gmt":"2024-07-17T11:41:00","guid":{"rendered":"https:\/\/sorsa.es\/?page_id=6065"},"modified":"2024-12-23T09:25:37","modified_gmt":"2024-12-23T09:25:37","slug":"la-durabilite","status":"publish","type":"page","link":"https:\/\/sorsa.es\/fr\/sostenibilidad\/","title":{"rendered":"Durabilit\u00e9"},"content":{"rendered":"<div data-elementor-type=\"wp-page\" data-elementor-id=\"6065\" class=\"elementor elementor-6065\" data-elementor-post-type=\"page\">\n\t\t\t\t<div class=\"elementor-element elementor-element-1b2a11d e-flex e-con-boxed e-con e-parent\" data-id=\"1b2a11d\" data-element_type=\"container\" data-e-type=\"container\" data-settings=\"{&quot;background_background&quot;:&quot;classic&quot;}\">\n\t\t\t\t\t<div class=\"e-con-inner\">\n\t\t\t\t<div class=\"elementor-element elementor-element-2fa2126 elementor-widget elementor-widget-theme-post-title elementor-page-title elementor-widget-heading\" data-id=\"2fa2126\" data-element_type=\"widget\" data-e-type=\"widget\" data-widget_type=\"theme-post-title.default\">\n\t\t\t\t<div class=\"elementor-widget-container\">\n\t\t\t\t\t<h1 class=\"elementor-heading-title elementor-size-default\">Durabilit\u00e9<\/h1>\t\t\t\t<\/div>\n\t\t\t\t<\/div>\n\t\t\t\t\t<\/div>\n\t\t\t\t<\/div>\n\t\t<div class=\"elementor-element elementor-element-70bfd09 e-flex e-con-boxed elementor-invisible e-con e-parent\" data-id=\"70bfd09\" data-element_type=\"container\" data-e-type=\"container\" data-settings=\"{&quot;animation&quot;:&quot;fadeInRight&quot;}\">\n\t\t\t\t\t<div class=\"e-con-inner\">\n\t\t<div class=\"elementor-element elementor-element-6bb155b e-con-full e-flex e-con e-child\" data-id=\"6bb155b\" data-element_type=\"container\" data-e-type=\"container\">\n\t\t\t\t<div class=\"elementor-element elementor-element-8a6a2b6 elementor-widget elementor-widget-text-editor\" data-id=\"8a6a2b6\" data-element_type=\"widget\" data-e-type=\"widget\" data-widget_type=\"text-editor.default\">\n\t\t\t\t<div class=\"elementor-widget-container\">\n\t\t\t\t\t\t\t\t\t<p class=\"p2\">SISTEMAS DE EMBALAJE SORSA, S.A. a re\u00e7u une aide pour son projet d'\u00e9conomie d'\u00e9nergie et d'efficacit\u00e9 \u00e9nerg\u00e9tique \"Action d'efficacit\u00e9 \u00e9nerg\u00e9tique dans la fabrication de feuillards\" cofinanc\u00e9 par le Fonds europ\u00e9en de d\u00e9veloppement r\u00e9gional (FEDER), coordonn\u00e9 par l'IDAE et g\u00e9r\u00e9 par les r\u00e9gions autonomes, dans le cadre du Fonds national pour l'efficacit\u00e9 \u00e9nerg\u00e9tique, dans le but de parvenir \u00e0 une \u00e9conomie plus propre et plus durable. Un projet d'\u00e9conomie et d'efficacit\u00e9 \u00e9nerg\u00e9tique a \u00e9t\u00e9 \u00e9labor\u00e9 pour remplacer les anciens \u00e9quipements de pr\u00e9traitement et d'extrusion pour la fabrication de feuillards en PET par de nouveaux \u00e9quipements \u00e0 haute efficacit\u00e9 \u00e9nerg\u00e9tique. La collaboration des meilleurs fabricants d'\u00e9quipements du secteur a \u00e9t\u00e9 requise, ce qui nous permettra de r\u00e9aliser d'importantes \u00e9conomies d'\u00e9nergie et d'environnement. Le projet permettra d'\u00e9conomiser 41,3 tep par an.<\/p>\t\t\t\t\t\t\t\t<\/div>\n\t\t\t\t<\/div>\n\t\t\t\t<\/div>\n\t\t<div class=\"elementor-element elementor-element-a5ec72a e-con-full e-flex e-con e-child\" data-id=\"a5ec72a\" data-element_type=\"container\" data-e-type=\"container\">\n\t\t\t\t<div class=\"elementor-element elementor-element-301317f elementor-widget elementor-widget-image\" data-id=\"301317f\" data-element_type=\"widget\" data-e-type=\"widget\" data-widget_type=\"image.default\">\n\t\t\t\t<div class=\"elementor-widget-container\">\n\t\t\t\t\t\t\t\t\t\t\t\t\t\t\t\t<a href=\"https:\/\/sorsa.es\/wp-content\/uploads\/2024\/07\/Captura-de-pantalla-2024-07-17-a-les-13.45.37.jpg\" data-elementor-open-lightbox=\"yes\" data-e-action-hash=\"#elementor-action%3Aaction%3Dlightbox%26settings%3DeyJpZCI6NjA3NCwidXJsIjoiaHR0cHM6XC9cL3NvcnNhLmVzXC93cC1jb250ZW50XC91cGxvYWRzXC8yMDI0XC8wN1wvQ2FwdHVyYS1kZS1wYW50YWxsYS0yMDI0LTA3LTE3LWEtbGVzLTEzLjQ1LjM3LmpwZyJ9\">\n\t\t\t\t\t\t\t<img fetchpriority=\"high\" decoding=\"async\" width=\"800\" height=\"561\" src=\"https:\/\/sorsa.es\/wp-content\/uploads\/2024\/07\/Captura-de-pantalla-2024-07-17-a-les-13.45.37.jpg\" class=\"attachment-large size-large wp-image-6074\" alt=\"sorsa durabilit\u00e9\" srcset=\"https:\/\/sorsa.es\/wp-content\/uploads\/2024\/07\/Captura-de-pantalla-2024-07-17-a-les-13.45.37.jpg 1000w, https:\/\/sorsa.es\/wp-content\/uploads\/2024\/07\/Captura-de-pantalla-2024-07-17-a-les-13.45.37-300x210.jpg 300w, https:\/\/sorsa.es\/wp-content\/uploads\/2024\/07\/Captura-de-pantalla-2024-07-17-a-les-13.45.37-768x538.jpg 768w, https:\/\/sorsa.es\/wp-content\/uploads\/2024\/07\/Captura-de-pantalla-2024-07-17-a-les-13.45.37-18x12.jpg 18w\" sizes=\"(max-width: 800px) 100vw, 800px\" \/>\t\t\t\t\t\t\t\t<\/a>\n\t\t\t\t\t\t\t\t\t\t\t\t\t\t\t<\/div>\n\t\t\t\t<\/div>\n\t\t\t\t<\/div>\n\t\t\t\t\t<\/div>\n\t\t\t\t<\/div>\n\t\t<div class=\"elementor-element elementor-element-ad12e80 e-flex e-con-boxed elementor-invisible e-con e-parent\" data-id=\"ad12e80\" data-element_type=\"container\" data-e-type=\"container\" data-settings=\"{&quot;animation&quot;:&quot;fadeInRight&quot;}\">\n\t\t\t\t\t<div class=\"e-con-inner\">\n\t\t<div class=\"elementor-element elementor-element-56d3c2f e-con-full e-flex e-con e-child\" data-id=\"56d3c2f\" data-element_type=\"container\" data-e-type=\"container\">\n\t\t\t\t<div class=\"elementor-element elementor-element-c0918fb elementor-widget elementor-widget-image\" data-id=\"c0918fb\" data-element_type=\"widget\" data-e-type=\"widget\" data-widget_type=\"image.default\">\n\t\t\t\t<div class=\"elementor-widget-container\">\n\t\t\t\t\t\t\t\t\t\t\t\t\t\t\t\t<a href=\"https:\/\/sorsa.es\/wp-content\/uploads\/2024\/07\/Captura-de-pantalla-2024-07-17-a-les-13.47.07.jpg\" data-elementor-open-lightbox=\"yes\" data-e-action-hash=\"#elementor-action%3Aaction%3Dlightbox%26settings%3DeyJpZCI6NjA3MywidXJsIjoiaHR0cHM6XC9cL3NvcnNhLmVzXC93cC1jb250ZW50XC91cGxvYWRzXC8yMDI0XC8wN1wvQ2FwdHVyYS1kZS1wYW50YWxsYS0yMDI0LTA3LTE3LWEtbGVzLTEzLjQ3LjA3LmpwZyJ9\">\n\t\t\t\t\t\t\t<img decoding=\"async\" width=\"800\" height=\"562\" src=\"https:\/\/sorsa.es\/wp-content\/uploads\/2024\/07\/Captura-de-pantalla-2024-07-17-a-les-13.47.07.jpg\" class=\"attachment-large size-large wp-image-6073\" alt=\"\" srcset=\"https:\/\/sorsa.es\/wp-content\/uploads\/2024\/07\/Captura-de-pantalla-2024-07-17-a-les-13.47.07.jpg 1000w, https:\/\/sorsa.es\/wp-content\/uploads\/2024\/07\/Captura-de-pantalla-2024-07-17-a-les-13.47.07-300x211.jpg 300w, https:\/\/sorsa.es\/wp-content\/uploads\/2024\/07\/Captura-de-pantalla-2024-07-17-a-les-13.47.07-768x540.jpg 768w, https:\/\/sorsa.es\/wp-content\/uploads\/2024\/07\/Captura-de-pantalla-2024-07-17-a-les-13.47.07-18x12.jpg 18w\" sizes=\"(max-width: 800px) 100vw, 800px\" \/>\t\t\t\t\t\t\t\t<\/a>\n\t\t\t\t\t\t\t\t\t\t\t\t\t\t\t<\/div>\n\t\t\t\t<\/div>\n\t\t\t\t<\/div>\n\t\t<div class=\"elementor-element elementor-element-29a5ce3 e-con-full e-flex e-con e-child\" data-id=\"29a5ce3\" data-element_type=\"container\" data-e-type=\"container\">\n\t\t\t\t<div class=\"elementor-element elementor-element-02a4e50 elementor-widget elementor-widget-text-editor\" data-id=\"02a4e50\" data-element_type=\"widget\" data-e-type=\"widget\" data-widget_type=\"text-editor.default\">\n\t\t\t\t<div class=\"elementor-widget-container\">\n\t\t\t\t\t\t\t\t\t<p class=\"p2\">SISTEMAS DE EMBALAJE SORSA, S.A. a re\u00e7u une subvention pour son projet d'autoconsommation \".<i>Installation d'\u00e9nergie solaire photovolta\u00efque pour l'autoconsommation \u00e0 l'usine d'El Guixar\u00f3.<\/i>\" Le projet est cofinanc\u00e9 par le m\u00e9canisme europ\u00e9en de r\u00e9cup\u00e9ration et de r\u00e9silience PRTR-Next Generation EU, coordonn\u00e9 par le minist\u00e8re de la Transition \u00e9cologique et du D\u00e9fi d\u00e9mographique par l'interm\u00e9diaire de l'IDAE et g\u00e9r\u00e9 par les r\u00e9gions autonomes conform\u00e9ment au d\u00e9cret royal 477\/2021, dans le but de parvenir \u00e0 une \u00e9conomie plus propre et plus durable. Un projet d'autoconsommation a \u00e9t\u00e9 d\u00e9velopp\u00e9 avec des sources d'\u00e9nergie renouvelables, consistant en l'installation de panneaux photovolta\u00efques dans les installations de SISTEMAS DE EMBALAJE SORSA, S.A. \u00e0 Col\u00f2nia El Guixar\u00f3. Dans ce projet, 575 modules de 550 Wp ont \u00e9t\u00e9 install\u00e9s pour une puissance totale de 308 kW.<\/p>\t\t\t\t\t\t\t\t<\/div>\n\t\t\t\t<\/div>\n\t\t\t\t<\/div>\n\t\t\t\t\t<\/div>\n\t\t\t\t<\/div>\n\t\t<div class=\"elementor-element elementor-element-681146b e-flex e-con-boxed elementor-invisible e-con e-parent\" data-id=\"681146b\" data-element_type=\"container\" data-e-type=\"container\" data-settings=\"{&quot;animation&quot;:&quot;fadeInRight&quot;}\">\n\t\t\t\t\t<div class=\"e-con-inner\">\n\t\t<div class=\"elementor-element elementor-element-031d840 e-con-full e-flex e-con e-child\" data-id=\"031d840\" data-element_type=\"container\" data-e-type=\"container\">\n\t\t\t\t<div class=\"elementor-element elementor-element-be0c970 elementor-widget elementor-widget-image\" data-id=\"be0c970\" data-element_type=\"widget\" data-e-type=\"widget\" data-widget_type=\"image.default\">\n\t\t\t\t<div class=\"elementor-widget-container\">\n\t\t\t\t\t\t\t\t\t\t\t\t\t\t\t\t<a href=\"https:\/\/sorsa.es\/wp-content\/uploads\/2024\/12\/Publicidad_web_SORSA_211.jpg\" data-elementor-open-lightbox=\"yes\" data-e-action-hash=\"#elementor-action%3Aaction%3Dlightbox%26settings%3DeyJpZCI6NjQ2NSwidXJsIjoiaHR0cHM6XC9cL3NvcnNhLmVzXC93cC1jb250ZW50XC91cGxvYWRzXC8yMDI0XC8xMlwvUHVibGljaWRhZF93ZWJfU09SU0FfMjExLmpwZyJ9\">\n\t\t\t\t\t\t\t<img decoding=\"async\" width=\"800\" height=\"566\" src=\"https:\/\/sorsa.es\/wp-content\/uploads\/2024\/12\/Publicidad_web_SORSA_211-1024x725.jpg\" class=\"attachment-large size-large wp-image-6465\" alt=\"sorsa durabilit\u00e9\" srcset=\"https:\/\/sorsa.es\/wp-content\/uploads\/2024\/12\/Publicidad_web_SORSA_211-1024x725.jpg 1024w, https:\/\/sorsa.es\/wp-content\/uploads\/2024\/12\/Publicidad_web_SORSA_211-300x212.jpg 300w, https:\/\/sorsa.es\/wp-content\/uploads\/2024\/12\/Publicidad_web_SORSA_211-768x543.jpg 768w, https:\/\/sorsa.es\/wp-content\/uploads\/2024\/12\/Publicidad_web_SORSA_211-1536x1087.jpg 1536w, https:\/\/sorsa.es\/wp-content\/uploads\/2024\/12\/Publicidad_web_SORSA_211.jpg 1696w, https:\/\/sorsa.es\/wp-content\/uploads\/2024\/12\/Publicidad_web_SORSA_211-18x12.jpg 18w\" sizes=\"(max-width: 800px) 100vw, 800px\" \/>\t\t\t\t\t\t\t\t<\/a>\n\t\t\t\t\t\t\t\t\t\t\t\t\t\t\t<\/div>\n\t\t\t\t<\/div>\n\t\t\t\t<\/div>\n\t\t<div class=\"elementor-element elementor-element-105739d e-con-full e-flex e-con e-child\" data-id=\"105739d\" data-element_type=\"container\" data-e-type=\"container\">\n\t\t\t\t<div class=\"elementor-element elementor-element-7c85ca5 elementor-widget elementor-widget-text-editor\" data-id=\"7c85ca5\" data-element_type=\"widget\" data-e-type=\"widget\" data-widget_type=\"text-editor.default\">\n\t\t\t\t<div class=\"elementor-widget-container\">\n\t\t\t\t\t\t\t\t\t<p><span class=\"Apple-converted-space\">\u00a0<\/span>ISTEMAS DE EMBALAJE SORSA, S.A. a obtenu la certification internationale bas\u00e9e sur la norme ISO 14064 concernant le calcul de son empreinte carbone et des gaz \u00e0 effet de serre (GES), avec l'aide et le financement de l'Union europ\u00e9enne - NextGenerationEU.<span class=\"Apple-converted-space\">\u00a0<\/span><\/p>\t\t\t\t\t\t\t\t<\/div>\n\t\t\t\t<\/div>\n\t\t\t\t<\/div>\n\t\t\t\t\t<\/div>\n\t\t\t\t<\/div>\n\t\t\t\t<\/div>","protected":false},"excerpt":{"rendered":"<p>SISTEMAS DE EMBALAJE SORSA, S.A. ha recibido una ayuda para su proyecto de ahorro y eficiencia energ\u00e9tica \u201cActuaci\u00f3n de eficiencia energ\u00e9tica en la fabricaci\u00f3n de fleje\u201d cofinanciada por el Fondo Europeo de Desarrollo Regional (FEDER), coordinada por IDAE y gestionada por las autonom\u00edas, con cargo al Fondo Nacional de Eficiencia Energ\u00e9tica, con el objetivo de [&hellip;]<\/p>\n","protected":false},"author":1,"featured_media":0,"parent":0,"menu_order":0,"comment_status":"closed","ping_status":"closed","template":"elementor_header_footer","meta":{"footnotes":""},"class_list":["post-6065","page","type-page","status-publish","hentry"],"yoast_head":"<!-- This site is optimized with the Yoast SEO plugin v27.4 - https:\/\/yoast.com\/product\/yoast-seo-wordpress\/ -->\n<title>Sorsa y el fleje y flejado sostenible -<\/title>\n<meta name=\"description\" content=\"El compromiso de Sorsa con el fleje y flejado sostenible forma parte de nuestro ADN, en esta p\u00e1gina econtrar\u00e1s m\u00e1s informaci\u00f3n\" \/>\n<meta name=\"robots\" content=\"index, follow, max-snippet:-1, max-image-preview:large, max-video-preview:-1\" \/>\n<link rel=\"canonical\" href=\"https:\/\/sorsa.es\/fr\/la-durabilite\/\" \/>\n<meta property=\"og:locale\" content=\"fr_FR\" \/>\n<meta property=\"og:type\" content=\"article\" \/>\n<meta property=\"og:title\" content=\"Sorsa y el fleje y flejado sostenible -\" \/>\n<meta property=\"og:description\" content=\"El compromiso de Sorsa con el fleje y flejado sostenible forma parte de nuestro ADN, en esta p\u00e1gina econtrar\u00e1s m\u00e1s informaci\u00f3n\" \/>\n<meta property=\"og:url\" content=\"https:\/\/sorsa.es\/fr\/la-durabilite\/\" \/>\n<meta property=\"article:modified_time\" content=\"2024-12-23T09:25:37+00:00\" \/>\n<meta property=\"og:image\" content=\"https:\/\/sorsa.es\/wp-content\/uploads\/2024\/07\/Captura-de-pantalla-2024-07-17-a-les-13.45.37.jpg\" \/>\n\t<meta property=\"og:image:width\" content=\"1000\" \/>\n\t<meta property=\"og:image:height\" content=\"701\" \/>\n\t<meta property=\"og:image:type\" content=\"image\/jpeg\" \/>\n<meta name=\"twitter:card\" content=\"summary_large_image\" \/>\n<meta name=\"twitter:label1\" content=\"Dur\u00e9e de lecture estim\u00e9e\" \/>\n\t<meta name=\"twitter:data1\" content=\"2 minutes\" \/>\n<script type=\"application\/ld+json\" class=\"yoast-schema-graph\">{\"@context\":\"https:\\\/\\\/schema.org\",\"@graph\":[{\"@type\":\"WebPage\",\"@id\":\"https:\\\/\\\/sorsa.es\\\/sostenibilidad\\\/\",\"url\":\"https:\\\/\\\/sorsa.es\\\/sostenibilidad\\\/\",\"name\":\"Sorsa y el fleje y flejado sostenible -\",\"isPartOf\":{\"@id\":\"https:\\\/\\\/sorsa.es\\\/fr\\\/#website\"},\"primaryImageOfPage\":{\"@id\":\"https:\\\/\\\/sorsa.es\\\/sostenibilidad\\\/#primaryimage\"},\"image\":{\"@id\":\"https:\\\/\\\/sorsa.es\\\/sostenibilidad\\\/#primaryimage\"},\"thumbnailUrl\":\"https:\\\/\\\/sorsa.es\\\/wp-content\\\/uploads\\\/2024\\\/07\\\/Captura-de-pantalla-2024-07-17-a-les-13.45.37.jpg\",\"datePublished\":\"2024-07-17T11:41:00+00:00\",\"dateModified\":\"2024-12-23T09:25:37+00:00\",\"description\":\"El compromiso de Sorsa con el fleje y flejado sostenible forma parte de nuestro ADN, en esta p\u00e1gina econtrar\u00e1s m\u00e1s informaci\u00f3n\",\"breadcrumb\":{\"@id\":\"https:\\\/\\\/sorsa.es\\\/sostenibilidad\\\/#breadcrumb\"},\"inLanguage\":\"fr-FR\",\"potentialAction\":[{\"@type\":\"ReadAction\",\"target\":[\"https:\\\/\\\/sorsa.es\\\/sostenibilidad\\\/\"]}]},{\"@type\":\"ImageObject\",\"inLanguage\":\"fr-FR\",\"@id\":\"https:\\\/\\\/sorsa.es\\\/sostenibilidad\\\/#primaryimage\",\"url\":\"https:\\\/\\\/sorsa.es\\\/wp-content\\\/uploads\\\/2024\\\/07\\\/Captura-de-pantalla-2024-07-17-a-les-13.45.37.jpg\",\"contentUrl\":\"https:\\\/\\\/sorsa.es\\\/wp-content\\\/uploads\\\/2024\\\/07\\\/Captura-de-pantalla-2024-07-17-a-les-13.45.37.jpg\"},{\"@type\":\"BreadcrumbList\",\"@id\":\"https:\\\/\\\/sorsa.es\\\/sostenibilidad\\\/#breadcrumb\",\"itemListElement\":[{\"@type\":\"ListItem\",\"position\":1,\"name\":\"Portada\",\"item\":\"https:\\\/\\\/sorsa.es\\\/\"},{\"@type\":\"ListItem\",\"position\":2,\"name\":\"Sostenibilidad\"}]},{\"@type\":\"WebSite\",\"@id\":\"https:\\\/\\\/sorsa.es\\\/fr\\\/#website\",\"url\":\"https:\\\/\\\/sorsa.es\\\/fr\\\/\",\"name\":\"sorsa.es\",\"description\":\"\",\"publisher\":{\"@id\":\"https:\\\/\\\/sorsa.es\\\/fr\\\/#organization\"},\"potentialAction\":[{\"@type\":\"SearchAction\",\"target\":{\"@type\":\"EntryPoint\",\"urlTemplate\":\"https:\\\/\\\/sorsa.es\\\/fr\\\/?s={search_term_string}\"},\"query-input\":{\"@type\":\"PropertyValueSpecification\",\"valueRequired\":true,\"valueName\":\"search_term_string\"}}],\"inLanguage\":\"fr-FR\"},{\"@type\":\"Organization\",\"@id\":\"https:\\\/\\\/sorsa.es\\\/fr\\\/#organization\",\"name\":\"Sistemas de Embalaje Sorsa\",\"url\":\"https:\\\/\\\/sorsa.es\\\/fr\\\/\",\"logo\":{\"@type\":\"ImageObject\",\"inLanguage\":\"fr-FR\",\"@id\":\"https:\\\/\\\/sorsa.es\\\/fr\\\/#\\\/schema\\\/logo\\\/image\\\/\",\"url\":\"https:\\\/\\\/sorsa.es\\\/wp-content\\\/uploads\\\/2022\\\/06\\\/logo-sorsa-1.png\",\"contentUrl\":\"https:\\\/\\\/sorsa.es\\\/wp-content\\\/uploads\\\/2022\\\/06\\\/logo-sorsa-1.png\",\"width\":385,\"height\":85,\"caption\":\"Sistemas de Embalaje Sorsa\"},\"image\":{\"@id\":\"https:\\\/\\\/sorsa.es\\\/fr\\\/#\\\/schema\\\/logo\\\/image\\\/\"},\"sameAs\":[\"https:\\\/\\\/es.linkedin.com\\\/company\\\/sistemas-de-embalaje-sorsa-s-a-\"]}]}<\/script>\n<!-- \/ Yoast SEO plugin. -->","yoast_head_json":{"title":"Sorsa et cerclage durable et cerclage -","description":"L'engagement de Sorsa pour des cerclages durables fait partie de notre ADN, sur cette page vous trouverez plus d'informations.","robots":{"index":"index","follow":"follow","max-snippet":"max-snippet:-1","max-image-preview":"max-image-preview:large","max-video-preview":"max-video-preview:-1"},"canonical":"https:\/\/sorsa.es\/fr\/la-durabilite\/","og_locale":"fr_FR","og_type":"article","og_title":"Sorsa y el fleje y flejado sostenible -","og_description":"El compromiso de Sorsa con el fleje y flejado sostenible forma parte de nuestro ADN, en esta p\u00e1gina econtrar\u00e1s m\u00e1s informaci\u00f3n","og_url":"https:\/\/sorsa.es\/fr\/la-durabilite\/","article_modified_time":"2024-12-23T09:25:37+00:00","og_image":[{"width":1000,"height":701,"url":"https:\/\/sorsa.es\/wp-content\/uploads\/2024\/07\/Captura-de-pantalla-2024-07-17-a-les-13.45.37.jpg","type":"image\/jpeg"}],"twitter_card":"summary_large_image","twitter_misc":{"Dur\u00e9e de lecture estim\u00e9e":"2 minutes"},"schema":{"@context":"https:\/\/schema.org","@graph":[{"@type":"WebPage","@id":"https:\/\/sorsa.es\/sostenibilidad\/","url":"https:\/\/sorsa.es\/sostenibilidad\/","name":"Sorsa et cerclage durable et cerclage -","isPartOf":{"@id":"https:\/\/sorsa.es\/fr\/#website"},"primaryImageOfPage":{"@id":"https:\/\/sorsa.es\/sostenibilidad\/#primaryimage"},"image":{"@id":"https:\/\/sorsa.es\/sostenibilidad\/#primaryimage"},"thumbnailUrl":"https:\/\/sorsa.es\/wp-content\/uploads\/2024\/07\/Captura-de-pantalla-2024-07-17-a-les-13.45.37.jpg","datePublished":"2024-07-17T11:41:00+00:00","dateModified":"2024-12-23T09:25:37+00:00","description":"L'engagement de Sorsa pour des cerclages durables fait partie de notre ADN, sur cette page vous trouverez plus d'informations.","breadcrumb":{"@id":"https:\/\/sorsa.es\/sostenibilidad\/#breadcrumb"},"inLanguage":"fr-FR","potentialAction":[{"@type":"ReadAction","target":["https:\/\/sorsa.es\/sostenibilidad\/"]}]},{"@type":"ImageObject","inLanguage":"fr-FR","@id":"https:\/\/sorsa.es\/sostenibilidad\/#primaryimage","url":"https:\/\/sorsa.es\/wp-content\/uploads\/2024\/07\/Captura-de-pantalla-2024-07-17-a-les-13.45.37.jpg","contentUrl":"https:\/\/sorsa.es\/wp-content\/uploads\/2024\/07\/Captura-de-pantalla-2024-07-17-a-les-13.45.37.jpg"},{"@type":"BreadcrumbList","@id":"https:\/\/sorsa.es\/sostenibilidad\/#breadcrumb","itemListElement":[{"@type":"ListItem","position":1,"name":"Portada","item":"https:\/\/sorsa.es\/"},{"@type":"ListItem","position":2,"name":"Sostenibilidad"}]},{"@type":"WebSite","@id":"https:\/\/sorsa.es\/fr\/#website","url":"https:\/\/sorsa.es\/fr\/","name":"sorsa.co.uk","description":"","publisher":{"@id":"https:\/\/sorsa.es\/fr\/#organization"},"potentialAction":[{"@type":"SearchAction","target":{"@type":"EntryPoint","urlTemplate":"https:\/\/sorsa.es\/fr\/?s={search_term_string}"},"query-input":{"@type":"PropertyValueSpecification","valueRequired":true,"valueName":"search_term_string"}}],"inLanguage":"fr-FR"},{"@type":"Organization","@id":"https:\/\/sorsa.es\/fr\/#organization","name":"Syst\u00e8mes d'emballage Sorsa","url":"https:\/\/sorsa.es\/fr\/","logo":{"@type":"ImageObject","inLanguage":"fr-FR","@id":"https:\/\/sorsa.es\/fr\/#\/schema\/logo\/image\/","url":"https:\/\/sorsa.es\/wp-content\/uploads\/2022\/06\/logo-sorsa-1.png","contentUrl":"https:\/\/sorsa.es\/wp-content\/uploads\/2022\/06\/logo-sorsa-1.png","width":385,"height":85,"caption":"Sistemas de Embalaje Sorsa"},"image":{"@id":"https:\/\/sorsa.es\/fr\/#\/schema\/logo\/image\/"},"sameAs":["https:\/\/es.linkedin.com\/company\/sistemas-de-embalaje-sorsa-s-a-"]}]}},"_links":{"self":[{"href":"https:\/\/sorsa.es\/fr\/wp-json\/wp\/v2\/pages\/6065","targetHints":{"allow":["GET"]}}],"collection":[{"href":"https:\/\/sorsa.es\/fr\/wp-json\/wp\/v2\/pages"}],"about":[{"href":"https:\/\/sorsa.es\/fr\/wp-json\/wp\/v2\/types\/page"}],"author":[{"embeddable":true,"href":"https:\/\/sorsa.es\/fr\/wp-json\/wp\/v2\/users\/1"}],"replies":[{"embeddable":true,"href":"https:\/\/sorsa.es\/fr\/wp-json\/wp\/v2\/comments?post=6065"}],"version-history":[{"count":4,"href":"https:\/\/sorsa.es\/fr\/wp-json\/wp\/v2\/pages\/6065\/revisions"}],"predecessor-version":[{"id":6468,"href":"https:\/\/sorsa.es\/fr\/wp-json\/wp\/v2\/pages\/6065\/revisions\/6468"}],"wp:attachment":[{"href":"https:\/\/sorsa.es\/fr\/wp-json\/wp\/v2\/media?parent=6065"}],"curies":[{"name":"wp","href":"https:\/\/api.w.org\/{rel}","templated":true}]}}