{"id":6757,"date":"2025-07-21T09:38:19","date_gmt":"2025-07-21T09:38:19","guid":{"rendered":"https:\/\/sorsa.es\/?page_id=6757"},"modified":"2025-07-24T16:44:38","modified_gmt":"2025-07-24T16:44:38","slug":"verification-des-sangles","status":"publish","type":"page","link":"https:\/\/sorsa.es\/fr\/auditoria-fleje\/","title":{"rendered":"Audit de cerclage"},"content":{"rendered":"<div data-elementor-type=\"wp-page\" data-elementor-id=\"6757\" class=\"elementor elementor-6757\" data-elementor-post-type=\"page\">\n\t\t\t\t<div class=\"elementor-element elementor-element-b4b59a6 e-flex e-con-boxed e-con e-parent\" data-id=\"b4b59a6\" data-element_type=\"container\" data-e-type=\"container\" data-settings=\"{&quot;background_background&quot;:&quot;classic&quot;}\">\n\t\t\t\t\t<div class=\"e-con-inner\">\n\t\t\t\t<div class=\"elementor-element elementor-element-b179750 elementor-widget elementor-widget-theme-post-title elementor-page-title elementor-widget-heading\" data-id=\"b179750\" data-element_type=\"widget\" data-e-type=\"widget\" data-widget_type=\"theme-post-title.default\">\n\t\t\t\t<div class=\"elementor-widget-container\">\n\t\t\t\t\t<h1 class=\"elementor-heading-title elementor-size-default\">Audit de cerclage<\/h1>\t\t\t\t<\/div>\n\t\t\t\t<\/div>\n\t\t\t\t\t<\/div>\n\t\t\t\t<\/div>\n\t\t<div class=\"elementor-element elementor-element-1972ef9 e-flex e-con-boxed e-con e-parent\" data-id=\"1972ef9\" data-element_type=\"container\" data-e-type=\"container\">\n\t\t\t\t\t<div class=\"e-con-inner\">\n\t\t\t\t<div class=\"elementor-element elementor-element-6959c9f elementor-widget__width-initial animated-slow elementor-invisible elementor-widget elementor-widget-heading\" data-id=\"6959c9f\" data-element_type=\"widget\" data-e-type=\"widget\" data-settings=\"{&quot;_animation&quot;:&quot;fadeIn&quot;}\" data-widget_type=\"heading.default\">\n\t\t\t\t<div class=\"elementor-widget-container\">\n\t\t\t\t\t<h2 class=\"elementor-heading-title elementor-size-default\"><a href=\"#elementor-action%3Aaction%3Dpopup%3Aopen%26settings%3DeyJpZCI6IjEzMSIsInRvZ2dsZSI6ZmFsc2V9\">Demandez votre audit de cerclage gratuit <\/a><\/h2>\t\t\t\t<\/div>\n\t\t\t\t<\/div>\n\t\t\t\t\t<\/div>\n\t\t\t\t<\/div>\n\t\t<div class=\"elementor-element elementor-element-757f268 e-flex e-con-boxed e-con e-parent\" data-id=\"757f268\" data-element_type=\"container\" data-e-type=\"container\">\n\t\t\t\t\t<div class=\"e-con-inner\">\n\t\t<div class=\"elementor-element elementor-element-178fde5 e-con-full e-flex e-con e-child\" data-id=\"178fde5\" data-element_type=\"container\" data-e-type=\"container\">\n\t\t\t\t<div class=\"elementor-element elementor-element-6919876 elementor-widget elementor-widget-text-editor\" data-id=\"6919876\" data-element_type=\"widget\" data-e-type=\"widget\" data-widget_type=\"text-editor.default\">\n\t\t\t\t<div class=\"elementor-widget-container\">\n\t\t\t\t\t\t\t\t\t<p>Chez SORSA, nous poss\u00e9dons une vaste exp\u00e9rience en mati\u00e8re d&#039;optimisation de la consommation de feuillard. Au fil des ans, nous avons constat\u00e9 que nombre de nos clients ach\u00e8tent du feuillard d\u00e9passant leurs besoins r\u00e9els, ce qui entra\u00eene des d\u00e9penses inutiles. Ces feuillards surdimensionn\u00e9s repr\u00e9sentent non seulement un co\u00fbt suppl\u00e9mentaire, mais peuvent \u00e9galement ne pas \u00eatre la meilleure option en termes de r\u00e9sistance et d&#039;efficacit\u00e9 pour leurs applications sp\u00e9cifiques.<\/p><p>Nous r\u00e9aliserons des \u00e9tudes de r\u00e9sistance sur le cerclage que vous utilisez actuellement. Ces \u00e9tudes nous permettront d&#039;\u00e9valuer si le cerclage que vous utilisez est adapt\u00e9 \u00e0 vos applications et s&#039;il existe une option plus \u00e9conomique offrant la m\u00eame qualit\u00e9 et la m\u00eame durabilit\u00e9.<\/p>\t\t\t\t\t\t\t\t<\/div>\n\t\t\t\t<\/div>\n\t\t\t\t<div class=\"elementor-element elementor-element-421ea02 elementor-widget elementor-widget-button\" data-id=\"421ea02\" data-element_type=\"widget\" data-e-type=\"widget\" data-widget_type=\"button.default\">\n\t\t\t\t<div class=\"elementor-widget-container\">\n\t\t\t\t\t\t\t\t\t<div class=\"elementor-button-wrapper\">\n\t\t\t\t\t<a class=\"elementor-button elementor-button-link elementor-size-sm\" href=\"#elementor-action%3Aaction%3Dpopup%3Aopen%26settings%3DeyJpZCI6IjEzMSIsInRvZ2dsZSI6ZmFsc2V9\">\n\t\t\t\t\t\t<span class=\"elementor-button-content-wrapper\">\n\t\t\t\t\t\t\t\t\t<span class=\"elementor-button-text\">Demandez un audit gratuit<\/span>\n\t\t\t\t\t<\/span>\n\t\t\t\t\t<\/a>\n\t\t\t\t<\/div>\n\t\t\t\t\t\t\t\t<\/div>\n\t\t\t\t<\/div>\n\t\t\t\t<\/div>\n\t\t<div class=\"elementor-element elementor-element-01e288d e-con-full e-flex e-con e-child\" data-id=\"01e288d\" data-element_type=\"container\" data-e-type=\"container\">\n\t\t\t\t<div class=\"elementor-element elementor-element-7711ca0 elementor-widget elementor-widget-heading\" data-id=\"7711ca0\" data-element_type=\"widget\" data-e-type=\"widget\" data-widget_type=\"heading.default\">\n\t\t\t\t<div class=\"elementor-widget-container\">\n\t\t\t\t\t<h2 class=\"elementor-heading-title elementor-size-default\">L&#039;audit comprend :<\/h2>\t\t\t\t<\/div>\n\t\t\t\t<\/div>\n\t\t\t\t<div class=\"elementor-element elementor-element-cf3f735 elementor-widget elementor-widget-image\" data-id=\"cf3f735\" data-element_type=\"widget\" data-e-type=\"widget\" data-widget_type=\"image.default\">\n\t\t\t\t<div class=\"elementor-widget-container\">\n\t\t\t\t\t\t\t\t\t\t\t\t\t\t\t\t<a href=\"#elementor-action%3Aaction%3Dpopup%3Aopen%26settings%3DeyJpZCI6IjEzMSIsInRvZ2dsZSI6ZmFsc2V9\">\n\t\t\t\t\t\t\t<img fetchpriority=\"high\" decoding=\"async\" width=\"800\" height=\"629\" src=\"https:\/\/sorsa.es\/wp-content\/uploads\/2025\/07\/esquema.png\" class=\"attachment-large size-large wp-image-6764\" alt=\"\" srcset=\"https:\/\/sorsa.es\/wp-content\/uploads\/2025\/07\/esquema.png 1024w, https:\/\/sorsa.es\/wp-content\/uploads\/2025\/07\/esquema-300x236.png 300w, https:\/\/sorsa.es\/wp-content\/uploads\/2025\/07\/esquema-768x604.png 768w, https:\/\/sorsa.es\/wp-content\/uploads\/2025\/07\/esquema-15x12.png 15w\" sizes=\"(max-width: 800px) 100vw, 800px\" \/>\t\t\t\t\t\t\t\t<\/a>\n\t\t\t\t\t\t\t\t\t\t\t\t\t\t\t<\/div>\n\t\t\t\t<\/div>\n\t\t\t\t<\/div>\n\t\t\t\t\t<\/div>\n\t\t\t\t<\/div>\n\t\t\t\t<\/div>","protected":false},"excerpt":{"rendered":"<p>Solicita tu auditoria de fleje gratuita En SORSA, contamos con una amplia experiencia en la optimizaci\u00f3n del consumo de fleje. A lo largo de los a\u00f1os, hemos observado que muchos de nuestros clientes compran flejes que exceden sus necesidades reales, lo cual resulta en un gasto innecesario. Estos flejes sobredimensionados no solo representan un costo [&hellip;]<\/p>\n","protected":false},"author":1,"featured_media":1158,"parent":0,"menu_order":0,"comment_status":"closed","ping_status":"closed","template":"elementor_header_footer","meta":{"footnotes":""},"class_list":["post-6757","page","type-page","status-publish","has-post-thumbnail","hentry"],"yoast_head":"<!-- This site is optimized with the Yoast SEO plugin v27.2 - https:\/\/yoast.com\/product\/yoast-seo-wordpress\/ -->\n<title>Contacta con Sorsa -<\/title>\n<meta name=\"description\" content=\"Te facilitamos todos los medios de contacto de Sorsa para que puedas hacerlo de forma f\u00e1cil y c\u00f3moda con todas nuestras sedes.\" \/>\n<meta name=\"robots\" content=\"index, follow, max-snippet:-1, max-image-preview:large, max-video-preview:-1\" \/>\n<link rel=\"canonical\" href=\"https:\/\/sorsa.es\/fr\/verification-des-sangles\/\" \/>\n<meta property=\"og:locale\" content=\"fr_FR\" \/>\n<meta property=\"og:type\" content=\"article\" \/>\n<meta property=\"og:title\" content=\"Contacta con Sorsa -\" \/>\n<meta property=\"og:description\" content=\"Te facilitamos todos los medios de contacto de Sorsa para que puedas hacerlo de forma f\u00e1cil y c\u00f3moda con todas nuestras sedes.\" \/>\n<meta property=\"og:url\" content=\"https:\/\/sorsa.es\/fr\/verification-des-sangles\/\" \/>\n<meta property=\"article:modified_time\" content=\"2025-07-24T16:44:38+00:00\" \/>\n<meta property=\"og:image\" content=\"https:\/\/sorsa.es\/wp-content\/uploads\/2022\/07\/OFICINA_COMERCIAL_1-copia.jpg\" \/>\n\t<meta property=\"og:image:width\" content=\"1200\" \/>\n\t<meta property=\"og:image:height\" content=\"675\" \/>\n\t<meta property=\"og:image:type\" content=\"image\/jpeg\" \/>\n<meta name=\"twitter:card\" content=\"summary_large_image\" \/>\n<meta name=\"twitter:label1\" content=\"Dur\u00e9e de lecture estim\u00e9e\" \/>\n\t<meta name=\"twitter:data1\" content=\"1 minute\" \/>\n<script type=\"application\/ld+json\" class=\"yoast-schema-graph\">{\"@context\":\"https:\/\/schema.org\",\"@graph\":[{\"@type\":\"WebPage\",\"@id\":\"https:\/\/sorsa.es\/auditoria-fleje\/\",\"url\":\"https:\/\/sorsa.es\/auditoria-fleje\/\",\"name\":\"Contacta con Sorsa -\",\"isPartOf\":{\"@id\":\"https:\/\/sorsa.es\/fr\/#website\"},\"primaryImageOfPage\":{\"@id\":\"https:\/\/sorsa.es\/auditoria-fleje\/#primaryimage\"},\"image\":{\"@id\":\"https:\/\/sorsa.es\/auditoria-fleje\/#primaryimage\"},\"thumbnailUrl\":\"https:\/\/sorsa.es\/wp-content\/uploads\/2022\/07\/OFICINA_COMERCIAL_1-copia.jpg\",\"datePublished\":\"2025-07-21T09:38:19+00:00\",\"dateModified\":\"2025-07-24T16:44:38+00:00\",\"description\":\"Te facilitamos todos los medios de contacto de Sorsa para que puedas hacerlo de forma f\u00e1cil y c\u00f3moda con todas nuestras sedes.\",\"breadcrumb\":{\"@id\":\"https:\/\/sorsa.es\/auditoria-fleje\/#breadcrumb\"},\"inLanguage\":\"fr-FR\",\"potentialAction\":[{\"@type\":\"ReadAction\",\"target\":[\"https:\/\/sorsa.es\/auditoria-fleje\/\"]}]},{\"@type\":\"ImageObject\",\"inLanguage\":\"fr-FR\",\"@id\":\"https:\/\/sorsa.es\/auditoria-fleje\/#primaryimage\",\"url\":\"https:\/\/sorsa.es\/wp-content\/uploads\/2022\/07\/OFICINA_COMERCIAL_1-copia.jpg\",\"contentUrl\":\"https:\/\/sorsa.es\/wp-content\/uploads\/2022\/07\/OFICINA_COMERCIAL_1-copia.jpg\",\"width\":1200,\"height\":675,\"caption\":\"sorsa, contacto\"},{\"@type\":\"BreadcrumbList\",\"@id\":\"https:\/\/sorsa.es\/auditoria-fleje\/#breadcrumb\",\"itemListElement\":[{\"@type\":\"ListItem\",\"position\":1,\"name\":\"Portada\",\"item\":\"https:\/\/sorsa.es\/\"},{\"@type\":\"ListItem\",\"position\":2,\"name\":\"Auditor\u00eda fleje\"}]},{\"@type\":\"WebSite\",\"@id\":\"https:\/\/sorsa.es\/fr\/#website\",\"url\":\"https:\/\/sorsa.es\/fr\/\",\"name\":\"sorsa.es\",\"description\":\"\",\"publisher\":{\"@id\":\"https:\/\/sorsa.es\/fr\/#organization\"},\"potentialAction\":[{\"@type\":\"SearchAction\",\"target\":{\"@type\":\"EntryPoint\",\"urlTemplate\":\"https:\/\/sorsa.es\/fr\/?s={search_term_string}\"},\"query-input\":{\"@type\":\"PropertyValueSpecification\",\"valueRequired\":true,\"valueName\":\"search_term_string\"}}],\"inLanguage\":\"fr-FR\"},{\"@type\":\"Organization\",\"@id\":\"https:\/\/sorsa.es\/fr\/#organization\",\"name\":\"Sistemas de Embalaje Sorsa\",\"url\":\"https:\/\/sorsa.es\/fr\/\",\"logo\":{\"@type\":\"ImageObject\",\"inLanguage\":\"fr-FR\",\"@id\":\"https:\/\/sorsa.es\/fr\/#\/schema\/logo\/image\/\",\"url\":\"https:\/\/sorsa.es\/wp-content\/uploads\/2022\/06\/logo-sorsa-1.png\",\"contentUrl\":\"https:\/\/sorsa.es\/wp-content\/uploads\/2022\/06\/logo-sorsa-1.png\",\"width\":385,\"height\":85,\"caption\":\"Sistemas de Embalaje Sorsa\"},\"image\":{\"@id\":\"https:\/\/sorsa.es\/fr\/#\/schema\/logo\/image\/\"},\"sameAs\":[\"https:\/\/es.linkedin.com\/company\/sistemas-de-embalaje-sorsa-s-a-\"]}]}<\/script>\n<!-- \/ Yoast SEO plugin. -->","yoast_head_json":{"title":"Contact avec Sorsa -","description":"Nous mettons \u00e0 votre disposition tous les moyens de contacter Sorsa afin que vous puissiez le faire facilement et confortablement avec tous nos bureaux.","robots":{"index":"index","follow":"follow","max-snippet":"max-snippet:-1","max-image-preview":"max-image-preview:large","max-video-preview":"max-video-preview:-1"},"canonical":"https:\/\/sorsa.es\/fr\/verification-des-sangles\/","og_locale":"fr_FR","og_type":"article","og_title":"Contacta con Sorsa -","og_description":"Te facilitamos todos los medios de contacto de Sorsa para que puedas hacerlo de forma f\u00e1cil y c\u00f3moda con todas nuestras sedes.","og_url":"https:\/\/sorsa.es\/fr\/verification-des-sangles\/","article_modified_time":"2025-07-24T16:44:38+00:00","og_image":[{"width":1200,"height":675,"url":"https:\/\/sorsa.es\/wp-content\/uploads\/2022\/07\/OFICINA_COMERCIAL_1-copia.jpg","type":"image\/jpeg"}],"twitter_card":"summary_large_image","twitter_misc":{"Dur\u00e9e de lecture estim\u00e9e":"1 minute"},"schema":{"@context":"https:\/\/schema.org","@graph":[{"@type":"WebPage","@id":"https:\/\/sorsa.es\/auditoria-fleje\/","url":"https:\/\/sorsa.es\/auditoria-fleje\/","name":"Contact avec Sorsa -","isPartOf":{"@id":"https:\/\/sorsa.es\/fr\/#website"},"primaryImageOfPage":{"@id":"https:\/\/sorsa.es\/auditoria-fleje\/#primaryimage"},"image":{"@id":"https:\/\/sorsa.es\/auditoria-fleje\/#primaryimage"},"thumbnailUrl":"https:\/\/sorsa.es\/wp-content\/uploads\/2022\/07\/OFICINA_COMERCIAL_1-copia.jpg","datePublished":"2025-07-21T09:38:19+00:00","dateModified":"2025-07-24T16:44:38+00:00","description":"Nous mettons \u00e0 votre disposition tous les moyens de contacter Sorsa afin que vous puissiez le faire facilement et confortablement avec tous nos bureaux.","breadcrumb":{"@id":"https:\/\/sorsa.es\/auditoria-fleje\/#breadcrumb"},"inLanguage":"fr-FR","potentialAction":[{"@type":"ReadAction","target":["https:\/\/sorsa.es\/auditoria-fleje\/"]}]},{"@type":"ImageObject","inLanguage":"fr-FR","@id":"https:\/\/sorsa.es\/auditoria-fleje\/#primaryimage","url":"https:\/\/sorsa.es\/wp-content\/uploads\/2022\/07\/OFICINA_COMERCIAL_1-copia.jpg","contentUrl":"https:\/\/sorsa.es\/wp-content\/uploads\/2022\/07\/OFICINA_COMERCIAL_1-copia.jpg","width":1200,"height":675,"caption":"sorsa, contacto"},{"@type":"BreadcrumbList","@id":"https:\/\/sorsa.es\/auditoria-fleje\/#breadcrumb","itemListElement":[{"@type":"ListItem","position":1,"name":"Portada","item":"https:\/\/sorsa.es\/"},{"@type":"ListItem","position":2,"name":"Auditor\u00eda fleje"}]},{"@type":"WebSite","@id":"https:\/\/sorsa.es\/fr\/#website","url":"https:\/\/sorsa.es\/fr\/","name":"sorsa.co.uk","description":"","publisher":{"@id":"https:\/\/sorsa.es\/fr\/#organization"},"potentialAction":[{"@type":"SearchAction","target":{"@type":"EntryPoint","urlTemplate":"https:\/\/sorsa.es\/fr\/?s={search_term_string}"},"query-input":{"@type":"PropertyValueSpecification","valueRequired":true,"valueName":"search_term_string"}}],"inLanguage":"fr-FR"},{"@type":"Organization","@id":"https:\/\/sorsa.es\/fr\/#organization","name":"Syst\u00e8mes d'emballage Sorsa","url":"https:\/\/sorsa.es\/fr\/","logo":{"@type":"ImageObject","inLanguage":"fr-FR","@id":"https:\/\/sorsa.es\/fr\/#\/schema\/logo\/image\/","url":"https:\/\/sorsa.es\/wp-content\/uploads\/2022\/06\/logo-sorsa-1.png","contentUrl":"https:\/\/sorsa.es\/wp-content\/uploads\/2022\/06\/logo-sorsa-1.png","width":385,"height":85,"caption":"Sistemas de Embalaje Sorsa"},"image":{"@id":"https:\/\/sorsa.es\/fr\/#\/schema\/logo\/image\/"},"sameAs":["https:\/\/es.linkedin.com\/company\/sistemas-de-embalaje-sorsa-s-a-"]}]}},"_links":{"self":[{"href":"https:\/\/sorsa.es\/fr\/wp-json\/wp\/v2\/pages\/6757","targetHints":{"allow":["GET"]}}],"collection":[{"href":"https:\/\/sorsa.es\/fr\/wp-json\/wp\/v2\/pages"}],"about":[{"href":"https:\/\/sorsa.es\/fr\/wp-json\/wp\/v2\/types\/page"}],"author":[{"embeddable":true,"href":"https:\/\/sorsa.es\/fr\/wp-json\/wp\/v2\/users\/1"}],"replies":[{"embeddable":true,"href":"https:\/\/sorsa.es\/fr\/wp-json\/wp\/v2\/comments?post=6757"}],"version-history":[{"count":22,"href":"https:\/\/sorsa.es\/fr\/wp-json\/wp\/v2\/pages\/6757\/revisions"}],"predecessor-version":[{"id":6783,"href":"https:\/\/sorsa.es\/fr\/wp-json\/wp\/v2\/pages\/6757\/revisions\/6783"}],"wp:featuredmedia":[{"embeddable":true,"href":"https:\/\/sorsa.es\/fr\/wp-json\/wp\/v2\/media\/1158"}],"wp:attachment":[{"href":"https:\/\/sorsa.es\/fr\/wp-json\/wp\/v2\/media?parent=6757"}],"curies":[{"name":"wp","href":"https:\/\/api.w.org\/{rel}","templated":true}]}}